
{"id":14912,"date":"2023-10-29T14:20:10","date_gmt":"2023-10-29T14:20:10","guid":{"rendered":"https:\/\/azurefilm.com\/product\/unset-pla-strongman\/"},"modified":"2026-01-10T15:14:04","modified_gmt":"2026-01-10T15:14:04","slug":"unset-pla-strongman","status":"publish","type":"product","link":"https:\/\/azurefilm.com\/sl\/izdelek\/unset-pla-strongman\/","title":{"rendered":"Unset PLA Strongman"},"content":{"rendered":"<h2><b>PLA Strongman<\/b><\/h2>\n<p><span style=\"font-weight: 400;\">Predstavljamo na\u0161 PLA Strongman filament \u2013 <\/span><b>edinstven material<\/b><span style=\"font-weight: 400;\">, ki je <\/span><b> trden, odporen proti udarcem<\/b><span style=\"font-weight: 400;\"> in <\/span><b>enostaven za tiskanje. <\/b><span style=\"font-weight: 400;\">Pred na\u0161im PLA Strongmanom na trgu ni bilo nobenega drugega filamenta, ki bi ga bilo tako enostavno tiskati kot PLA, hkrati pa bi imel mo\u010dne lastnosti, kot sta izbolj\u0161ana trdnost in odpornost. Zdru\u017eili smo mo\u010di z eno najbolj\u0161ih univerz za karakterizacijo polimerov in ustvarili ta izjemen filament, ki je zdaj <\/span><b>one of the<\/b> <b>eden najbolje prodajanih materialov<\/b><span style=\"font-weight: 400;\">.<\/span><\/p>\n<h2><b>Unset PLA Strongman<\/b><\/h2>\n<p><span style=\"font-weight: 400;\">AzureFilm Unset filamenti vam omogo\u010dajo, da izberete <\/span><b>ekolo\u0161ko mo\u017enost<\/b><span style=\"font-weight: 400;\"> za svoje prihajajo\u010de projekte. Ti <\/span><b>okolju prijazni filamenti<\/b><span style=\"font-weight: 400;\"> so ustvarjeni iz odve\u010dnih materialov med na\u0161imi proizvodnimi procesi, zaradi \u010desar so trajnostna izbira. Z uporabo <\/span><b>100 % recikliranih materialov<\/b><span style=\"font-weight: 400;\"> Unset filamenti prispevajo k zmanj\u0161anju odpadkov. Vsako naro\u010dilo prina\u0161a edinstveno barvo.<\/span><\/p>\n<p><span style=\"font-weight: 400;\">\u010ce \u017eelite izvedeti ve\u010d o PLA filamentih, preberite na\u0161 <a href=\"https:\/\/azurefilm.com\/sl\/2023\/07\/04\/pla-filamenti\/\" target=\"_blank\" rel=\"noopener\">blog<\/a>. <\/span><\/p>\n<p><span style=\"font-weight: 400;\">Tukaj lahko dostopate do <a href=\"https:\/\/azurefilm.com\/sl\/technical-data-sheets\/\" target=\"_blank\" rel=\"noopener\">tehni\u010dnega lista<\/a>.<\/span><\/p>\n<h3><strong>Priporo\u010dila za tiskanje:<\/strong><\/h3>\n<ul>\n<li style=\"font-weight: 400;\" aria-level=\"1\"><span style=\"font-weight: 400;\">Za najbolj\u0161e rezultate tiskajte pri temperaturi 200\u2013230 \u00b0C.* <\/span><\/li>\n<li style=\"font-weight: 400;\" aria-level=\"1\"><span style=\"font-weight: 400;\">Priporo\u010dena temperatura grelne mize je 50\u201360 \u00b0C.<\/span><\/li>\n<li style=\"font-weight: 400;\" aria-level=\"1\"><span style=\"font-weight: 400;\">Uporabite stekleno plo\u0161\u010do, PEI folijo, kapton ali modri trak za tiskalno povr\u0161ino s pr\u0161ilom 3Dlac.<\/span><\/li>\n<\/ul>\n<p><i><span style=\"font-weight: 400;\">*Idealna temperatura se lahko razlikuje pri uporabi razli\u010dnih tiskalnikov.<\/span><\/i><\/p>\n","protected":false},"excerpt":{"rendered":"<p>Prispevajte k trajnostnemu na\u010dinu \u017eivljenja in si priskrbite na\u0161 recikliran Unset PLA Strongman.<\/p>\n","protected":false},"featured_media":114547,"comment_status":"closed","ping_status":"closed","template":"","meta":{"_acf_changed":false},"product_brand":[],"product_cat":[694,659,1564,685,732,725,661,759],"product_tag":[1524,1532,1528],"brand":[],"class_list":{"0":"post-14912","1":"product","2":"type-product","3":"status-publish","4":"has-post-thumbnail","6":"product_cat-pla-strongman-sl","7":"product_cat-3d-filamenti","8":"product_cat-eko-filament-za-ekolosko-3d-tiskanje","9":"product_cat-pla-filament-sl","10":"product_cat-unset-pla-strongman-sl","11":"product_cat-unset-reciklirani-filament","12":"product_cat-vsi-filamenti","13":"product_cat-znizano","14":"product_tag-eko","15":"product_tag-high-speed","16":"product_tag-nakljucna-barva","17":"pa_colour-random","18":"pa_filament-diameter-1-75mm","19":"pa_filament-weight-1000g","21":"first","22":"instock","23":"sale","24":"taxable","25":"shipping-taxable","26":"purchasable","27":"product-type-variable","28":"has-default-attributes"},"acf":[],"_links":{"self":[{"href":"https:\/\/azurefilm.com\/sl\/wp-json\/wp\/v2\/product\/14912","targetHints":{"allow":["GET"]}}],"collection":[{"href":"https:\/\/azurefilm.com\/sl\/wp-json\/wp\/v2\/product"}],"about":[{"href":"https:\/\/azurefilm.com\/sl\/wp-json\/wp\/v2\/types\/product"}],"replies":[{"embeddable":true,"href":"https:\/\/azurefilm.com\/sl\/wp-json\/wp\/v2\/comments?post=14912"}],"wp:featuredmedia":[{"embeddable":true,"href":"https:\/\/azurefilm.com\/sl\/wp-json\/wp\/v2\/media\/114547"}],"wp:attachment":[{"href":"https:\/\/azurefilm.com\/sl\/wp-json\/wp\/v2\/media?parent=14912"}],"wp:term":[{"taxonomy":"product_brand","embeddable":true,"href":"https:\/\/azurefilm.com\/sl\/wp-json\/wp\/v2\/product_brand?post=14912"},{"taxonomy":"product_cat","embeddable":true,"href":"https:\/\/azurefilm.com\/sl\/wp-json\/wp\/v2\/product_cat?post=14912"},{"taxonomy":"product_tag","embeddable":true,"href":"https:\/\/azurefilm.com\/sl\/wp-json\/wp\/v2\/product_tag?post=14912"},{"taxonomy":"brand","embeddable":true,"href":"https:\/\/azurefilm.com\/sl\/wp-json\/wp\/v2\/brand?post=14912"}],"curies":[{"name":"wp","href":"https:\/\/api.w.org\/{rel}","templated":true}]}}