
{"id":14921,"date":"2023-10-29T14:20:42","date_gmt":"2023-10-29T14:20:42","guid":{"rendered":"https:\/\/azurefilm.com\/product\/unset-asa\/"},"modified":"2026-04-28T13:53:36","modified_gmt":"2026-04-28T13:53:36","slug":"unset-asa","status":"publish","type":"product","link":"https:\/\/azurefilm.com\/sl\/izdelek\/unset-asa\/","title":{"rendered":"Unset ASA"},"content":{"rendered":"<h2><b>ASA filamenti<\/b><\/h2>\n<p><span style=\"font-weight: 400;\">ASA filamenti so eni izmed najbolj priljubljenih tehni\u010dnih filamentov na trgu, saj nudijo <\/span><b>visoko UV, vodno in kemi\u010dno odpornost<\/b><span style=\"font-weight: 400;\">. Zaradi svoje <\/span><b>optimalne zmogljivosti<\/b><span style=\"font-weight: 400;\"> in <\/span><b>vzdr\u017eljivosti v zahtevnih okoljih<\/b><span style=\"font-weight: 400;\">je ta material popoln za elektri\u010dna ohi\u0161ja, orodja, zunanje naprave, \u0161portne izdelke, oblikovane komponente in druge podobne aplikacije. Poleg tega ima proizvodna linija AzureFilm nekaj klju\u010dnih delov, natisnjenih iz ASA filamentov. <\/span><\/p>\n<p><span style=\"font-weight: 400;\">Ta material je mogo\u010de tiskati brez ohi\u0161ja, vendar <\/span><b>mo\u010dno priporo\u010damo uporabo ohi\u0161ja ali zaprtega 3D tiskalnika<\/b><span style=\"font-weight: 400;\">.<\/span><\/p>\n<h2><b>Unset ASA<\/b><\/h2>\n<p><span style=\"font-weight: 400;\">AzureFilm Unset filamenti vam omogo\u010dajo, da izberete <\/span><b>ekolo\u0161ko mo\u017enost<\/b><span style=\"font-weight: 400;\"> za svoje prihajajo\u010de projekte. Ti <\/span><b>okolju prijazni filamenti<\/b><span style=\"font-weight: 400;\"> so ustvarjeni iz odve\u010dnih materialov med na\u0161imi proizvodnimi procesi, zaradi \u010desar so trajnostna izbira. Z uporabo <\/span><b>100 % recikliranih materialov<\/b><span style=\"font-weight: 400;\"> Unset filamenti prispevajo k zmanj\u0161anju odpadkov. Vsako naro\u010dilo prina\u0161a edinstveno barvo.<\/span><\/p>\n<p><span style=\"font-weight: 400;\">\u010ce \u017eelite izvedeti ve\u010d o ASA filamentih, preberite na\u0161 <a href=\"https:\/\/azurefilm.com\/sl\/2023\/07\/10\/asa-filamenti\/\" target=\"_blank\" rel=\"noopener\">blog<\/a>. <\/span><\/p>\n<p><span style=\"font-weight: 400;\">Tukaj lahko dostopate do <a href=\"https:\/\/azurefilm.com\/sl\/technical-data-sheets\/\" target=\"_blank\" rel=\"noopener\"> tehni\u010dnega lista<\/a>.<\/span><\/p>\n<h3><strong>Priporo\u010dila za tiskanje:<\/strong><\/h3>\n<ul>\n<li style=\"font-weight: 400;\" aria-level=\"1\"><span style=\"font-weight: 400;\">Za najbolj\u0161e rezultate tiskajte pri temperaturi 240\u2013260 \u00b0C*.<\/span><\/li>\n<li style=\"font-weight: 400;\" aria-level=\"1\"><span style=\"font-weight: 400;\">Priporo\u010dena temperatura grelne mize je 90\u2013120 \u00b0C. Priporo\u010damo uporabo ohi\u0161ja ali zaprtega 3D tiskalnika.<\/span><\/li>\n<li style=\"font-weight: 400;\" aria-level=\"1\"><span style=\"font-weight: 400;\">Uporabite stekleno plo\u0161\u010do, PEI folijo, kapton ali modri trak za tiskalno povr\u0161ino s pr\u0161ilom 3Dlac.<\/span><\/li>\n<\/ul>\n<p><i><span style=\"font-weight: 400;\">*Idealna temperatura se lahko razlikuje pri uporabi razli\u010dnih tiskalnikov.<\/span><\/i><\/p>\n","protected":false},"excerpt":{"rendered":"<p>Za\u010dnite ustvarjati 3D tiske z visoko UV in kemi\u010dno odpornostjo, vendar naj bodo okolju prijazni z na\u0161im recikliranim Unset ASA.<\/p>\n","protected":false},"featured_media":30110,"comment_status":"closed","ping_status":"closed","template":"","meta":{"_acf_changed":false},"product_brand":[],"product_cat":[662,659,1574,1564,727,725,661,759],"product_tag":[1524,1532,1528],"brand":[267],"class_list":{"0":"post-14921","1":"product","2":"type-product","3":"status-publish","4":"has-post-thumbnail","6":"product_cat-asa-filament","7":"product_cat-3d-filamenti","8":"product_cat-asa-original-sl","9":"product_cat-eko-filament-za-ekolosko-3d-tiskanje","10":"product_cat-unset-asa-sl","11":"product_cat-unset-reciklirani-filament","12":"product_cat-vsi-filamenti","13":"product_cat-znizano","14":"product_tag-eko","15":"product_tag-high-speed","16":"product_tag-nakljucna-barva","17":"pa_colour-random","18":"pa_filament-diameter-1-75mm","19":"pa_filament-weight-1000g","20":"brand-azurefilm","22":"first","23":"instock","24":"sale","25":"taxable","26":"shipping-taxable","27":"purchasable","28":"product-type-variable","29":"has-default-attributes"},"acf":[],"_links":{"self":[{"href":"https:\/\/azurefilm.com\/sl\/wp-json\/wp\/v2\/product\/14921","targetHints":{"allow":["GET"]}}],"collection":[{"href":"https:\/\/azurefilm.com\/sl\/wp-json\/wp\/v2\/product"}],"about":[{"href":"https:\/\/azurefilm.com\/sl\/wp-json\/wp\/v2\/types\/product"}],"replies":[{"embeddable":true,"href":"https:\/\/azurefilm.com\/sl\/wp-json\/wp\/v2\/comments?post=14921"}],"wp:featuredmedia":[{"embeddable":true,"href":"https:\/\/azurefilm.com\/sl\/wp-json\/wp\/v2\/media\/30110"}],"wp:attachment":[{"href":"https:\/\/azurefilm.com\/sl\/wp-json\/wp\/v2\/media?parent=14921"}],"wp:term":[{"taxonomy":"product_brand","embeddable":true,"href":"https:\/\/azurefilm.com\/sl\/wp-json\/wp\/v2\/product_brand?post=14921"},{"taxonomy":"product_cat","embeddable":true,"href":"https:\/\/azurefilm.com\/sl\/wp-json\/wp\/v2\/product_cat?post=14921"},{"taxonomy":"product_tag","embeddable":true,"href":"https:\/\/azurefilm.com\/sl\/wp-json\/wp\/v2\/product_tag?post=14921"},{"taxonomy":"brand","embeddable":true,"href":"https:\/\/azurefilm.com\/sl\/wp-json\/wp\/v2\/brand?post=14921"}],"curies":[{"name":"wp","href":"https:\/\/api.w.org\/{rel}","templated":true}]}}