
{"id":14929,"date":"2023-10-29T14:21:13","date_gmt":"2023-10-29T14:21:13","guid":{"rendered":"https:\/\/azurefilm.com\/product\/klesce-za-elektroniko\/"},"modified":"2026-03-30T20:54:54","modified_gmt":"2026-03-30T20:54:54","slug":"klesce-za-elektroniko","status":"publish","type":"product","link":"https:\/\/azurefilm.com\/sl\/izdelek\/klesce-za-elektroniko\/","title":{"rendered":"Kle\u0161\u010de za elektroniko"},"content":{"rendered":"<h2><strong>Klju\u010dne lastnosti:<\/strong><\/h2>\n<ul>\n<li>Mini elektronske kle\u0161\u010de imajo razli\u010dne namene, od popravljanja va\u0161ega 3D tiskalnika do rezanja filamenta ali odstranjevanja nosilcev med postopkom tiskanja.<\/li>\n<li>Imajo natan\u010dne konice, ki lahko dr\u017eijo najmanj\u0161e predmete.<\/li>\n<li>Izdelan iz legiranega jekla in utrjen za visoko zanesljivost<\/li>\n<li>Z gumiranim oprijemom, ki ne drsi.<\/li>\n<\/ul>\n","protected":false},"excerpt":{"rendered":"<p><strong>Kle\u0161\u010de za elektroniko<\/strong>se lahko uporabljajo za razli\u010dne namene, od pritrjevanja 3D tiskalnika do rezanja filamenta ali odstranjevanja nosilcev med postopkom tiskanja.<\/p>\n","protected":false},"featured_media":5459,"comment_status":"closed","ping_status":"closed","template":"","meta":{"_acf_changed":false},"product_brand":[],"product_cat":[790,760,761,759],"product_tag":[],"brand":[],"class_list":{"0":"post-14929","1":"product","2":"type-product","3":"status-publish","4":"has-post-thumbnail","6":"product_cat-orodja","7":"product_cat-rezervni-deli","8":"product_cat-vsi-rezervni-deli","9":"product_cat-znizano","11":"first","12":"instock","13":"sale","14":"taxable","15":"shipping-taxable","16":"purchasable","17":"product-type-simple"},"acf":[],"_links":{"self":[{"href":"https:\/\/azurefilm.com\/sl\/wp-json\/wp\/v2\/product\/14929","targetHints":{"allow":["GET"]}}],"collection":[{"href":"https:\/\/azurefilm.com\/sl\/wp-json\/wp\/v2\/product"}],"about":[{"href":"https:\/\/azurefilm.com\/sl\/wp-json\/wp\/v2\/types\/product"}],"replies":[{"embeddable":true,"href":"https:\/\/azurefilm.com\/sl\/wp-json\/wp\/v2\/comments?post=14929"}],"wp:featuredmedia":[{"embeddable":true,"href":"https:\/\/azurefilm.com\/sl\/wp-json\/wp\/v2\/media\/5459"}],"wp:attachment":[{"href":"https:\/\/azurefilm.com\/sl\/wp-json\/wp\/v2\/media?parent=14929"}],"wp:term":[{"taxonomy":"product_brand","embeddable":true,"href":"https:\/\/azurefilm.com\/sl\/wp-json\/wp\/v2\/product_brand?post=14929"},{"taxonomy":"product_cat","embeddable":true,"href":"https:\/\/azurefilm.com\/sl\/wp-json\/wp\/v2\/product_cat?post=14929"},{"taxonomy":"product_tag","embeddable":true,"href":"https:\/\/azurefilm.com\/sl\/wp-json\/wp\/v2\/product_tag?post=14929"},{"taxonomy":"brand","embeddable":true,"href":"https:\/\/azurefilm.com\/sl\/wp-json\/wp\/v2\/brand?post=14929"}],"curies":[{"name":"wp","href":"https:\/\/api.w.org\/{rel}","templated":true}]}}