
{"id":14932,"date":"2023-10-29T14:21:13","date_gmt":"2023-10-29T14:21:13","guid":{"rendered":"https:\/\/azurefilm.com\/product\/creality-original-hladilnik\/"},"modified":"2025-06-23T11:42:08","modified_gmt":"2025-06-23T11:42:08","slug":"creality-original-hladilnik","status":"publish","type":"product","link":"https:\/\/azurefilm.com\/sl\/izdelek\/creality-original-hladilnik\/","title":{"rendered":"Creality Original hladilnik"},"content":{"rendered":"<h2><strong>Klju\u010dne lastnosti:<\/strong><\/h2>\n<p>1. Creality Original hladilnik je zdru\u017eljiv z:<\/p>\n<ul>\n<li>Ender-3,<\/li>\n<li>Ender 3 PRO,<\/li>\n<li>Ender 5,<\/li>\n<li>CR-10S4,<\/li>\n<li>CR-10S5.<\/li>\n<li>CR-20 PRO,<\/li>\n<li>CR-10,<\/li>\n<li>CR-10mini,<\/li>\n<li>CR-10S.<\/li>\n<\/ul>\n<p>2. Na trgu je veliko razli\u010dnih hladilnikov, vendar je<strong>Creality Original hladilnik<\/strong> dale\u010d najbolj\u0161i.<\/p>\n<p>3. Najve\u010dja razlika med originalnim hladilnikom Creality in drugimi je ta, da ima originalni hladilnik Creality ve\u010djo povr\u0161ino za oddajanje toplote z 9 sevalnimi rebri, medtem ko imajo drugi hladilniki le 4.<\/p>\n<p>4. Raz\u0161irjena povr\u0161ina zmanj\u0161a mo\u017enost zama\u0161itev in izbolj\u0161a odvajanje toplote. Originalni hladilnik Creality je izdelan iz trdnega aluminijastega materiala za trajno uporabo.<\/p>\n","protected":false},"excerpt":{"rendered":"<p><strong>Creality Original hladilnik<\/strong>zdru\u017eljiv s 3D tiskalniki: CR-10, 10S, S4, S5, Ender 3, Ender 3 Pro Series.<\/p>\n","protected":false},"featured_media":5474,"comment_status":"closed","ping_status":"closed","template":"","meta":{"_acf_changed":false},"product_brand":[],"product_cat":[760,778,761,759],"product_tag":[],"brand":[],"class_list":{"0":"post-14932","1":"product","2":"type-product","3":"status-publish","4":"has-post-thumbnail","6":"product_cat-rezervni-deli","7":"product_cat-toplotni-bloki","8":"product_cat-vsi-rezervni-deli","9":"product_cat-znizano","10":"pa_compatible-with-creality-fdm-3d-printers","11":"pa_fits-printer-creality-cr-10","12":"pa_fits-printer-creality-ender-3","14":"first","15":"instock","16":"sale","17":"taxable","18":"shipping-taxable","19":"purchasable","20":"product-type-simple"},"acf":[],"_links":{"self":[{"href":"https:\/\/azurefilm.com\/sl\/wp-json\/wp\/v2\/product\/14932","targetHints":{"allow":["GET"]}}],"collection":[{"href":"https:\/\/azurefilm.com\/sl\/wp-json\/wp\/v2\/product"}],"about":[{"href":"https:\/\/azurefilm.com\/sl\/wp-json\/wp\/v2\/types\/product"}],"replies":[{"embeddable":true,"href":"https:\/\/azurefilm.com\/sl\/wp-json\/wp\/v2\/comments?post=14932"}],"wp:featuredmedia":[{"embeddable":true,"href":"https:\/\/azurefilm.com\/sl\/wp-json\/wp\/v2\/media\/5474"}],"wp:attachment":[{"href":"https:\/\/azurefilm.com\/sl\/wp-json\/wp\/v2\/media?parent=14932"}],"wp:term":[{"taxonomy":"product_brand","embeddable":true,"href":"https:\/\/azurefilm.com\/sl\/wp-json\/wp\/v2\/product_brand?post=14932"},{"taxonomy":"product_cat","embeddable":true,"href":"https:\/\/azurefilm.com\/sl\/wp-json\/wp\/v2\/product_cat?post=14932"},{"taxonomy":"product_tag","embeddable":true,"href":"https:\/\/azurefilm.com\/sl\/wp-json\/wp\/v2\/product_tag?post=14932"},{"taxonomy":"brand","embeddable":true,"href":"https:\/\/azurefilm.com\/sl\/wp-json\/wp\/v2\/brand?post=14932"}],"curies":[{"name":"wp","href":"https:\/\/api.w.org\/{rel}","templated":true}]}}