
{"id":14947,"date":"2023-10-29T14:21:51","date_gmt":"2023-10-29T14:21:51","guid":{"rendered":"https:\/\/azurefilm.com\/product\/crne-sponke\/"},"modified":"2026-03-30T20:54:55","modified_gmt":"2026-03-30T20:54:55","slug":"crne-sponke","status":"publish","type":"product","link":"https:\/\/azurefilm.com\/sl\/izdelek\/crne-sponke\/","title":{"rendered":"\u010crne sponke"},"content":{"rendered":"<p><strong>\u010crne sponke <\/strong>za mo\u010dan oprijem med grelno posteljo in stekleno plo\u0161\u010do.<\/p>\n<h2><strong>Klju\u010dne lastnosti:<\/strong><\/h2>\n<p>\u010crne sponke so izdelane iz kaljenega jekla in so vzdr\u017eljive ter mo\u010dne za uporabo.<\/p>\n<p><strong>Na voljo so 3 razli\u010dne velikosti:<\/strong><\/p>\n<ul>\n<li>19 x 7mm<\/li>\n<li>25 x 10mm<\/li>\n<li>32 x 12mm<\/li>\n<\/ul>\n","protected":false},"excerpt":{"rendered":"<p><strong>\u010crne sponke <\/strong>za mo\u010dan oprijem med grelno mizo in stekleno plo\u0161\u010do, na voljo v treh velikostih.<\/p>\n","protected":false},"featured_media":5593,"comment_status":"closed","ping_status":"closed","template":"","meta":{"_acf_changed":false},"product_brand":[],"product_cat":[790,760,761,759],"product_tag":[],"brand":[],"class_list":{"0":"post-14947","1":"product","2":"type-product","3":"status-publish","4":"has-post-thumbnail","6":"product_cat-orodja","7":"product_cat-rezervni-deli","8":"product_cat-vsi-rezervni-deli","9":"product_cat-znizano","10":"pa_size-19x7mm","11":"pa_size-25x10mm","12":"pa_size-32x12mm","14":"first","15":"instock","16":"sale","17":"taxable","18":"shipping-taxable","19":"purchasable","20":"product-type-variable"},"acf":[],"_links":{"self":[{"href":"https:\/\/azurefilm.com\/sl\/wp-json\/wp\/v2\/product\/14947","targetHints":{"allow":["GET"]}}],"collection":[{"href":"https:\/\/azurefilm.com\/sl\/wp-json\/wp\/v2\/product"}],"about":[{"href":"https:\/\/azurefilm.com\/sl\/wp-json\/wp\/v2\/types\/product"}],"replies":[{"embeddable":true,"href":"https:\/\/azurefilm.com\/sl\/wp-json\/wp\/v2\/comments?post=14947"}],"wp:featuredmedia":[{"embeddable":true,"href":"https:\/\/azurefilm.com\/sl\/wp-json\/wp\/v2\/media\/5593"}],"wp:attachment":[{"href":"https:\/\/azurefilm.com\/sl\/wp-json\/wp\/v2\/media?parent=14947"}],"wp:term":[{"taxonomy":"product_brand","embeddable":true,"href":"https:\/\/azurefilm.com\/sl\/wp-json\/wp\/v2\/product_brand?post=14947"},{"taxonomy":"product_cat","embeddable":true,"href":"https:\/\/azurefilm.com\/sl\/wp-json\/wp\/v2\/product_cat?post=14947"},{"taxonomy":"product_tag","embeddable":true,"href":"https:\/\/azurefilm.com\/sl\/wp-json\/wp\/v2\/product_tag?post=14947"},{"taxonomy":"brand","embeddable":true,"href":"https:\/\/azurefilm.com\/sl\/wp-json\/wp\/v2\/brand?post=14947"}],"curies":[{"name":"wp","href":"https:\/\/api.w.org\/{rel}","templated":true}]}}