
{"id":14955,"date":"2023-10-29T14:21:51","date_gmt":"2023-10-29T14:21:51","guid":{"rendered":"https:\/\/azurefilm.com\/product\/motorni-gonilnik-tb6600\/"},"modified":"2026-03-19T22:56:39","modified_gmt":"2026-03-19T22:56:39","slug":"motorni-gonilnik-tb6600","status":"publish","type":"product","link":"https:\/\/azurefilm.com\/sl\/izdelek\/motorni-gonilnik-tb6600\/","title":{"rendered":"Motorni gonilnik TB6600"},"content":{"rendered":"<h2><strong>Klju\u010dne lastnosti:<\/strong><\/h2>\n<ul>\n<li>Izhodni tok je brezstopenjsko nastavljiv za izpolnjevanje razli\u010dnih aplikacijskih zahtev.<\/li>\n<li>Samodejna funkcija poltoka. Na voljo je tudi polavtomatsko preto\u010dno stikalo, enostavno za uporabo.<\/li>\n<li>Uporaba opti\u010dne sklopke za visoke hitrosti 6N137 zagotavlja visoko hitrost brez izgube koraka.<\/li>\n<li>Na hrbtni plo\u0161\u010di so natisnjena podrobnej\u0161a navodila za namestitev. Uporablja se za pove\u010danje odvoda toplote, dobro odvajanje toplote.<\/li>\n<li>Izhodna za\u0161\u010dita pred kratkim stikom, uporaba uma. Z uporabo vhodnega na\u010dina skupne anode sta dva vhodna priklju\u010dka, o\u017ei\u010denje je bolj priro\u010dno.<\/li>\n<\/ul>\n<h2><strong>Specifikacije:<\/strong><\/h2>\n<ul>\n<li>Material: kovina in plastika.<\/li>\n<li>Velikost: 50*82*35mm (\u0160*D*V).<\/li>\n<li>Barva: zelena in bela.<\/li>\n<li>Delovna napetost DC 10V\u201345V. Priporo\u010dljivo je stikalno napajanje DC32V.<\/li>\n<li>Hitra opti\u010dna sklopka 6N137, zagotavlja visoko hitrost brez izgube koraka.<\/li>\n<li>Toshibin nov visokonapetostni visokonapetostni nov originalni \u010dip TB6600HG, na voljo so nizkotla\u010dni izklop, parkiranje zaradi pregrevanja in za\u0161\u010ditno vezje pred previsokim tokom, za\u0161\u010dita pred kratkim stikom in pove\u010dana v primerjavi s TB6560.<\/li>\n<li>Najve\u010dja nazivna dose\u017eena mo\u010d: \u00b1 4,5 A.<\/li>\n<li>Za 4,2 A 42,57,86 znotraj dvofaznega \/ \u0161tirifaznega \/ \u0161tiri\u017eilnega \/ \u0161est\u017eilnega kora\u010dnega motorja.<\/li>\n<li>Samodejna funkcija poltoka.<\/li>\n<li>Podrazdelitev: polni korak, polovi\u010dni korak, 1\/4 koraka, 1\/8 koraka, 1\/16 koraka, do 16 segmentov.<\/li>\n<\/ul>\n","protected":false},"excerpt":{"rendered":"<p><strong>Motorni gonilnik TB6600<\/strong> z avtomatsko funkcijo polovi\u010dnega toka in polavtomatskim preto\u010dnim stikalom, enostavno za uporabo.<\/p>\n","protected":false},"featured_media":5713,"comment_status":"closed","ping_status":"closed","template":"","meta":{"_acf_changed":false},"product_brand":[],"product_cat":[782,783,760,761,759],"product_tag":[],"brand":[],"class_list":{"0":"post-14955","1":"product","2":"type-product","3":"status-publish","4":"has-post-thumbnail","6":"product_cat-motorji-in-gonilniki","7":"product_cat-motorni-gonilniki","8":"product_cat-rezervni-deli","9":"product_cat-vsi-rezervni-deli","10":"product_cat-znizano","12":"first","13":"instock","14":"sale","15":"taxable","16":"shipping-taxable","17":"purchasable","18":"product-type-simple"},"acf":[],"_links":{"self":[{"href":"https:\/\/azurefilm.com\/sl\/wp-json\/wp\/v2\/product\/14955","targetHints":{"allow":["GET"]}}],"collection":[{"href":"https:\/\/azurefilm.com\/sl\/wp-json\/wp\/v2\/product"}],"about":[{"href":"https:\/\/azurefilm.com\/sl\/wp-json\/wp\/v2\/types\/product"}],"replies":[{"embeddable":true,"href":"https:\/\/azurefilm.com\/sl\/wp-json\/wp\/v2\/comments?post=14955"}],"wp:featuredmedia":[{"embeddable":true,"href":"https:\/\/azurefilm.com\/sl\/wp-json\/wp\/v2\/media\/5713"}],"wp:attachment":[{"href":"https:\/\/azurefilm.com\/sl\/wp-json\/wp\/v2\/media?parent=14955"}],"wp:term":[{"taxonomy":"product_brand","embeddable":true,"href":"https:\/\/azurefilm.com\/sl\/wp-json\/wp\/v2\/product_brand?post=14955"},{"taxonomy":"product_cat","embeddable":true,"href":"https:\/\/azurefilm.com\/sl\/wp-json\/wp\/v2\/product_cat?post=14955"},{"taxonomy":"product_tag","embeddable":true,"href":"https:\/\/azurefilm.com\/sl\/wp-json\/wp\/v2\/product_tag?post=14955"},{"taxonomy":"brand","embeddable":true,"href":"https:\/\/azurefilm.com\/sl\/wp-json\/wp\/v2\/brand?post=14955"}],"curies":[{"name":"wp","href":"https:\/\/api.w.org\/{rel}","templated":true}]}}