
{"id":14962,"date":"2023-10-29T14:22:30","date_gmt":"2023-10-29T14:22:30","guid":{"rendered":"https:\/\/azurefilm.com\/product\/motorni-gonilnik-drv8825\/"},"modified":"2026-02-12T01:25:14","modified_gmt":"2026-02-12T01:25:14","slug":"motorni-gonilnik-drv8825","status":"publish","type":"product","link":"https:\/\/azurefilm.com\/sl\/izdelek\/motorni-gonilnik-drv8825\/","title":{"rendered":"Motorni gonilnik DRV8825"},"content":{"rendered":"<h2><strong>Klju\u010dne lastnosti:<\/strong><\/h2>\n<ul>\n<li>4-slojni, izbolj\u0161ano odvajanje toplote, preprost vmesnik za nadzor korakov in smeri.<\/li>\n<li>\u0160est razli\u010dnih lo\u010dljivosti korakov: polni korak, polovi\u010dni korak, 1\/4 koraka, 1\/8 koraka, 1\/16 koraka in 1\/32 koraka.<\/li>\n<li>Nastavljiv nadzor toka vam omogo\u010da nastavitev najve\u010djega izhodnega toka s potenciometrom, ki vam omogo\u010da uporabo napetosti nad nazivno napetostjo va\u0161ega kora\u010dnega motorja, da dose\u017eete vi\u0161jo.<\/li>\n<li>Najve\u010dja napajalna napetost 45 V.<\/li>\n<li>Vgrajen regulator.<\/li>\n<li>Lahko se pove\u017ee neposredno s sistemi 3,3 V in 5 V.<\/li>\n<li>Termi\u010dni izklop zaradi previsoke temperature, izklop zaradi previsokega toka in zaklepanje pod napetostjo.<\/li>\n<\/ul>\n","protected":false},"excerpt":{"rendered":"<p><strong>Motorni gonilnik DRV8825<\/strong> se pogosto uporablja pri 3D tiskanju in ima nekaj najbolj\u0161ih lastnosti.<\/p>\n","protected":false},"featured_media":5820,"comment_status":"closed","ping_status":"closed","template":"","meta":{"_acf_changed":false},"product_brand":[],"product_cat":[782,783,760,761,759],"product_tag":[],"brand":[],"class_list":{"0":"post-14962","1":"product","2":"type-product","3":"status-publish","4":"has-post-thumbnail","6":"product_cat-motorji-in-gonilniki","7":"product_cat-motorni-gonilniki","8":"product_cat-rezervni-deli","9":"product_cat-vsi-rezervni-deli","10":"product_cat-znizano","12":"first","13":"instock","14":"sale","15":"taxable","16":"shipping-taxable","17":"purchasable","18":"product-type-simple"},"acf":[],"_links":{"self":[{"href":"https:\/\/azurefilm.com\/sl\/wp-json\/wp\/v2\/product\/14962","targetHints":{"allow":["GET"]}}],"collection":[{"href":"https:\/\/azurefilm.com\/sl\/wp-json\/wp\/v2\/product"}],"about":[{"href":"https:\/\/azurefilm.com\/sl\/wp-json\/wp\/v2\/types\/product"}],"replies":[{"embeddable":true,"href":"https:\/\/azurefilm.com\/sl\/wp-json\/wp\/v2\/comments?post=14962"}],"wp:featuredmedia":[{"embeddable":true,"href":"https:\/\/azurefilm.com\/sl\/wp-json\/wp\/v2\/media\/5820"}],"wp:attachment":[{"href":"https:\/\/azurefilm.com\/sl\/wp-json\/wp\/v2\/media?parent=14962"}],"wp:term":[{"taxonomy":"product_brand","embeddable":true,"href":"https:\/\/azurefilm.com\/sl\/wp-json\/wp\/v2\/product_brand?post=14962"},{"taxonomy":"product_cat","embeddable":true,"href":"https:\/\/azurefilm.com\/sl\/wp-json\/wp\/v2\/product_cat?post=14962"},{"taxonomy":"product_tag","embeddable":true,"href":"https:\/\/azurefilm.com\/sl\/wp-json\/wp\/v2\/product_tag?post=14962"},{"taxonomy":"brand","embeddable":true,"href":"https:\/\/azurefilm.com\/sl\/wp-json\/wp\/v2\/brand?post=14962"}],"curies":[{"name":"wp","href":"https:\/\/api.w.org\/{rel}","templated":true}]}}