
{"id":14964,"date":"2023-10-29T14:22:30","date_gmt":"2023-10-29T14:22:30","guid":{"rendered":"https:\/\/azurefilm.com\/product\/grelec-40w\/"},"modified":"2026-01-05T05:43:12","modified_gmt":"2026-01-05T05:43:12","slug":"grelec-40w","status":"publish","type":"product","link":"https:\/\/azurefilm.com\/sl\/izdelek\/grelec-40w\/","title":{"rendered":"Grelec 40W 12\/24V"},"content":{"rendered":"<h2><b>Klju\u010dne lastnosti:<\/b><\/h2>\n<ul>\n<li>Kartu\u0161ni grelci so sestavljeni iz cilindri\u010dne cevi iz nerjave\u010dega jekla in tako zagotavljajo za\u0161\u010dito pred korozijo.<\/li>\n<li>Grelna \u017eica, znotraj katere je navita na kerami\u010dno jedro.<\/li>\n<li>\u0160tevilo tuljav se spreminja glede na mo\u010d in zagotavlja odli\u010dno enakomerno porazdelitev toplote, kar znatno pove\u010da dolgo \u017eivljenjsko dobo grelnika ter prepre\u010duje oksidacijo grelne \u017eice tudi pri visokih temperaturah.<\/li>\n<li>Napetost: 12V, 24V<\/li>\n<li>Mo\u010d: 40 W<\/li>\n<li>Material: Nerjave\u010de jeklo<\/li>\n<li>Dol\u017eina \u017eice: 1m<\/li>\n<li>Premer: 6 mm; Dol\u017eina: 20mm<\/li>\n<\/ul>\n","protected":false},"excerpt":{"rendered":"<p><strong>Grelec 40W<\/strong> je sestavljen iz valjaste cevi iz nerjave\u010dega jekla in tako prepre\u010duje korozijo.<\/p>\n","protected":false},"featured_media":5846,"comment_status":"closed","ping_status":"closed","template":"","meta":{"_acf_changed":false},"product_brand":[],"product_cat":[775,773,760,761,759],"product_tag":[],"brand":[],"class_list":{"0":"post-14964","1":"product","2":"type-product","3":"status-publish","4":"has-post-thumbnail","6":"product_cat-deli-ekstruderja","7":"product_cat-ekstruderji","8":"product_cat-rezervni-deli","9":"product_cat-vsi-rezervni-deli","10":"product_cat-znizano","11":"pa_compatible-with-creality-fdm-3d-printers","12":"pa_fits-printer-creality-cr-10-smart","13":"pa_fits-printer-creality-cr-30-printmill","14":"pa_fits-printer-creality-cr-5-pro-h","15":"pa_fits-printer-creality-cr-6-max","16":"pa_fits-printer-creality-cr-6-se","17":"pa_fits-printer-creality-cr-m4","18":"pa_fits-printer-creality-ender-3","19":"pa_fits-printer-creality-ender-3-v2-neo","21":"first","22":"instock","23":"sale","24":"taxable","25":"shipping-taxable","26":"purchasable","27":"product-type-variable"},"acf":[],"_links":{"self":[{"href":"https:\/\/azurefilm.com\/sl\/wp-json\/wp\/v2\/product\/14964","targetHints":{"allow":["GET"]}}],"collection":[{"href":"https:\/\/azurefilm.com\/sl\/wp-json\/wp\/v2\/product"}],"about":[{"href":"https:\/\/azurefilm.com\/sl\/wp-json\/wp\/v2\/types\/product"}],"replies":[{"embeddable":true,"href":"https:\/\/azurefilm.com\/sl\/wp-json\/wp\/v2\/comments?post=14964"}],"wp:featuredmedia":[{"embeddable":true,"href":"https:\/\/azurefilm.com\/sl\/wp-json\/wp\/v2\/media\/5846"}],"wp:attachment":[{"href":"https:\/\/azurefilm.com\/sl\/wp-json\/wp\/v2\/media?parent=14964"}],"wp:term":[{"taxonomy":"product_brand","embeddable":true,"href":"https:\/\/azurefilm.com\/sl\/wp-json\/wp\/v2\/product_brand?post=14964"},{"taxonomy":"product_cat","embeddable":true,"href":"https:\/\/azurefilm.com\/sl\/wp-json\/wp\/v2\/product_cat?post=14964"},{"taxonomy":"product_tag","embeddable":true,"href":"https:\/\/azurefilm.com\/sl\/wp-json\/wp\/v2\/product_tag?post=14964"},{"taxonomy":"brand","embeddable":true,"href":"https:\/\/azurefilm.com\/sl\/wp-json\/wp\/v2\/brand?post=14964"}],"curies":[{"name":"wp","href":"https:\/\/api.w.org\/{rel}","templated":true}]}}