
{"id":14965,"date":"2023-10-29T14:22:30","date_gmt":"2023-10-29T14:22:30","guid":{"rendered":"https:\/\/azurefilm.com\/product\/linearni-lezaji\/"},"modified":"2026-03-26T08:45:57","modified_gmt":"2026-03-26T08:45:57","slug":"linearni-lezaji","status":"publish","type":"product","link":"https:\/\/azurefilm.com\/sl\/izdelek\/linearni-lezaji\/","title":{"rendered":"Linearni le\u017eaji"},"content":{"rendered":"<h2><strong>Dimenzije:<\/strong><\/h2>\n<ul>\n<li>Zunanji fi 15 mm, notranji fi 8 mm,\u00a0 dol\u017eina 24 mm<\/li>\n<li>Zunanji fi 15 mm, notranji fi 8 mm, dol\u017eina 45 mm<\/li>\n<li>Zunanji fi 19 mm, notranji fi 10 mm, dol\u017eina 55 mm<\/li>\n<li>Zunanji fi 21 mm, notranji fi 12 mm, dol\u017eina 57 mm<\/li>\n<\/ul>\n<h2><strong>Klju\u010dne lastnosti:<\/strong><\/h2>\n<ul>\n<li>Linearni le\u017eaji so se izkazali za dolgotrajne.<\/li>\n<li>Zagotavljajo natan\u010dno linearno gibanje z nizkim trenjem.<\/li>\n<li>Uporablja se za oblikovanje izdelkov linearnega gibanja in lahko sodeluje z linearnim le\u017eajem, da zagotovi odli\u010dno \u0161portno zmogljivost pri visoki obremenitvi ali dolgih gibih.<\/li>\n<li>Gladko premikanje, nizko trenje, visoka togost in dolga \u017eivljenjska doba.<\/li>\n<\/ul>\n","protected":false},"excerpt":{"rendered":"<p><strong>Linearni le\u017eaji<\/strong> so se izkazali za dolgotrajne in zagotavljajo natan\u010dno linearno gibanje z nizkim trenjem<\/p>\n","protected":false},"featured_media":5859,"comment_status":"closed","ping_status":"closed","template":"","meta":{"_acf_changed":false},"product_brand":[],"product_cat":[763,760,761,759],"product_tag":[],"brand":[],"class_list":{"0":"post-14965","1":"product","2":"type-product","3":"status-publish","4":"has-post-thumbnail","6":"product_cat-lezaji-in-vodila","7":"product_cat-rezervni-deli","8":"product_cat-vsi-rezervni-deli","9":"product_cat-znizano","11":"first","12":"instock","13":"sale","14":"taxable","15":"shipping-taxable","16":"purchasable","17":"product-type-variable"},"acf":[],"_links":{"self":[{"href":"https:\/\/azurefilm.com\/sl\/wp-json\/wp\/v2\/product\/14965","targetHints":{"allow":["GET"]}}],"collection":[{"href":"https:\/\/azurefilm.com\/sl\/wp-json\/wp\/v2\/product"}],"about":[{"href":"https:\/\/azurefilm.com\/sl\/wp-json\/wp\/v2\/types\/product"}],"replies":[{"embeddable":true,"href":"https:\/\/azurefilm.com\/sl\/wp-json\/wp\/v2\/comments?post=14965"}],"wp:featuredmedia":[{"embeddable":true,"href":"https:\/\/azurefilm.com\/sl\/wp-json\/wp\/v2\/media\/5859"}],"wp:attachment":[{"href":"https:\/\/azurefilm.com\/sl\/wp-json\/wp\/v2\/media?parent=14965"}],"wp:term":[{"taxonomy":"product_brand","embeddable":true,"href":"https:\/\/azurefilm.com\/sl\/wp-json\/wp\/v2\/product_brand?post=14965"},{"taxonomy":"product_cat","embeddable":true,"href":"https:\/\/azurefilm.com\/sl\/wp-json\/wp\/v2\/product_cat?post=14965"},{"taxonomy":"product_tag","embeddable":true,"href":"https:\/\/azurefilm.com\/sl\/wp-json\/wp\/v2\/product_tag?post=14965"},{"taxonomy":"brand","embeddable":true,"href":"https:\/\/azurefilm.com\/sl\/wp-json\/wp\/v2\/brand?post=14965"}],"curies":[{"name":"wp","href":"https:\/\/api.w.org\/{rel}","templated":true}]}}