
{"id":14973,"date":"2023-10-29T14:22:30","date_gmt":"2023-10-29T14:22:30","guid":{"rendered":"https:\/\/azurefilm.com\/product\/silikonski-pokrov-e3d-v6\/"},"modified":"2026-03-18T09:51:38","modified_gmt":"2026-03-18T09:51:38","slug":"silikonski-pokrov-e3d-v6","status":"publish","type":"product","link":"https:\/\/azurefilm.com\/sl\/izdelek\/silikonski-pokrov-e3d-v6\/","title":{"rendered":"Silikonski pokrov E3D V6"},"content":{"rendered":"<h2><strong>Klju\u010dne lastnosti:<\/strong><\/h2>\n<ul>\n<li>S silikonskim pokrovom E3D V6 lahko ohranite svoj blok popolnoma \u010dist, tudi po dalj\u0161i uporabi bloka.<\/li>\n<li>Poskrbel bo, da bo va\u0161a \u0161oba ostala \u010dista in brez o\u017egane \u010drne plastike.<\/li>\n<li>Ponujajo veliko pove\u010danje temperaturne stabilnosti, \u0161e posebej, \u010de za hlajenje tiska uporabljate hlajenje z visokim pretokom zraka okoli \u0161obe.<\/li>\n<li>Izdelano iz silikonskega materiala, odpornega na vro\u010dino, ki se ne sprijema. To resni\u010dno pomaga pri lepljivih materialih, kot so kopoliestri in polnjeni materiali, ki se radi nabirajo na \u0161obah.<\/li>\n<li>Odpornost na visoke temperature: 280 \u2103.<\/li>\n<li>Podalj\u0161ajte \u017eivljenjsko dobo grelnega bloka in ekstruderja tako, da ostaneta \u010distej\u0161a.<\/li>\n<li>Deluje tudi kot izolator za tiskalno glavo. Skraj\u0161al bo \u010das segrevanja in pomagal ohranjati konstantno temperaturo med tiskanjem.<\/li>\n<li>Za tiskalnike z ekstrudorjem E3D V6.<\/li>\n<li>20x16x12mm.<\/li>\n<li>Paket vklju\u010duje: 1x silikonski pokrov.<\/li>\n<\/ul>\n","protected":false},"excerpt":{"rendered":"<p><strong>Silikonski pokrov E3D V6 <\/strong>je zelo pomemben del 3D tiskalnika, saj zagotavlja, da se glava ne pregreje. Primeren za tiskalnike z ekstrudorjem E3D V6.<\/p>\n","protected":false},"featured_media":5947,"comment_status":"closed","ping_status":"closed","template":"","meta":{"_acf_changed":false},"product_brand":[],"product_cat":[788,760,761,759],"product_tag":[],"brand":[],"class_list":{"0":"post-14973","1":"product","2":"type-product","3":"status-publish","4":"has-post-thumbnail","6":"product_cat-drugi-predmeti","7":"product_cat-rezervni-deli","8":"product_cat-vsi-rezervni-deli","9":"product_cat-znizano","11":"first","12":"instock","13":"sale","14":"taxable","15":"shipping-taxable","16":"purchasable","17":"product-type-simple"},"acf":[],"_links":{"self":[{"href":"https:\/\/azurefilm.com\/sl\/wp-json\/wp\/v2\/product\/14973","targetHints":{"allow":["GET"]}}],"collection":[{"href":"https:\/\/azurefilm.com\/sl\/wp-json\/wp\/v2\/product"}],"about":[{"href":"https:\/\/azurefilm.com\/sl\/wp-json\/wp\/v2\/types\/product"}],"replies":[{"embeddable":true,"href":"https:\/\/azurefilm.com\/sl\/wp-json\/wp\/v2\/comments?post=14973"}],"wp:featuredmedia":[{"embeddable":true,"href":"https:\/\/azurefilm.com\/sl\/wp-json\/wp\/v2\/media\/5947"}],"wp:attachment":[{"href":"https:\/\/azurefilm.com\/sl\/wp-json\/wp\/v2\/media?parent=14973"}],"wp:term":[{"taxonomy":"product_brand","embeddable":true,"href":"https:\/\/azurefilm.com\/sl\/wp-json\/wp\/v2\/product_brand?post=14973"},{"taxonomy":"product_cat","embeddable":true,"href":"https:\/\/azurefilm.com\/sl\/wp-json\/wp\/v2\/product_cat?post=14973"},{"taxonomy":"product_tag","embeddable":true,"href":"https:\/\/azurefilm.com\/sl\/wp-json\/wp\/v2\/product_tag?post=14973"},{"taxonomy":"brand","embeddable":true,"href":"https:\/\/azurefilm.com\/sl\/wp-json\/wp\/v2\/brand?post=14973"}],"curies":[{"name":"wp","href":"https:\/\/api.w.org\/{rel}","templated":true}]}}