
{"id":14974,"date":"2023-10-29T14:22:30","date_gmt":"2023-10-29T14:22:30","guid":{"rendered":"https:\/\/azurefilm.com\/product\/pc4-m5-pnevmaticni-prikljucek\/"},"modified":"2026-03-16T20:54:33","modified_gmt":"2026-03-16T20:54:33","slug":"pc4-m5-pnevmaticni-prikljucek","status":"publish","type":"product","link":"https:\/\/azurefilm.com\/sl\/izdelek\/pc4-m5-pnevmaticni-prikljucek\/","title":{"rendered":"Bowden priklju\u010dek PC4-M5"},"content":{"rendered":"<h4>Bowden priklju\u010dek PC4-M5<\/h4>\n<h3><strong>Klju\u010dne lastnosti:<\/strong><\/h3>\n<ul>\n<li><strong>Pnevmati\u010dni priklju\u010dekPC4-M5 <\/strong>za Bowdenov ekstruder (navojni priklju\u010dek M5 \u2013 PTFE)<\/li>\n<li>Uporablja se pri 3D tiskanju za povezavo Bowdenove cevi z ekstruderjem in vro\u010dim koncem<\/li>\n<li>Enostavna namestitev: pove\u017eite tako, da vstavite cevko in samodejno se tesno zaklene, enostavno odstranite cevko z enim pritiskom na plasti\u010dni pokrov\u010dek<\/li>\n<li>Zdru\u017eljivost: Zdru\u017eljivo z vsemi 1,75 mm PLA, ABS 3D tiskalniki<\/li>\n<li>Prosto podpira turn 360<\/li>\n<li>Material je odporen na kemikalije, negorljiv in toplotno odporen<\/li>\n<li>Bowden Connection PC4-M5 teflonska cev fi 4 mm ne gre skozi<\/li>\n<li>Material: baker in plastika<\/li>\n<li>Barva: zlata in modra<\/li>\n<li>Navoj: M5<\/li>\n<\/ul>\n","protected":false},"excerpt":{"rendered":"<p>Bowden priklju\u010dek PC4-M5 se pri 3D tiskanju uporablja za povezavo bowdenovih cevi z ekstruderjem in hot-endom.<\/p>\n","protected":false},"featured_media":5960,"comment_status":"closed","ping_status":"closed","template":"","meta":{"_acf_changed":false},"product_brand":[],"product_cat":[765,775,773,760,761,759],"product_tag":[],"brand":[],"class_list":{"0":"post-14974","1":"product","2":"type-product","3":"status-publish","4":"has-post-thumbnail","6":"product_cat-bowdenove-cevi","7":"product_cat-deli-ekstruderja","8":"product_cat-ekstruderji","9":"product_cat-rezervni-deli","10":"product_cat-vsi-rezervni-deli","11":"product_cat-znizano","13":"first","14":"outofstock","15":"sale","16":"taxable","17":"shipping-taxable","18":"purchasable","19":"product-type-simple"},"acf":[],"_links":{"self":[{"href":"https:\/\/azurefilm.com\/sl\/wp-json\/wp\/v2\/product\/14974","targetHints":{"allow":["GET"]}}],"collection":[{"href":"https:\/\/azurefilm.com\/sl\/wp-json\/wp\/v2\/product"}],"about":[{"href":"https:\/\/azurefilm.com\/sl\/wp-json\/wp\/v2\/types\/product"}],"replies":[{"embeddable":true,"href":"https:\/\/azurefilm.com\/sl\/wp-json\/wp\/v2\/comments?post=14974"}],"wp:featuredmedia":[{"embeddable":true,"href":"https:\/\/azurefilm.com\/sl\/wp-json\/wp\/v2\/media\/5960"}],"wp:attachment":[{"href":"https:\/\/azurefilm.com\/sl\/wp-json\/wp\/v2\/media?parent=14974"}],"wp:term":[{"taxonomy":"product_brand","embeddable":true,"href":"https:\/\/azurefilm.com\/sl\/wp-json\/wp\/v2\/product_brand?post=14974"},{"taxonomy":"product_cat","embeddable":true,"href":"https:\/\/azurefilm.com\/sl\/wp-json\/wp\/v2\/product_cat?post=14974"},{"taxonomy":"product_tag","embeddable":true,"href":"https:\/\/azurefilm.com\/sl\/wp-json\/wp\/v2\/product_tag?post=14974"},{"taxonomy":"brand","embeddable":true,"href":"https:\/\/azurefilm.com\/sl\/wp-json\/wp\/v2\/brand?post=14974"}],"curies":[{"name":"wp","href":"https:\/\/api.w.org\/{rel}","templated":true}]}}