
{"id":14986,"date":"2023-10-29T14:22:58","date_gmt":"2023-10-29T14:22:58","guid":{"rendered":"https:\/\/azurefilm.com\/product\/soba-04mm-mk8\/"},"modified":"2026-02-09T19:22:43","modified_gmt":"2026-02-09T19:22:43","slug":"soba-mk8-2","status":"publish","type":"product","link":"https:\/\/azurefilm.com\/sl\/izdelek\/soba-mk8-2\/","title":{"rendered":"Jeklena \u0161oba MK8"},"content":{"rendered":"<h4><span style=\"vertical-align: inherit;\">Jeklena \u0161oba MK8<\/span><\/h4>\n<h3><b><span style=\"vertical-align: inherit;\">Klju\u010dne lastnosti:<\/span><\/b><\/h3>\n<p><span style=\"vertical-align: inherit;\">Jeklena \u0161oba MK8 se pona\u0161a z ve\u010d klju\u010dnimi lastnostmi, zaradi katerih je odli\u010dna izbira za navdu\u0161ence nad 3D-tiskanjem, ki i\u0161\u010dejo ve\u010djo natan\u010dnost in vzdr\u017eljivost:<\/span><\/p>\n<ul>\n<li><strong><span style=\"vertical-align: inherit;\">Prepre\u010devanje pu\u0161\u010danja:<\/span><\/strong><span style=\"vertical-align: inherit;\"> \u0160oba, opremljena z 1,75 mm vhodnimi in 0,3\/0,4 mm ekstruderskimi \u0161obami, u\u010dinkovito prepre\u010duje pu\u0161\u010danje tiskalne glave, kar zagotavlja \u010dist in zanesljiv postopek tiskanja.<\/span><\/li>\n<li><strong><span style=\"vertical-align: inherit;\">Dosledni izpisi:<\/span><\/strong><span style=\"vertical-align: inherit;\"> \u0160oba olaj\u0161a izdelavo doslednih odtisov z gladkim in sijajnim zaklju\u010dkom, kar dvigne splo\u0161no kakovost va\u0161ih 3D-tiskov.<\/span><\/li>\n<li><strong><span style=\"vertical-align: inherit;\">Konstrukcija iz nerjave\u010dega jekla:<\/span><\/strong><span style=\"vertical-align: inherit;\"> \u0160oba, izdelana iz visokokakovostnega nerjave\u010dega jekla, ni samo odporna proti rji in koroziji, temve\u010d izkazuje tudi robustno mo\u010d in vzdr\u017eljivost, kar zagotavlja dolgo \u017eivljenjsko dobo.<\/span><\/li>\n<li><strong><span style=\"vertical-align: inherit;\">Enostavna namestitev:<\/span><\/strong><span style=\"vertical-align: inherit;\"> Jeklena \u0161oba MK8 je zasnovana za uporabniku prijazno namestitev, zaradi \u010desar je dostopna tako za\u010detnikom kot izku\u0161enim uporabnikom.<\/span><\/li>\n<li><strong><span style=\"vertical-align: inherit;\">\u0160iroka zdru\u017eljivost:<\/span><\/strong><span style=\"vertical-align: inherit;\"> Ta \u0161oba, ki je zdru\u017eljiva z vsemi 1,75 mm PLA ABS 3D-tiskalniki, ponuja vsestranskost in skrbi za raznolik nabor nastavitev 3D-tiskanja.<\/span><\/li>\n<li><strong><span style=\"vertical-align: inherit;\">Umerjanje po zamenjavi:<\/span><\/strong><span style=\"vertical-align: inherit;\"> Po zamenjavi \u0161obe je priporo\u010dljivo ponovno umerjanje razdalje med \u0161obo in monta\u017eno plo\u0161\u010do, da zagotovite optimalno kakovost tiskanih delov.<\/span><\/li>\n<li><strong><span style=\"vertical-align: inherit;\">Ugoden posamezen kos:<\/span><\/strong><span style=\"vertical-align: inherit;\"> Cena je dolo\u010dena za en kos, kar ponuja cenovno ugodno re\u0161itev za uporabnike, ki \u017eelijo nadgraditi svoje zmogljivosti 3D-tiskanja, ne da bi pri tem porabili denar.<\/span><\/li>\n<\/ul>\n<p><span style=\"vertical-align: inherit;\">Jeklena \u0161oba MK8 predstavlja dragoceno nalo\u017ebo, ki uporabnikom zagotavlja zanesljivo, uporabniku prijazno in vsestransko re\u0161itev za izbolj\u0161anje njihove izku\u0161nje s 3D tiskanjem. Nadgradite \u0161e danes in u\u017eivajte v prednostih izbolj\u0161ane kakovosti tiskanja in dolgotrajnosti.<\/span><\/p>\n","protected":false},"excerpt":{"rendered":"<h4><span style=\"vertical-align: inherit;\">Jeklena \u0161oba MK8 <\/span>lahko u\u010dinkovito prepre\u010duje pu\u0161\u010danje tiskalne glave in ustvarja konsistentne tiske z gladkim in sijo\u010dim sijajem.<\/h4>\n","protected":false},"featured_media":6076,"comment_status":"closed","ping_status":"closed","template":"","meta":{"_acf_changed":false},"product_brand":[],"product_cat":[787,760,785,761,759],"product_tag":[],"brand":[270],"class_list":{"0":"post-14986","1":"product","2":"type-product","3":"status-publish","4":"has-post-thumbnail","6":"product_cat-navadne-sobe","7":"product_cat-rezervni-deli","8":"product_cat-sobe","9":"product_cat-vsi-rezervni-deli","10":"product_cat-znizano","11":"pa_compatible-with-creality-fdm-3d-printers","12":"pa_fits-printer-creality-ender-3","13":"pa_nozzle-diameter-0-3mm","14":"pa_nozzle-diameter-0-4mm","15":"brand-creality","17":"first","18":"instock","19":"sale","20":"taxable","21":"shipping-taxable","22":"purchasable","23":"product-type-variable"},"acf":[],"_links":{"self":[{"href":"https:\/\/azurefilm.com\/sl\/wp-json\/wp\/v2\/product\/14986","targetHints":{"allow":["GET"]}}],"collection":[{"href":"https:\/\/azurefilm.com\/sl\/wp-json\/wp\/v2\/product"}],"about":[{"href":"https:\/\/azurefilm.com\/sl\/wp-json\/wp\/v2\/types\/product"}],"replies":[{"embeddable":true,"href":"https:\/\/azurefilm.com\/sl\/wp-json\/wp\/v2\/comments?post=14986"}],"wp:featuredmedia":[{"embeddable":true,"href":"https:\/\/azurefilm.com\/sl\/wp-json\/wp\/v2\/media\/6076"}],"wp:attachment":[{"href":"https:\/\/azurefilm.com\/sl\/wp-json\/wp\/v2\/media?parent=14986"}],"wp:term":[{"taxonomy":"product_brand","embeddable":true,"href":"https:\/\/azurefilm.com\/sl\/wp-json\/wp\/v2\/product_brand?post=14986"},{"taxonomy":"product_cat","embeddable":true,"href":"https:\/\/azurefilm.com\/sl\/wp-json\/wp\/v2\/product_cat?post=14986"},{"taxonomy":"product_tag","embeddable":true,"href":"https:\/\/azurefilm.com\/sl\/wp-json\/wp\/v2\/product_tag?post=14986"},{"taxonomy":"brand","embeddable":true,"href":"https:\/\/azurefilm.com\/sl\/wp-json\/wp\/v2\/brand?post=14986"}],"curies":[{"name":"wp","href":"https:\/\/api.w.org\/{rel}","templated":true}]}}