
{"id":14987,"date":"2023-10-29T14:22:58","date_gmt":"2023-10-29T14:22:58","guid":{"rendered":"https:\/\/azurefilm.com\/product\/soba-04mm-mk7\/"},"modified":"2026-03-19T14:50:03","modified_gmt":"2026-03-19T14:50:03","slug":"soba-mk7","status":"publish","type":"product","link":"https:\/\/azurefilm.com\/sl\/izdelek\/soba-mk7\/","title":{"rendered":"\u0160oba MK7"},"content":{"rendered":"<h4>\u0160oba MK7<\/h4>\n<h3><strong>Klju\u010dne lastnosti:<\/strong><\/h3>\n<ul>\n<li>Visokokakovostna \u0161oba za 3D tiskalnik<\/li>\n<li>Vhodni premer: 1,75 mm<\/li>\n<li>Izhodni premer: 0.2mm, 0.3mm, 0.4mm, 0.5mm, 0.6mm, 0.8mm<\/li>\n<li>Material: baker (medenina)<\/li>\n<li>Cena velja za 1 kos<\/li>\n<\/ul>\n","protected":false},"excerpt":{"rendered":"<p><strong>\u0160oba MK7<\/strong> lahko u\u010dinkovito prepre\u010duje pu\u0161\u010danje tiskalne glave in ustvarja konsistentne tiske z gladkim in sijo\u010dim sijajem.<\/p>\n","protected":false},"featured_media":6081,"comment_status":"closed","ping_status":"closed","template":"","meta":{"_acf_changed":false},"product_brand":[],"product_cat":[787,760,785,761,759],"product_tag":[],"brand":[270],"class_list":{"0":"post-14987","1":"product","2":"type-product","3":"status-publish","4":"has-post-thumbnail","6":"product_cat-navadne-sobe","7":"product_cat-rezervni-deli","8":"product_cat-sobe","9":"product_cat-vsi-rezervni-deli","10":"product_cat-znizano","11":"pa_fits-printer-creality-cr-10","12":"pa_fits-printer-creality-cr-6-se","13":"pa_fits-printer-creality-ender-3","14":"pa_nozzle-diameter-0-2mm","15":"pa_nozzle-diameter-0-3mm","16":"pa_nozzle-diameter-0-4mm","17":"pa_nozzle-diameter-0-5mm","18":"pa_nozzle-diameter-0-6mm","19":"pa_nozzle-diameter-0-8mm","20":"brand-creality","22":"first","23":"instock","24":"sale","25":"taxable","26":"shipping-taxable","27":"purchasable","28":"product-type-variable"},"acf":[],"_links":{"self":[{"href":"https:\/\/azurefilm.com\/sl\/wp-json\/wp\/v2\/product\/14987","targetHints":{"allow":["GET"]}}],"collection":[{"href":"https:\/\/azurefilm.com\/sl\/wp-json\/wp\/v2\/product"}],"about":[{"href":"https:\/\/azurefilm.com\/sl\/wp-json\/wp\/v2\/types\/product"}],"replies":[{"embeddable":true,"href":"https:\/\/azurefilm.com\/sl\/wp-json\/wp\/v2\/comments?post=14987"}],"wp:featuredmedia":[{"embeddable":true,"href":"https:\/\/azurefilm.com\/sl\/wp-json\/wp\/v2\/media\/6081"}],"wp:attachment":[{"href":"https:\/\/azurefilm.com\/sl\/wp-json\/wp\/v2\/media?parent=14987"}],"wp:term":[{"taxonomy":"product_brand","embeddable":true,"href":"https:\/\/azurefilm.com\/sl\/wp-json\/wp\/v2\/product_brand?post=14987"},{"taxonomy":"product_cat","embeddable":true,"href":"https:\/\/azurefilm.com\/sl\/wp-json\/wp\/v2\/product_cat?post=14987"},{"taxonomy":"product_tag","embeddable":true,"href":"https:\/\/azurefilm.com\/sl\/wp-json\/wp\/v2\/product_tag?post=14987"},{"taxonomy":"brand","embeddable":true,"href":"https:\/\/azurefilm.com\/sl\/wp-json\/wp\/v2\/brand?post=14987"}],"curies":[{"name":"wp","href":"https:\/\/api.w.org\/{rel}","templated":true}]}}