
{"id":14999,"date":"2023-10-29T14:22:58","date_gmt":"2023-10-29T14:22:58","guid":{"rendered":"https:\/\/azurefilm.com\/product\/senzor-za-samodejno-izravnavo-postelje\/"},"modified":"2026-04-21T22:06:44","modified_gmt":"2026-04-21T22:06:44","slug":"senzor-za-samodejno-izravnavo-postelje","status":"publish","type":"product","link":"https:\/\/azurefilm.com\/sl\/izdelek\/senzor-za-samodejno-izravnavo-postelje\/","title":{"rendered":"Senzor za samodejno izravnavo postelje"},"content":{"rendered":"<h2><strong>Klju\u010dne lastnosti:<\/strong><\/h2>\n<ul>\n<li>To je komponenta, ki se pogosto uporablja v industriji avtomatskega nadzora za zaznavanje, krmiljenje in brezkontaktno preklapljanje.<\/li>\n<li>Uporabi se lahko za samodejno izravnavo 3D tiskalnika, ko je stikalo za bli\u017eino blizu nekega ciljnega predmeta, bo poslalo kontrolni signal.<\/li>\n<li>\u0160iroko se uporablja v strojih, izdelavi papirja, lahki industriji za omejevalne postaje, \u0161tetje orientacije, preizku\u0161nje hitrosti itd.<\/li>\n<li>Senzor induktivnosti<\/li>\n<li>Razdalja zaznavanja: 4mm<\/li>\n<li>Napetost: DC 5V<\/li>\n<li>Dimenzija: 12x60mm<\/li>\n<\/ul>\n","protected":false},"excerpt":{"rendered":"<p><strong>Senzor za samodejno izravnavo postelje<\/strong> je sestavni del, ki se pogosto uporablja v industriji avtomatskega krmiljenja za zaznavanje, krmiljenje in brezkontaktno preklapljanje.<\/p>\n","protected":false},"featured_media":6209,"comment_status":"closed","ping_status":"closed","template":"","meta":{"_acf_changed":false},"product_brand":[],"product_cat":[788,760,761,759],"product_tag":[],"brand":[],"class_list":{"0":"post-14999","1":"product","2":"type-product","3":"status-publish","4":"has-post-thumbnail","6":"product_cat-drugi-predmeti","7":"product_cat-rezervni-deli","8":"product_cat-vsi-rezervni-deli","9":"product_cat-znizano","11":"first","12":"instock","13":"sale","14":"taxable","15":"shipping-taxable","16":"purchasable","17":"product-type-simple"},"acf":[],"_links":{"self":[{"href":"https:\/\/azurefilm.com\/sl\/wp-json\/wp\/v2\/product\/14999","targetHints":{"allow":["GET"]}}],"collection":[{"href":"https:\/\/azurefilm.com\/sl\/wp-json\/wp\/v2\/product"}],"about":[{"href":"https:\/\/azurefilm.com\/sl\/wp-json\/wp\/v2\/types\/product"}],"replies":[{"embeddable":true,"href":"https:\/\/azurefilm.com\/sl\/wp-json\/wp\/v2\/comments?post=14999"}],"wp:featuredmedia":[{"embeddable":true,"href":"https:\/\/azurefilm.com\/sl\/wp-json\/wp\/v2\/media\/6209"}],"wp:attachment":[{"href":"https:\/\/azurefilm.com\/sl\/wp-json\/wp\/v2\/media?parent=14999"}],"wp:term":[{"taxonomy":"product_brand","embeddable":true,"href":"https:\/\/azurefilm.com\/sl\/wp-json\/wp\/v2\/product_brand?post=14999"},{"taxonomy":"product_cat","embeddable":true,"href":"https:\/\/azurefilm.com\/sl\/wp-json\/wp\/v2\/product_cat?post=14999"},{"taxonomy":"product_tag","embeddable":true,"href":"https:\/\/azurefilm.com\/sl\/wp-json\/wp\/v2\/product_tag?post=14999"},{"taxonomy":"brand","embeddable":true,"href":"https:\/\/azurefilm.com\/sl\/wp-json\/wp\/v2\/brand?post=14999"}],"curies":[{"name":"wp","href":"https:\/\/api.w.org\/{rel}","templated":true}]}}