
{"id":15001,"date":"2023-10-29T14:23:29","date_gmt":"2023-10-29T14:23:29","guid":{"rendered":"https:\/\/azurefilm.com\/product\/micro-digital-servo-motor-9g-sg90\/"},"modified":"2026-03-28T13:27:27","modified_gmt":"2026-03-28T13:27:27","slug":"micro-digital-servo-motor-9g-sg90","status":"publish","type":"product","link":"https:\/\/azurefilm.com\/sl\/izdelek\/micro-digital-servo-motor-9g-sg90\/","title":{"rendered":"Mikro digitalni servo motor 9g SG90"},"content":{"rendered":"<h4><strong><span style=\"vertical-align: inherit;\">Mikro digitalni servo motor 9g SG90<\/span><\/strong><\/h4>\n<ul>\n<li><span style=\"vertical-align: inherit;\">Delovna napetost: 3,0 V ~ 6 V,<\/span><\/li>\n<li><span style=\"vertical-align: inherit;\">Temperaturno obmo\u010dje: -30 do +60,<\/span><\/li>\n<li><span style=\"vertical-align: inherit;\">23 mm x 12,2 mm x 29 mm,<\/span><\/li>\n<li><span style=\"vertical-align: inherit;\">Je majhen in lahek z visoko izhodno mo\u010djo,<\/span><\/li>\n<li><span style=\"vertical-align: inherit;\">Zdru\u017eljivo s projektom, kot je robotska roka\/robotska roka\/krmiljenje servo s potenciometrom\/ve\u010dkratno servo krmiljenje.<\/span><\/li>\n<\/ul>\n<p><strong><span style=\"vertical-align: inherit;\">SG90 ima 3 \u017ei\u010dne vmesnike, v katerih je treba povezave izvesti na naslednji na\u010din:<\/span><\/strong><\/p>\n<ul>\n<li>\n<h4><span style=\"vertical-align: inherit;\">Rde\u010da \u017eica-5V,<\/span><\/h4>\n<\/li>\n<li><span style=\"vertical-align: inherit;\">Rjava \u017ei\u010dna ozemljitev,<\/span><\/li>\n<li><span style=\"vertical-align: inherit;\">Rumena \u017eica-digitalni zati\u010d 9.<\/span><\/li>\n<\/ul>\n","protected":false},"excerpt":{"rendered":"<p><span style=\"vertical-align: inherit;\">Mikro digitalni servo motor 9g SG90<\/span>: It is tiny and lightweight with high output power.<\/p>\n<ul>\n<li>23mm x 12,2mm x 29mm<\/li>\n<\/ul>\n","protected":false},"featured_media":6235,"comment_status":"closed","ping_status":"closed","template":"","meta":{"_acf_changed":false},"product_brand":[],"product_cat":[759,811,782,783,760,761],"product_tag":[],"brand":[],"class_list":{"0":"post-15001","1":"product","2":"type-product","3":"status-publish","4":"has-post-thumbnail","6":"product_cat-znizano","7":"product_cat-elektronika","8":"product_cat-motorji-in-gonilniki","9":"product_cat-motorni-gonilniki","10":"product_cat-rezervni-deli","11":"product_cat-vsi-rezervni-deli","13":"first","14":"instock","15":"sale","16":"taxable","17":"shipping-taxable","18":"purchasable","19":"product-type-simple"},"acf":[],"_links":{"self":[{"href":"https:\/\/azurefilm.com\/sl\/wp-json\/wp\/v2\/product\/15001","targetHints":{"allow":["GET"]}}],"collection":[{"href":"https:\/\/azurefilm.com\/sl\/wp-json\/wp\/v2\/product"}],"about":[{"href":"https:\/\/azurefilm.com\/sl\/wp-json\/wp\/v2\/types\/product"}],"replies":[{"embeddable":true,"href":"https:\/\/azurefilm.com\/sl\/wp-json\/wp\/v2\/comments?post=15001"}],"wp:featuredmedia":[{"embeddable":true,"href":"https:\/\/azurefilm.com\/sl\/wp-json\/wp\/v2\/media\/6235"}],"wp:attachment":[{"href":"https:\/\/azurefilm.com\/sl\/wp-json\/wp\/v2\/media?parent=15001"}],"wp:term":[{"taxonomy":"product_brand","embeddable":true,"href":"https:\/\/azurefilm.com\/sl\/wp-json\/wp\/v2\/product_brand?post=15001"},{"taxonomy":"product_cat","embeddable":true,"href":"https:\/\/azurefilm.com\/sl\/wp-json\/wp\/v2\/product_cat?post=15001"},{"taxonomy":"product_tag","embeddable":true,"href":"https:\/\/azurefilm.com\/sl\/wp-json\/wp\/v2\/product_tag?post=15001"},{"taxonomy":"brand","embeddable":true,"href":"https:\/\/azurefilm.com\/sl\/wp-json\/wp\/v2\/brand?post=15001"}],"curies":[{"name":"wp","href":"https:\/\/api.w.org\/{rel}","templated":true}]}}