
{"id":15004,"date":"2023-10-29T14:23:29","date_gmt":"2023-10-29T14:23:29","guid":{"rendered":"https:\/\/azurefilm.com\/product\/koracni-motor-nema-17-z-osjo\/"},"modified":"2025-12-01T09:20:36","modified_gmt":"2025-12-01T09:20:36","slug":"koracni-motor-nema-17-z-osjo","status":"publish","type":"product","link":"https:\/\/azurefilm.com\/sl\/izdelek\/koracni-motor-nema-17-z-osjo\/","title":{"rendered":"Kora\u010dni motor NEMA 17 z osjo"},"content":{"rendered":"<h2><strong>Klju\u010dne lastnosti:<\/strong><\/h2>\n<ul>\n<li>Visok navor: Komplet kora\u010dnih motorjev za 3D tiskalnik je opremljen z visokokakovostnim motornim jeklenim materialom z visokim navorom, nizko reaktanco samoinduktivnosti, odziven in se lahko izogne \u200b\u200bsistemskim napakam.<\/li>\n<li>Nizka raven hrupa: Motor je prekrit z gumo, ki u\u010dinkovito zmanj\u0161a hrup.<\/li>\n<li>Trajen, vzdr\u017eljiv: na\u0161 mini motor uporablja kovino visoke trdote, je mo\u010dan in trpe\u017een. In mat tekstura v stranski steni lahko pove\u010da trenje.<\/li>\n<li>\u0160iroka uporaba: te majhne motorje je mogo\u010de uporabiti na razli\u010dnih podro\u010djih, kot je odrska razsvetljava; lasersko graviranje; tekstilni stroji; medicinska oprema; stroj za polaganje; nestandardna oprema; 3D tiskalnik; oprema za avtomatizacijo itd.<\/li>\n<li>Kaj dobite: paket vklju\u010duje 1 kora\u010dni motor z osjo<\/li>\n<li>Z osjo 300mm<\/li>\n<li>Dimenzije: 42,3 x 42,3 x 40 x 24mm<\/li>\n<li>Vrsta: Hibrid<\/li>\n<\/ul>\n","protected":false},"excerpt":{"rendered":"<p><strong>Kora\u010dni motor NEMA 17 z osjo<\/strong> iz visokokakovostnega jeklenega materiala, z nizko samoindukcijsko upornostjo, odziven in se lahko izogne napaki sistema.<\/p>\n","protected":false},"featured_media":6254,"comment_status":"closed","ping_status":"closed","template":"","meta":{"_acf_changed":false},"product_brand":[],"product_cat":[784,782,760,761,759],"product_tag":[],"brand":[],"class_list":{"0":"post-15004","1":"product","2":"type-product","3":"status-publish","4":"has-post-thumbnail","6":"product_cat-koracni-motorji","7":"product_cat-motorji-in-gonilniki","8":"product_cat-rezervni-deli","9":"product_cat-vsi-rezervni-deli","10":"product_cat-znizano","12":"first","13":"instock","14":"sale","15":"taxable","16":"shipping-taxable","17":"purchasable","18":"product-type-simple"},"acf":[],"_links":{"self":[{"href":"https:\/\/azurefilm.com\/sl\/wp-json\/wp\/v2\/product\/15004","targetHints":{"allow":["GET"]}}],"collection":[{"href":"https:\/\/azurefilm.com\/sl\/wp-json\/wp\/v2\/product"}],"about":[{"href":"https:\/\/azurefilm.com\/sl\/wp-json\/wp\/v2\/types\/product"}],"replies":[{"embeddable":true,"href":"https:\/\/azurefilm.com\/sl\/wp-json\/wp\/v2\/comments?post=15004"}],"wp:featuredmedia":[{"embeddable":true,"href":"https:\/\/azurefilm.com\/sl\/wp-json\/wp\/v2\/media\/6254"}],"wp:attachment":[{"href":"https:\/\/azurefilm.com\/sl\/wp-json\/wp\/v2\/media?parent=15004"}],"wp:term":[{"taxonomy":"product_brand","embeddable":true,"href":"https:\/\/azurefilm.com\/sl\/wp-json\/wp\/v2\/product_brand?post=15004"},{"taxonomy":"product_cat","embeddable":true,"href":"https:\/\/azurefilm.com\/sl\/wp-json\/wp\/v2\/product_cat?post=15004"},{"taxonomy":"product_tag","embeddable":true,"href":"https:\/\/azurefilm.com\/sl\/wp-json\/wp\/v2\/product_tag?post=15004"},{"taxonomy":"brand","embeddable":true,"href":"https:\/\/azurefilm.com\/sl\/wp-json\/wp\/v2\/brand?post=15004"}],"curies":[{"name":"wp","href":"https:\/\/api.w.org\/{rel}","templated":true}]}}