
{"id":15023,"date":"2023-10-29T14:23:59","date_gmt":"2023-10-29T14:23:59","guid":{"rendered":"https:\/\/azurefilm.com\/product\/diamantni-ekstruder\/"},"modified":"2024-11-21T12:38:20","modified_gmt":"2024-11-21T12:38:20","slug":"diamantni-ekstruder","status":"publish","type":"product","link":"https:\/\/azurefilm.com\/sl\/izdelek\/diamantni-ekstruder\/","title":{"rendered":"Diamantni ekstruder"},"content":{"rendered":"<h4>Diamantni ekstruder<\/h4>\n<h3><strong><span style=\"vertical-align: inherit;\">Klju\u010dne funkcije:<\/span><\/strong><\/h3>\n<ul>\n<li><strong><span style=\"vertical-align: inherit;\">Material:<\/span><\/strong><span style=\"vertical-align: inherit;\"> medenina<\/span><\/li>\n<li><strong><span style=\"vertical-align: inherit;\">Velikost \u0161obe:<\/span><\/strong><span style=\"vertical-align: inherit;\"> 0,4 \u200b\u200bmm<\/span><\/li>\n<li><strong><span style=\"vertical-align: inherit;\">Velikost filamenta:<\/span><\/strong><span style=\"vertical-align: inherit;\"> 1,75 mm<\/span><\/li>\n<li><strong><span style=\"vertical-align: inherit;\">Diamantna zasnova \u0161ob:<\/span><\/strong><span style=\"vertical-align: inherit;\"> Edinstvena diamantna \u0161oba za u\u010dinkovito me\u0161anje barv, ki pove\u010duje natan\u010dnost tiska.<\/span><\/li>\n<li><strong><span style=\"vertical-align: inherit;\">Luknja za natan\u010dno \u0161obo:<\/span><\/strong><span style=\"vertical-align: inherit;\"> Obi\u010dajna luknja 0,4 mm za dosledno podrobne in natan\u010dne izpise.<\/span><\/li>\n<li><strong><span style=\"vertical-align: inherit;\">Zmanj\u0161ana me\u0161alna komora:<\/span><\/strong><span style=\"vertical-align: inherit;\"> Najmanj\u0161a me\u0161alna komora zmanj\u0161a koli\u010dino odpadnih filamentov in omogo\u010da hitre spremembe barv.<\/span><\/li>\n<li><strong><span style=\"vertical-align: inherit;\">Hitre spremembe barv:<\/span><\/strong><span style=\"vertical-align: inherit;\"> Kompaktna oblika omogo\u010da hitre barvne prehode in optimizira u\u010dinkovitost tiskanja.<\/span><\/li>\n<li><strong><span style=\"vertical-align: inherit;\">Kombinirani monta\u017eni nosilec in zra\u010dni kanal:<\/span><\/strong><span style=\"vertical-align: inherit;\"> Integrirani nosilec in poenostavljena nastavitev zra\u010dnega kanala za optimalno hlajenje.<\/span><\/li>\n<li><strong><span style=\"vertical-align: inherit;\">U\u010dinkovito hlajenje:<\/span><\/strong><span style=\"vertical-align: inherit;\"> Opremljen s 50 mm visoko u\u010dinkovitim ventilatorjem za dosledno in zanesljivo delovanje.<\/span><\/li>\n<\/ul>\n<p><strong><span style=\"vertical-align: inherit;\">Prednosti:<\/span><\/strong><\/p>\n<ul>\n<li><strong><span style=\"vertical-align: inherit;\">Izbolj\u0161ana natan\u010dnost:<\/span><\/strong><span style=\"vertical-align: inherit;\"> Dosezite vrhunsko natan\u010dnost v primerjavi s tiskanjem z ve\u010d \u0161obami s tremi razli\u010dnimi barvami.<\/span><\/li>\n<li><strong><span style=\"vertical-align: inherit;\">Minimalna koli\u010dina odpadnih nitk:<\/span><\/strong><span style=\"vertical-align: inherit;\"> Zmanj\u0161ana me\u0161alna komora in u\u010dinkovite spremembe barv znatno zmanj\u0161ajo koli\u010dino odpadnih nitk.<\/span><\/li>\n<\/ul>\n","protected":false},"excerpt":{"rendered":"<p><strong>Diamantni ekstruder<\/strong> z ve\u010djo natan\u010dnostjo v primerjavi s tiskanjem s tremi razli\u010dnimi barvami z ve\u010d \u0161obami.<\/p>\n","protected":false},"featured_media":6465,"comment_status":"closed","ping_status":"closed","template":"","meta":{"_acf_changed":false},"product_brand":[],"product_cat":[774,773,812,760,780,761,759],"product_tag":[],"brand":[],"class_list":{"0":"post-15023","1":"product","2":"type-product","3":"status-publish","4":"has-post-thumbnail","6":"product_cat-ekstruder-sl","7":"product_cat-ekstruderji","8":"product_cat-nadgradnje-ekstruderja","9":"product_cat-rezervni-deli","10":"product_cat-vroci-konci-hotends","11":"product_cat-vsi-rezervni-deli","12":"product_cat-znizano","14":"first","15":"instock","16":"sale","17":"taxable","18":"shipping-taxable","19":"purchasable","20":"product-type-simple"},"acf":[],"_links":{"self":[{"href":"https:\/\/azurefilm.com\/sl\/wp-json\/wp\/v2\/product\/15023","targetHints":{"allow":["GET"]}}],"collection":[{"href":"https:\/\/azurefilm.com\/sl\/wp-json\/wp\/v2\/product"}],"about":[{"href":"https:\/\/azurefilm.com\/sl\/wp-json\/wp\/v2\/types\/product"}],"replies":[{"embeddable":true,"href":"https:\/\/azurefilm.com\/sl\/wp-json\/wp\/v2\/comments?post=15023"}],"wp:featuredmedia":[{"embeddable":true,"href":"https:\/\/azurefilm.com\/sl\/wp-json\/wp\/v2\/media\/6465"}],"wp:attachment":[{"href":"https:\/\/azurefilm.com\/sl\/wp-json\/wp\/v2\/media?parent=15023"}],"wp:term":[{"taxonomy":"product_brand","embeddable":true,"href":"https:\/\/azurefilm.com\/sl\/wp-json\/wp\/v2\/product_brand?post=15023"},{"taxonomy":"product_cat","embeddable":true,"href":"https:\/\/azurefilm.com\/sl\/wp-json\/wp\/v2\/product_cat?post=15023"},{"taxonomy":"product_tag","embeddable":true,"href":"https:\/\/azurefilm.com\/sl\/wp-json\/wp\/v2\/product_tag?post=15023"},{"taxonomy":"brand","embeddable":true,"href":"https:\/\/azurefilm.com\/sl\/wp-json\/wp\/v2\/brand?post=15023"}],"curies":[{"name":"wp","href":"https:\/\/api.w.org\/{rel}","templated":true}]}}