
{"id":15027,"date":"2023-10-29T14:23:59","date_gmt":"2023-10-29T14:23:59","guid":{"rendered":"https:\/\/azurefilm.com\/product\/medeninast-zobnik-za-ekstruder\/"},"modified":"2025-12-28T16:27:54","modified_gmt":"2025-12-28T16:27:54","slug":"medeninast-zobnik-za-ekstruder","status":"publish","type":"product","link":"https:\/\/azurefilm.com\/sl\/izdelek\/medeninast-zobnik-za-ekstruder\/","title":{"rendered":"Medeninast zobnik za ekstruder"},"content":{"rendered":"<h2><strong>Klju\u010dne lastnosti:<\/strong><\/h2>\n<ul>\n<li>\u0160iroko se uporablja pri 3D tiskanju<\/li>\n<li>Omogo\u010da bolj\u0161o gladkost in natan\u010dnost pozicioniranja, kar ima za posledico bolj\u0161o kakovost tiska<\/li>\n<li>Material: medenina<\/li>\n<li>\u0160tevilo zob: 26 zob<\/li>\n<li>Dimenzija: 11 x 11mm<\/li>\n<li>Notranji fi 5mm<\/li>\n<li>Barva: zlata<\/li>\n<li>Cena velja za 1 kos<\/li>\n<\/ul>\n","protected":false},"excerpt":{"rendered":"<p><strong>Medeninast zobnik za ekstruder<\/strong>\u00a0 zagotavlja bolj\u0161o gladkost in natan\u010dnost pozicioniranja ter s tem bolj\u0161o kakovost tiskanja.<\/p>\n","protected":false},"featured_media":6513,"comment_status":"closed","ping_status":"closed","template":"","meta":{"_acf_changed":false},"product_brand":[],"product_cat":[775,773,760,761,759],"product_tag":[],"brand":[],"class_list":{"0":"post-15027","1":"product","2":"type-product","3":"status-publish","4":"has-post-thumbnail","6":"product_cat-deli-ekstruderja","7":"product_cat-ekstruderji","8":"product_cat-rezervni-deli","9":"product_cat-vsi-rezervni-deli","10":"product_cat-znizano","11":"pa_compatible-with-creality-fdm-3d-printers","12":"pa_fits-printer-creality-cr-10","13":"pa_fits-printer-creality-ender-3","15":"first","16":"instock","17":"sale","18":"taxable","19":"shipping-taxable","20":"purchasable","21":"product-type-simple"},"acf":[],"_links":{"self":[{"href":"https:\/\/azurefilm.com\/sl\/wp-json\/wp\/v2\/product\/15027","targetHints":{"allow":["GET"]}}],"collection":[{"href":"https:\/\/azurefilm.com\/sl\/wp-json\/wp\/v2\/product"}],"about":[{"href":"https:\/\/azurefilm.com\/sl\/wp-json\/wp\/v2\/types\/product"}],"replies":[{"embeddable":true,"href":"https:\/\/azurefilm.com\/sl\/wp-json\/wp\/v2\/comments?post=15027"}],"wp:featuredmedia":[{"embeddable":true,"href":"https:\/\/azurefilm.com\/sl\/wp-json\/wp\/v2\/media\/6513"}],"wp:attachment":[{"href":"https:\/\/azurefilm.com\/sl\/wp-json\/wp\/v2\/media?parent=15027"}],"wp:term":[{"taxonomy":"product_brand","embeddable":true,"href":"https:\/\/azurefilm.com\/sl\/wp-json\/wp\/v2\/product_brand?post=15027"},{"taxonomy":"product_cat","embeddable":true,"href":"https:\/\/azurefilm.com\/sl\/wp-json\/wp\/v2\/product_cat?post=15027"},{"taxonomy":"product_tag","embeddable":true,"href":"https:\/\/azurefilm.com\/sl\/wp-json\/wp\/v2\/product_tag?post=15027"},{"taxonomy":"brand","embeddable":true,"href":"https:\/\/azurefilm.com\/sl\/wp-json\/wp\/v2\/brand?post=15027"}],"curies":[{"name":"wp","href":"https:\/\/api.w.org\/{rel}","templated":true}]}}