
{"id":15030,"date":"2023-10-29T14:23:59","date_gmt":"2023-10-29T14:23:59","guid":{"rendered":"https:\/\/azurefilm.com\/product\/ventilator-6010\/"},"modified":"2025-10-27T17:33:20","modified_gmt":"2025-10-27T17:33:20","slug":"ventilator-6010","status":"publish","type":"product","link":"https:\/\/azurefilm.com\/sl\/izdelek\/ventilator-6010\/","title":{"rendered":"Ventilator 6010 12\/24V"},"content":{"rendered":"<h2><strong>Klju\u010dne lastnosti:<\/strong><\/h2>\n<ul>\n<li>Odli\u010den za hlajenje toplotnih odvodov na vro\u010dih delih, tiskalnikov, ekstruderja in <a href=\"https:\/\/azurefilm.com\/en\/3d-printer-parts\">drugih delov<\/a> na 3D tiskalnikih,<\/li>\n<li>Izdelan iz visokokakovostnih materialov, okolju prijazen, varen in ne\u0161kodljiv,<\/li>\n<li>Odporen na visoke temperature in izjemno trpe\u017een,<\/li>\n<li>Le\u017eaj je visoko natan\u010den, ima dolgo \u017eivljenjsko dobo,<\/li>\n<li>Visoka hitrost vrtenja z nizkim hrupom,<\/li>\n<li>Enostaven za namestitev.<\/li>\n<\/ul>\n<h2><strong>Specifikacije:<\/strong><\/h2>\n<ul>\n<li>Ime artikla: 6010 12\/24V hladilni ventilator<\/li>\n<li>Dimenzija ventilatorja: 60x60x10mm<\/li>\n<li>Vrsta le\u017eaja: rokav<\/li>\n<li>Nazivna napetost: DC 12\/24 V<\/li>\n<li>Nazivni tok: 0,18 Amp\u00b110 %<\/li>\n<li>Nazivna hitrost: 3200RPM\u00b110%<\/li>\n<li>Raven hrupa: 24dBA\u00b110%<\/li>\n<li>Pretok zraka: 12,6 CFM\u00b110 %<\/li>\n<li>Namestitvena mera: 50,0\u00b10,3mm<\/li>\n<\/ul>\n","protected":false},"excerpt":{"rendered":"<p><strong>Ventilator 6010<\/strong> za 3D tiskalnike je odli\u010den za hlajenje hladilnikov na vro\u010dih koncih, 3D tiskov, ekstruderjev in drugih delov 3D tiskalnika.<\/p>\n","protected":false},"featured_media":6556,"comment_status":"closed","ping_status":"closed","template":"","meta":{"_acf_changed":false},"product_brand":[],"product_cat":[760,776,761,759],"product_tag":[],"brand":[],"class_list":{"0":"post-15030","1":"product","2":"type-product","3":"status-publish","4":"has-post-thumbnail","6":"product_cat-rezervni-deli","7":"product_cat-ventilatorji","8":"product_cat-vsi-rezervni-deli","9":"product_cat-znizano","11":"first","12":"instock","13":"sale","14":"taxable","15":"shipping-taxable","16":"purchasable","17":"product-type-variable"},"acf":[],"_links":{"self":[{"href":"https:\/\/azurefilm.com\/sl\/wp-json\/wp\/v2\/product\/15030","targetHints":{"allow":["GET"]}}],"collection":[{"href":"https:\/\/azurefilm.com\/sl\/wp-json\/wp\/v2\/product"}],"about":[{"href":"https:\/\/azurefilm.com\/sl\/wp-json\/wp\/v2\/types\/product"}],"replies":[{"embeddable":true,"href":"https:\/\/azurefilm.com\/sl\/wp-json\/wp\/v2\/comments?post=15030"}],"wp:featuredmedia":[{"embeddable":true,"href":"https:\/\/azurefilm.com\/sl\/wp-json\/wp\/v2\/media\/6556"}],"wp:attachment":[{"href":"https:\/\/azurefilm.com\/sl\/wp-json\/wp\/v2\/media?parent=15030"}],"wp:term":[{"taxonomy":"product_brand","embeddable":true,"href":"https:\/\/azurefilm.com\/sl\/wp-json\/wp\/v2\/product_brand?post=15030"},{"taxonomy":"product_cat","embeddable":true,"href":"https:\/\/azurefilm.com\/sl\/wp-json\/wp\/v2\/product_cat?post=15030"},{"taxonomy":"product_tag","embeddable":true,"href":"https:\/\/azurefilm.com\/sl\/wp-json\/wp\/v2\/product_tag?post=15030"},{"taxonomy":"brand","embeddable":true,"href":"https:\/\/azurefilm.com\/sl\/wp-json\/wp\/v2\/brand?post=15030"}],"curies":[{"name":"wp","href":"https:\/\/api.w.org\/{rel}","templated":true}]}}