
{"id":15032,"date":"2023-10-29T14:23:59","date_gmt":"2023-10-29T14:23:59","guid":{"rendered":"https:\/\/azurefilm.com\/product\/vodilo-8mm\/"},"modified":"2026-03-31T09:57:27","modified_gmt":"2026-03-31T09:57:27","slug":"vodilo-8mm","status":"publish","type":"product","link":"https:\/\/azurefilm.com\/sl\/izdelek\/vodilo-8mm\/","title":{"rendered":"Vodilo 8\/10\/12mm"},"content":{"rendered":"<h4>Vodilo 8\/10\/12mm<\/h4>\n<h3><strong>Klju\u010dne lastnosti:<\/strong><\/h3>\n<ul>\n<li>100 % popolnoma novo in \u200b\u200bvisoke kakovosti<\/li>\n<li>Vzdr\u017eljivo in \u200b\u200bprakti\u010dno za uporabo<\/li>\n<li>Visoka natan\u010dnost, visoka trdota<\/li>\n<li>Gladka povr\u0161ina, odporna na trenje in korozijo<\/li>\n<li>Uporabno za 3D tiskalnike.<\/li>\n<\/ul>\n<h3><strong>Na voljo v razli\u010dnih dol\u017einah, ki ustrezajo va\u0161im potrebam:<\/strong><\/h3>\n<p>Vodila 8 mm<\/p>\n<ul>\n<li>400 mm<\/li>\n<li>500 mm<\/li>\n<li>600 mm<\/li>\n<li>1000 mm<\/li>\n<\/ul>\n<p>Vodila 10mm<\/p>\n<ul>\n<li>500 mm<\/li>\n<li>1000 mm<\/li>\n<\/ul>\n<p>Vodila 12 mm<\/p>\n<ul>\n<li>500 mm<\/li>\n<li>1000 mm<\/li>\n<\/ul>\n","protected":false},"excerpt":{"rendered":"<p>Vodilo 8\/10\/12mm za 3D tiskalnik premera 8 mm in dol\u017eine 274 mm, 322 mm ali 436 mm.<\/p>\n","protected":false},"featured_media":6598,"comment_status":"closed","ping_status":"closed","template":"","meta":{"_acf_changed":false},"product_brand":[],"product_cat":[763,760,761,759],"product_tag":[],"brand":[],"class_list":{"0":"post-15032","1":"product","2":"type-product","3":"status-publish","4":"has-post-thumbnail","6":"product_cat-lezaji-in-vodila","7":"product_cat-rezervni-deli","8":"product_cat-vsi-rezervni-deli","9":"product_cat-znizano","11":"first","12":"instock","13":"sale","14":"taxable","15":"shipping-taxable","16":"purchasable","17":"product-type-variable"},"acf":[],"_links":{"self":[{"href":"https:\/\/azurefilm.com\/sl\/wp-json\/wp\/v2\/product\/15032","targetHints":{"allow":["GET"]}}],"collection":[{"href":"https:\/\/azurefilm.com\/sl\/wp-json\/wp\/v2\/product"}],"about":[{"href":"https:\/\/azurefilm.com\/sl\/wp-json\/wp\/v2\/types\/product"}],"replies":[{"embeddable":true,"href":"https:\/\/azurefilm.com\/sl\/wp-json\/wp\/v2\/comments?post=15032"}],"wp:featuredmedia":[{"embeddable":true,"href":"https:\/\/azurefilm.com\/sl\/wp-json\/wp\/v2\/media\/6598"}],"wp:attachment":[{"href":"https:\/\/azurefilm.com\/sl\/wp-json\/wp\/v2\/media?parent=15032"}],"wp:term":[{"taxonomy":"product_brand","embeddable":true,"href":"https:\/\/azurefilm.com\/sl\/wp-json\/wp\/v2\/product_brand?post=15032"},{"taxonomy":"product_cat","embeddable":true,"href":"https:\/\/azurefilm.com\/sl\/wp-json\/wp\/v2\/product_cat?post=15032"},{"taxonomy":"product_tag","embeddable":true,"href":"https:\/\/azurefilm.com\/sl\/wp-json\/wp\/v2\/product_tag?post=15032"},{"taxonomy":"brand","embeddable":true,"href":"https:\/\/azurefilm.com\/sl\/wp-json\/wp\/v2\/brand?post=15032"}],"curies":[{"name":"wp","href":"https:\/\/api.w.org\/{rel}","templated":true}]}}