
{"id":15036,"date":"2023-10-29T14:23:59","date_gmt":"2023-10-29T14:23:59","guid":{"rendered":"https:\/\/azurefilm.com\/product\/lcd-pametni-graficni-krmilnik\/"},"modified":"2025-11-06T19:13:03","modified_gmt":"2025-11-06T19:13:03","slug":"lcd-pametni-graficni-krmilnik","status":"publish","type":"product","link":"https:\/\/azurefilm.com\/sl\/izdelek\/lcd-pametni-graficni-krmilnik\/","title":{"rendered":"LCD Pametni grafi\u010dni krmilnik"},"content":{"rendered":"<h2><strong>Klju\u010dne lastnosti:<\/strong><\/h2>\n<ul>\n<li>Ta popolnoma grafi\u010dni pametni krmilnik vsebuje \u010ditalnik kartic SD, plo\u0161\u010date kable, matri\u010dni LCD zaslon 128 x 64 pik in pametni adapter za Ramps 1.4.<\/li>\n<li>Lahko ga preprosto pove\u017eete s plo\u0161\u010do Ramps s prilo\u017eenim &#8220;pametnim adapterjem&#8221;.<\/li>\n<li>Po povezavi te plo\u0161\u010de z va\u0161imi Rampsi ne potrebujete ve\u010d svojega ra\u010dunalnika, pametni krmilnik napaja va\u0161o SD kartico. Natisnite svoje 3D modele brez ra\u010dunalnika, samo z dizajnom kode g, shranjenim na kartici SD.<\/li>\n<\/ul>\n","protected":false},"excerpt":{"rendered":"<p><strong>LCD Pametni grafi\u010dni krmilnik<\/strong> ima 128&#215;64 to\u010dk LCD in bralnik kartic SD. Na voljo je s plo\u0161\u010datimi kabli in pametnim adapterjem za Ramps 1.4.<\/p>\n","protected":false},"featured_media":6646,"comment_status":"closed","ping_status":"closed","template":"","meta":{"_acf_changed":false},"product_brand":[],"product_cat":[781,760,761,759],"product_tag":[],"brand":[],"class_list":{"0":"post-15036","1":"product","2":"type-product","3":"status-publish","4":"has-post-thumbnail","6":"product_cat-maticne-plosce","7":"product_cat-rezervni-deli","8":"product_cat-vsi-rezervni-deli","9":"product_cat-znizano","11":"first","12":"instock","13":"sale","14":"taxable","15":"shipping-taxable","16":"purchasable","17":"product-type-simple"},"acf":[],"_links":{"self":[{"href":"https:\/\/azurefilm.com\/sl\/wp-json\/wp\/v2\/product\/15036","targetHints":{"allow":["GET"]}}],"collection":[{"href":"https:\/\/azurefilm.com\/sl\/wp-json\/wp\/v2\/product"}],"about":[{"href":"https:\/\/azurefilm.com\/sl\/wp-json\/wp\/v2\/types\/product"}],"replies":[{"embeddable":true,"href":"https:\/\/azurefilm.com\/sl\/wp-json\/wp\/v2\/comments?post=15036"}],"wp:featuredmedia":[{"embeddable":true,"href":"https:\/\/azurefilm.com\/sl\/wp-json\/wp\/v2\/media\/6646"}],"wp:attachment":[{"href":"https:\/\/azurefilm.com\/sl\/wp-json\/wp\/v2\/media?parent=15036"}],"wp:term":[{"taxonomy":"product_brand","embeddable":true,"href":"https:\/\/azurefilm.com\/sl\/wp-json\/wp\/v2\/product_brand?post=15036"},{"taxonomy":"product_cat","embeddable":true,"href":"https:\/\/azurefilm.com\/sl\/wp-json\/wp\/v2\/product_cat?post=15036"},{"taxonomy":"product_tag","embeddable":true,"href":"https:\/\/azurefilm.com\/sl\/wp-json\/wp\/v2\/product_tag?post=15036"},{"taxonomy":"brand","embeddable":true,"href":"https:\/\/azurefilm.com\/sl\/wp-json\/wp\/v2\/brand?post=15036"}],"curies":[{"name":"wp","href":"https:\/\/api.w.org\/{rel}","templated":true}]}}