
{"id":15038,"date":"2023-10-29T14:23:59","date_gmt":"2023-10-29T14:23:59","guid":{"rendered":"https:\/\/azurefilm.com\/product\/lcd-kontrolna-plosca-mega-2560\/"},"modified":"2023-11-24T13:24:38","modified_gmt":"2023-11-24T13:24:38","slug":"lcd-kontrolna-plosca-mega-2560","status":"publish","type":"product","link":"https:\/\/azurefilm.com\/sl\/izdelek\/lcd-kontrolna-plosca-mega-2560\/","title":{"rendered":"LCD nadzorna plo\u0161\u010da Mega 2560"},"content":{"rendered":"<h4><span style=\"vertical-align: inherit;\">LCD nadzorna plo\u0161\u010da Mega 2560<\/span><\/h4>\n<h3><strong><span style=\"vertical-align: inherit;\">Klju\u010dne funkcije:<\/span><\/strong><\/h3>\n<p><span style=\"vertical-align: inherit;\">Sprostite potencial va\u0161ega 3D tiskalnika z:<\/span><\/p>\n<ul>\n<li><strong><span style=\"vertical-align: inherit;\">256 KB Flash pomnilnik:<\/span><\/strong><span style=\"vertical-align: inherit;\"> Raz\u0161irite svoje ustvarjalne mo\u017enosti z dovolj prostora za shranjevanje zapletenih oblik.<\/span><\/li>\n<li><strong><span style=\"vertical-align: inherit;\">8 KB pomnilnika RAM:<\/span><\/strong><span style=\"vertical-align: inherit;\"> Zagotovite gladko in u\u010dinkovito obdelavo podatkov za kompleksna tiskalna opravila.<\/span><\/li>\n<li><strong><span style=\"vertical-align: inherit;\">4 KB pomnilnika EEPROM:<\/span><\/strong><span style=\"vertical-align: inherit;\"> Brez te\u017eav shranite kriti\u010dne nastavitve in konfiguracije.<\/span><\/li>\n<li><strong><span style=\"vertical-align: inherit;\">Napajanje (12 V ali 24 V):<\/span><\/strong><span style=\"vertical-align: inherit;\"> Vsestranska zdru\u017eljivost za brezhibno integracijo v razli\u010dne nastavitve 3D-tiskanja.<\/span><\/li>\n<li><strong><span style=\"vertical-align: inherit;\">5 kora\u010dnih gonilnikov A4988:<\/span><\/strong><span style=\"vertical-align: inherit;\"> Izkusite natan\u010dno in zanesljivo krmiljenje kora\u010dnih motorjev za optimalno kakovost tiskanja.<\/span><\/li>\n<li><strong><span style=\"vertical-align: inherit;\">Kompaktne dimenzije (90 x 110 mm):<\/span><\/strong><span style=\"vertical-align: inherit;\"> Zasnova, ki prihrani prostor brez ogro\u017eanja zmogljivosti.<\/span><\/li>\n<\/ul>\n<p><strong><span style=\"vertical-align: inherit;\">Vsebina paketa:<\/span><\/strong><\/p>\n<ol>\n<li><strong><span style=\"vertical-align: inherit;\">Tiskalnik 3D Mega 2560 Plate z gonilniki kora\u010dnih motorjev A4988:<\/span><\/strong><span style=\"vertical-align: inherit;\"> Celovita re\u0161itev za izbolj\u0161an nadzor motorja in zanesljivost.<\/span><\/li>\n<li><strong><span style=\"vertical-align: inherit;\">LCD-zaslon s priklju\u010dki:<\/span><\/strong><span style=\"vertical-align: inherit;\"> Intuitiven in uporabniku prijazen, ki omogo\u010da vpogled v va\u0161 postopek tiskanja v realnem \u010dasu.<\/span><\/li>\n<\/ol>\n<p><strong><span style=\"vertical-align: inherit;\">Odklenite neomejeno ustvarjalnost:<\/span><\/strong><span style=\"vertical-align: inherit;\"> Okrepite svoje projekte 3D-tiskanja z nadzorno plo\u0161\u010do LCD Mega 2560. S svojim ekspanzivnim pomnilnikom, naprednimi gonilniki kora\u010dnih motorjev in vsestranskimi mo\u017enostmi napajanja je ta plo\u0161\u010da va\u0161 klju\u010d do premikanja meja mo\u017enega. Izbolj\u0161ajte svojo izdelavo in dosegajte osupljive rezultate z nadzorno plo\u0161\u010do LCD Mega 2560 \u2013 kjer se inovacija sre\u010da z natan\u010dnostjo. Nadgradite nastavitev 3D-tiskanja in se podajte na popotovanje neskon\u010dne ustvarjalnosti.<\/span><\/p>\n","protected":false},"excerpt":{"rendered":"<h4><span style=\"vertical-align: inherit;\">LCD nadzorna plo\u0161\u010da Mega 2560 <\/span><span style=\"vertical-align: inherit;\">&#8211; <\/span>\u00a0va\u0161 prehod do izbolj\u0161ane natan\u010dnosti in nadzora 3D tiskanja. Ta vrhunska plo\u0161\u010da, opremljena z robustnimi funkcijami, je zasnovana za izbolj\u0161anje va\u0161e izku\u0161nje s 3D tiskanjem.<\/h4>\n","protected":false},"featured_media":6656,"comment_status":"closed","ping_status":"closed","template":"","meta":{"_acf_changed":false},"product_brand":[],"product_cat":[781,760,761,759],"product_tag":[],"brand":[],"class_list":{"0":"post-15038","1":"product","2":"type-product","3":"status-publish","4":"has-post-thumbnail","6":"product_cat-maticne-plosce","7":"product_cat-rezervni-deli","8":"product_cat-vsi-rezervni-deli","9":"product_cat-znizano","11":"first","12":"instock","13":"sale","14":"taxable","15":"shipping-taxable","16":"purchasable","17":"product-type-simple"},"acf":[],"_links":{"self":[{"href":"https:\/\/azurefilm.com\/sl\/wp-json\/wp\/v2\/product\/15038","targetHints":{"allow":["GET"]}}],"collection":[{"href":"https:\/\/azurefilm.com\/sl\/wp-json\/wp\/v2\/product"}],"about":[{"href":"https:\/\/azurefilm.com\/sl\/wp-json\/wp\/v2\/types\/product"}],"replies":[{"embeddable":true,"href":"https:\/\/azurefilm.com\/sl\/wp-json\/wp\/v2\/comments?post=15038"}],"wp:featuredmedia":[{"embeddable":true,"href":"https:\/\/azurefilm.com\/sl\/wp-json\/wp\/v2\/media\/6656"}],"wp:attachment":[{"href":"https:\/\/azurefilm.com\/sl\/wp-json\/wp\/v2\/media?parent=15038"}],"wp:term":[{"taxonomy":"product_brand","embeddable":true,"href":"https:\/\/azurefilm.com\/sl\/wp-json\/wp\/v2\/product_brand?post=15038"},{"taxonomy":"product_cat","embeddable":true,"href":"https:\/\/azurefilm.com\/sl\/wp-json\/wp\/v2\/product_cat?post=15038"},{"taxonomy":"product_tag","embeddable":true,"href":"https:\/\/azurefilm.com\/sl\/wp-json\/wp\/v2\/product_tag?post=15038"},{"taxonomy":"brand","embeddable":true,"href":"https:\/\/azurefilm.com\/sl\/wp-json\/wp\/v2\/brand?post=15038"}],"curies":[{"name":"wp","href":"https:\/\/api.w.org\/{rel}","templated":true}]}}