
{"id":15039,"date":"2023-10-29T14:23:59","date_gmt":"2023-10-29T14:23:59","guid":{"rendered":"https:\/\/azurefilm.com\/product\/nema-motor-cable-0-8m-1-0m-1-5m-long\/"},"modified":"2026-04-21T22:06:50","modified_gmt":"2026-04-21T22:06:50","slug":"nema-motor-cable-0-8m-1-0m-1-5m-long","status":"publish","type":"product","link":"https:\/\/azurefilm.com\/sl\/izdelek\/nema-motor-cable-0-8m-1-0m-1-5m-long\/","title":{"rendered":"Motorni kabel Nema dol\u017eine 0,8 m, 1,0 m, 1,5 m"},"content":{"rendered":"<h4><span style=\"vertical-align: inherit;\">Motorni kabel Nema dol\u017eine 0,8 m, 1,0 m, 1,5 m<\/span><\/h4>\n<h3><strong><span style=\"vertical-align: inherit;\">Glavne lastnosti:<\/span><\/strong><\/h3>\n<ul>\n<li><span style=\"vertical-align: inherit;\">Razpolo\u017eljive dol\u017eine: 0,8m, 1,0m, 1,5m<\/span><\/li>\n<li><span style=\"vertical-align: inherit;\">Vsestranske mo\u017enosti kablov: izbirajte med dol\u017einami 0,8 m, 1,0 m ali 1,5 m, da izpolnite svoje posebne potrebe uporabe.<\/span><\/li>\n<li><span style=\"vertical-align: inherit;\">Vzdr\u017eljiva konstrukcija: Zasnovan za zagotavljanje zanesljive povezave za motorje NEMA.<\/span><\/li>\n<li><span style=\"vertical-align: inherit;\">Mo\u017enosti optimalne dol\u017eine: Izberite dol\u017eino kabla, ki najbolje ustreza va\u0161im potrebam po namestitvi.<\/span><\/li>\n<li><span style=\"vertical-align: inherit;\">Plug-and-Play: \u017ee pripravljeni kabli za prakti\u010dno in enostavno priklju\u010ditev motorja.<\/span><\/li>\n<li><span style=\"vertical-align: inherit;\">Kakovostni materiali: izdelani iz materialov, ki zagotavljajo vzdr\u017eljivost in dolgotrajno delovanje.<\/span><\/li>\n<\/ul>\n<p>&nbsp;<\/p>\n","protected":false},"excerpt":{"rendered":"<h4><span style=\"vertical-align: inherit;\">Motorni kabel Nema dol\u017eine 0,8 m, 1,0 m, 1,5 m<\/span><\/h4>\n","protected":false},"featured_media":6661,"comment_status":"closed","ping_status":"closed","template":"","meta":{"_acf_changed":false},"product_brand":[],"product_cat":[760,784,782,761,759],"product_tag":[],"brand":[],"class_list":{"0":"post-15039","1":"product","2":"type-product","3":"status-publish","4":"has-post-thumbnail","6":"product_cat-rezervni-deli","7":"product_cat-koracni-motorji","8":"product_cat-motorji-in-gonilniki","9":"product_cat-vsi-rezervni-deli","10":"product_cat-znizano","12":"first","13":"instock","14":"sale","15":"taxable","16":"shipping-taxable","17":"purchasable","18":"product-type-variable"},"acf":[],"_links":{"self":[{"href":"https:\/\/azurefilm.com\/sl\/wp-json\/wp\/v2\/product\/15039","targetHints":{"allow":["GET"]}}],"collection":[{"href":"https:\/\/azurefilm.com\/sl\/wp-json\/wp\/v2\/product"}],"about":[{"href":"https:\/\/azurefilm.com\/sl\/wp-json\/wp\/v2\/types\/product"}],"replies":[{"embeddable":true,"href":"https:\/\/azurefilm.com\/sl\/wp-json\/wp\/v2\/comments?post=15039"}],"wp:featuredmedia":[{"embeddable":true,"href":"https:\/\/azurefilm.com\/sl\/wp-json\/wp\/v2\/media\/6661"}],"wp:attachment":[{"href":"https:\/\/azurefilm.com\/sl\/wp-json\/wp\/v2\/media?parent=15039"}],"wp:term":[{"taxonomy":"product_brand","embeddable":true,"href":"https:\/\/azurefilm.com\/sl\/wp-json\/wp\/v2\/product_brand?post=15039"},{"taxonomy":"product_cat","embeddable":true,"href":"https:\/\/azurefilm.com\/sl\/wp-json\/wp\/v2\/product_cat?post=15039"},{"taxonomy":"product_tag","embeddable":true,"href":"https:\/\/azurefilm.com\/sl\/wp-json\/wp\/v2\/product_tag?post=15039"},{"taxonomy":"brand","embeddable":true,"href":"https:\/\/azurefilm.com\/sl\/wp-json\/wp\/v2\/brand?post=15039"}],"curies":[{"name":"wp","href":"https:\/\/api.w.org\/{rel}","templated":true}]}}