
{"id":15040,"date":"2023-10-29T14:24:55","date_gmt":"2023-10-29T14:24:55","guid":{"rendered":"https:\/\/azurefilm.com\/product\/nema-23-koracni-motor\/"},"modified":"2026-02-16T20:55:05","modified_gmt":"2026-02-16T20:55:05","slug":"nema-23-koracni-motor","status":"publish","type":"product","link":"https:\/\/azurefilm.com\/sl\/izdelek\/nema-23-koracni-motor\/","title":{"rendered":"Nema 23 kora\u010dni motor"},"content":{"rendered":"<h2><strong>Klju\u010dne lastnosti:<\/strong><\/h2>\n<ul>\n<li>\n<h3><strong>VISOKI NAVOR:<\/strong><\/h3>\n<\/li>\n<\/ul>\n<p>Komplet kora\u010dnih motorjev za 3D tiskalnik je opremljen z visokokakovostnim motornim jeklenim materialom in ima visok navor, nizko reaktanco samoinduktivnosti, odziven in se lahko izogne \u200b\u200bsistemskim napakam.<\/p>\n<ul>\n<li>\n<h3><strong>NIZEK HRUP: <\/strong><\/h3>\n<\/li>\n<\/ul>\n<p>Rotor je prekrit z gumo, ki u\u010dinkovito zmanj\u0161a hrup.<\/p>\n<ul>\n<li>\n<h3><strong>TRAJEN &amp; TRDEN:<\/strong><\/h3>\n<\/li>\n<\/ul>\n<p>Na\u0161 mini motor uporablja kovino visoke trdote, je mo\u010dan in trpe\u017een. In mat tekstura v stranski steni lahko pove\u010da trenje.<\/p>\n<ul>\n<li>\n<h3><strong>\u0160IROKA UPORABA:<\/strong><\/h3>\n<\/li>\n<\/ul>\n<p>Te majhne motorje je mogo\u010de uporabiti na razli\u010dnih podro\u010djih, kot je odrska razsvetljava; lasersko graviranje; tekstilni stroji; medicinska oprema; stroj za polaganje; nestandardna oprema; 3D tiskalnik; oprema za avtomatizacijo itd.<\/p>\n<ul>\n<li>\n<h3><strong>KAJ DOBITE:<\/strong><\/h3>\n<\/li>\n<\/ul>\n<p>Paket vklju\u010duje 1 kora\u010dni motor.<\/p>\n","protected":false},"excerpt":{"rendered":"<p><strong>Nema 23 kora\u010dni motor<\/strong> ima nizko raven hrupa, dolgo \u017eivljenjsko dobo in visoko zmogljivost.<\/p>\n","protected":false},"featured_media":30158,"comment_status":"closed","ping_status":"closed","template":"","meta":{"_acf_changed":false},"product_brand":[],"product_cat":[784,782,760,761,759],"product_tag":[],"brand":[],"class_list":{"0":"post-15040","1":"product","2":"type-product","3":"status-publish","4":"has-post-thumbnail","6":"product_cat-koracni-motorji","7":"product_cat-motorji-in-gonilniki","8":"product_cat-rezervni-deli","9":"product_cat-vsi-rezervni-deli","10":"product_cat-znizano","12":"first","13":"instock","14":"sale","15":"taxable","16":"shipping-taxable","17":"purchasable","18":"product-type-simple"},"acf":[],"_links":{"self":[{"href":"https:\/\/azurefilm.com\/sl\/wp-json\/wp\/v2\/product\/15040","targetHints":{"allow":["GET"]}}],"collection":[{"href":"https:\/\/azurefilm.com\/sl\/wp-json\/wp\/v2\/product"}],"about":[{"href":"https:\/\/azurefilm.com\/sl\/wp-json\/wp\/v2\/types\/product"}],"replies":[{"embeddable":true,"href":"https:\/\/azurefilm.com\/sl\/wp-json\/wp\/v2\/comments?post=15040"}],"wp:featuredmedia":[{"embeddable":true,"href":"https:\/\/azurefilm.com\/sl\/wp-json\/wp\/v2\/media\/30158"}],"wp:attachment":[{"href":"https:\/\/azurefilm.com\/sl\/wp-json\/wp\/v2\/media?parent=15040"}],"wp:term":[{"taxonomy":"product_brand","embeddable":true,"href":"https:\/\/azurefilm.com\/sl\/wp-json\/wp\/v2\/product_brand?post=15040"},{"taxonomy":"product_cat","embeddable":true,"href":"https:\/\/azurefilm.com\/sl\/wp-json\/wp\/v2\/product_cat?post=15040"},{"taxonomy":"product_tag","embeddable":true,"href":"https:\/\/azurefilm.com\/sl\/wp-json\/wp\/v2\/product_tag?post=15040"},{"taxonomy":"brand","embeddable":true,"href":"https:\/\/azurefilm.com\/sl\/wp-json\/wp\/v2\/brand?post=15040"}],"curies":[{"name":"wp","href":"https:\/\/api.w.org\/{rel}","templated":true}]}}