
{"id":15042,"date":"2023-10-29T14:24:55","date_gmt":"2023-10-29T14:24:55","guid":{"rendered":"https:\/\/azurefilm.com\/product\/ventilator-s-polzem-5015\/"},"modified":"2026-03-16T11:06:41","modified_gmt":"2026-03-16T11:06:41","slug":"ventilator-s-polzem-5015","status":"publish","type":"product","link":"https:\/\/azurefilm.com\/sl\/izdelek\/ventilator-s-polzem-5015\/","title":{"rendered":"Ventilator s pol\u017eem 5015 12\/24V"},"content":{"rendered":"<h2><span style=\"text-decoration: underline;\"><strong>Klju\u010dne funkcije:<\/strong><\/span><\/h2>\n<p>Odli\u010den za hlajenje toplotnih odvodov na vro\u010dih delih, tiskalnikov, ekstruderja in drugih delov 3D-tiskalnika.<br \/>\nPoleg tega lahko visoke hitrosti hitro ohladijo va\u0161 tiskalnik. Ta hladilni ventilator, izdelan iz visokokakovostnih materialov, je okolju prijazen, varen in ne\u0161kodljiv.<\/p>\n<ul>\n<li>Odli\u010dno za hlajenje toplotnih odvodov na vro\u010dih delih, tiskalnikov, ekstruderja in drugih delov na 3D tiskalnikih,<\/li>\n<li>Izdelan iz visoko kakovostnih materialov, okolju prijazen, varen in ne\u0161kodljiv,<\/li>\n<li>Odporen na visoke temperature in izjemno trpe\u017een,<\/li>\n<li>Le\u017eaj je visoko natan\u010den, ima dolgo \u017eivljenjsko dobo,<\/li>\n<li>50mm radialni hladilni ventilator z 2-polnim priklju\u010dkom,<\/li>\n<li>Visoka hitrost vrtenja z nizkim hrupom,<\/li>\n<li>Enostaven za namestitev.<\/li>\n<\/ul>\n<h2><span style=\"text-decoration: underline;\"><strong>Specifikacije<\/strong>:<\/span><\/h2>\n<ul>\n<li>Barva glavnega ohi\u0161ja: \u010drn izdelek<\/li>\n<li>Velikost: 50 * 15mm<\/li>\n<li>Velikost odprtine za dovod zraka: 32,3mm<\/li>\n<li>Velikost izhoda zraka: 20 * 15mm<\/li>\n<li>Vrste: 12V, 24V (izbirno)<\/li>\n<\/ul>\n<h3><strong>Za ventilator 12 V:<\/strong><\/h3>\n<ul>\n<li>Nazivna napetost: DC 12 V<\/li>\n<li>Nazivni tok: 0,28 A<\/li>\n<li>Poraba energije: 3,36 W<\/li>\n<li>Vrtljaji: 6800 \u00b1 10 % RPM<\/li>\n<li>Hrup: 35 DBA<\/li>\n<\/ul>\n<h3><strong>Za ventilator 24 V:<\/strong><\/h3>\n<ul>\n<li>Nazivna napetost: DC 24 V<\/li>\n<li>Vrtljaji: 4200 \u00b1 10 % RPM<\/li>\n<\/ul>\n","protected":false},"excerpt":{"rendered":"<p><strong>Ventilator s pol\u017eem 5015<\/strong> za 3D tiskalnike je odli\u010den za hlajenje hladilnikov na vro\u010dih koncih, 3D tiskov, ekstruderjev in drugih delov 3D tiskalnika.<\/p>\n","protected":false},"featured_media":6688,"comment_status":"closed","ping_status":"closed","template":"","meta":{"_acf_changed":false},"product_brand":[],"product_cat":[760,776,761,759],"product_tag":[],"brand":[],"class_list":{"0":"post-15042","1":"product","2":"type-product","3":"status-publish","4":"has-post-thumbnail","6":"product_cat-rezervni-deli","7":"product_cat-ventilatorji","8":"product_cat-vsi-rezervni-deli","9":"product_cat-znizano","11":"first","12":"instock","13":"sale","14":"taxable","15":"shipping-taxable","16":"purchasable","17":"product-type-variable"},"acf":[],"_links":{"self":[{"href":"https:\/\/azurefilm.com\/sl\/wp-json\/wp\/v2\/product\/15042","targetHints":{"allow":["GET"]}}],"collection":[{"href":"https:\/\/azurefilm.com\/sl\/wp-json\/wp\/v2\/product"}],"about":[{"href":"https:\/\/azurefilm.com\/sl\/wp-json\/wp\/v2\/types\/product"}],"replies":[{"embeddable":true,"href":"https:\/\/azurefilm.com\/sl\/wp-json\/wp\/v2\/comments?post=15042"}],"wp:featuredmedia":[{"embeddable":true,"href":"https:\/\/azurefilm.com\/sl\/wp-json\/wp\/v2\/media\/6688"}],"wp:attachment":[{"href":"https:\/\/azurefilm.com\/sl\/wp-json\/wp\/v2\/media?parent=15042"}],"wp:term":[{"taxonomy":"product_brand","embeddable":true,"href":"https:\/\/azurefilm.com\/sl\/wp-json\/wp\/v2\/product_brand?post=15042"},{"taxonomy":"product_cat","embeddable":true,"href":"https:\/\/azurefilm.com\/sl\/wp-json\/wp\/v2\/product_cat?post=15042"},{"taxonomy":"product_tag","embeddable":true,"href":"https:\/\/azurefilm.com\/sl\/wp-json\/wp\/v2\/product_tag?post=15042"},{"taxonomy":"brand","embeddable":true,"href":"https:\/\/azurefilm.com\/sl\/wp-json\/wp\/v2\/brand?post=15042"}],"curies":[{"name":"wp","href":"https:\/\/api.w.org\/{rel}","templated":true}]}}