
{"id":15048,"date":"2023-10-29T14:24:55","date_gmt":"2023-10-29T14:24:55","guid":{"rendered":"https:\/\/azurefilm.com\/product\/hladilnik-za-smint-plosco\/"},"modified":"2023-10-29T17:01:33","modified_gmt":"2023-10-29T17:01:33","slug":"hladilnik-za-smint-plosco","status":"publish","type":"product","link":"https:\/\/azurefilm.com\/sl\/izdelek\/hladilnik-za-smint-plosco\/","title":{"rendered":"Hladilnik za smint plo\u0161\u010do"},"content":{"rendered":"<p><strong>Hladilnik za smint plo\u0161\u010do<\/strong> je izdelan iz visokokakovostnega materiala, ki omogo\u010da dolgotrajno in zanesljivo uporabo.<\/p>\n","protected":false},"excerpt":{"rendered":"<p><strong>Hladilnik za smint plo\u0161\u010do<\/strong> je izdelan iz visokokakovostnega materiala, ki omogo\u010da dolgotrajno in zanesljivo uporabo.<\/p>\n","protected":false},"featured_media":6766,"comment_status":"closed","ping_status":"closed","template":"","meta":{"_acf_changed":false},"product_brand":[],"product_cat":[760,776,761,759],"product_tag":[],"brand":[],"class_list":{"0":"post-15048","1":"product","2":"type-product","3":"status-publish","4":"has-post-thumbnail","6":"product_cat-rezervni-deli","7":"product_cat-ventilatorji","8":"product_cat-vsi-rezervni-deli","9":"product_cat-znizano","11":"first","12":"instock","13":"sale","14":"taxable","15":"shipping-taxable","16":"purchasable","17":"product-type-simple"},"acf":[],"_links":{"self":[{"href":"https:\/\/azurefilm.com\/sl\/wp-json\/wp\/v2\/product\/15048","targetHints":{"allow":["GET"]}}],"collection":[{"href":"https:\/\/azurefilm.com\/sl\/wp-json\/wp\/v2\/product"}],"about":[{"href":"https:\/\/azurefilm.com\/sl\/wp-json\/wp\/v2\/types\/product"}],"replies":[{"embeddable":true,"href":"https:\/\/azurefilm.com\/sl\/wp-json\/wp\/v2\/comments?post=15048"}],"wp:featuredmedia":[{"embeddable":true,"href":"https:\/\/azurefilm.com\/sl\/wp-json\/wp\/v2\/media\/6766"}],"wp:attachment":[{"href":"https:\/\/azurefilm.com\/sl\/wp-json\/wp\/v2\/media?parent=15048"}],"wp:term":[{"taxonomy":"product_brand","embeddable":true,"href":"https:\/\/azurefilm.com\/sl\/wp-json\/wp\/v2\/product_brand?post=15048"},{"taxonomy":"product_cat","embeddable":true,"href":"https:\/\/azurefilm.com\/sl\/wp-json\/wp\/v2\/product_cat?post=15048"},{"taxonomy":"product_tag","embeddable":true,"href":"https:\/\/azurefilm.com\/sl\/wp-json\/wp\/v2\/product_tag?post=15048"},{"taxonomy":"brand","embeddable":true,"href":"https:\/\/azurefilm.com\/sl\/wp-json\/wp\/v2\/brand?post=15048"}],"curies":[{"name":"wp","href":"https:\/\/api.w.org\/{rel}","templated":true}]}}