
{"id":15050,"date":"2023-10-29T14:24:55","date_gmt":"2023-10-29T14:24:55","guid":{"rendered":"https:\/\/azurefilm.com\/product\/lezaj-mr105zz\/"},"modified":"2025-10-24T07:37:23","modified_gmt":"2025-10-24T07:37:23","slug":"lezaj-mr105zz","status":"publish","type":"product","link":"https:\/\/azurefilm.com\/sl\/izdelek\/lezaj-mr105zz\/","title":{"rendered":"Le\u017eaj MR105ZZ"},"content":{"rendered":"<h2><strong>Klju\u010dne lastnosti:<\/strong><\/h2>\n<ul>\n<li>Dimenzije: 15,23&#215;8,8mm<\/li>\n<li>Z majhnim trenjem in visoko mejno hitrostjo so krogli\u010dni le\u017eaji stro\u0161kovno u\u010dinkoviti in zahtevajo malo vzdr\u017eevanja<\/li>\n<li>Enostavna namestitev &amp; Zamenjava<\/li>\n<li>Z visoko natan\u010dnostjo<\/li>\n<li>Nizka raven hrupa<\/li>\n<li>Barva: \u010drna<\/li>\n<\/ul>\n","protected":false},"excerpt":{"rendered":"<p><strong>Le\u017eaj MR105ZZ<\/strong> je vzdr\u017eljiv in visokokakovosten, v dimenzijah  15,23&#215;8,8mm.<\/p>\n","protected":false},"featured_media":6788,"comment_status":"closed","ping_status":"closed","template":"","meta":{"_acf_changed":false},"product_brand":[],"product_cat":[763,760,761,759],"product_tag":[],"brand":[],"class_list":{"0":"post-15050","1":"product","2":"type-product","3":"status-publish","4":"has-post-thumbnail","6":"product_cat-lezaji-in-vodila","7":"product_cat-rezervni-deli","8":"product_cat-vsi-rezervni-deli","9":"product_cat-znizano","11":"first","12":"instock","13":"sale","14":"taxable","15":"shipping-taxable","16":"purchasable","17":"product-type-simple"},"acf":[],"_links":{"self":[{"href":"https:\/\/azurefilm.com\/sl\/wp-json\/wp\/v2\/product\/15050","targetHints":{"allow":["GET"]}}],"collection":[{"href":"https:\/\/azurefilm.com\/sl\/wp-json\/wp\/v2\/product"}],"about":[{"href":"https:\/\/azurefilm.com\/sl\/wp-json\/wp\/v2\/types\/product"}],"replies":[{"embeddable":true,"href":"https:\/\/azurefilm.com\/sl\/wp-json\/wp\/v2\/comments?post=15050"}],"wp:featuredmedia":[{"embeddable":true,"href":"https:\/\/azurefilm.com\/sl\/wp-json\/wp\/v2\/media\/6788"}],"wp:attachment":[{"href":"https:\/\/azurefilm.com\/sl\/wp-json\/wp\/v2\/media?parent=15050"}],"wp:term":[{"taxonomy":"product_brand","embeddable":true,"href":"https:\/\/azurefilm.com\/sl\/wp-json\/wp\/v2\/product_brand?post=15050"},{"taxonomy":"product_cat","embeddable":true,"href":"https:\/\/azurefilm.com\/sl\/wp-json\/wp\/v2\/product_cat?post=15050"},{"taxonomy":"product_tag","embeddable":true,"href":"https:\/\/azurefilm.com\/sl\/wp-json\/wp\/v2\/product_tag?post=15050"},{"taxonomy":"brand","embeddable":true,"href":"https:\/\/azurefilm.com\/sl\/wp-json\/wp\/v2\/brand?post=15050"}],"curies":[{"name":"wp","href":"https:\/\/api.w.org\/{rel}","templated":true}]}}