
{"id":15057,"date":"2023-10-29T14:24:55","date_gmt":"2023-10-29T14:24:55","guid":{"rendered":"https:\/\/azurefilm.com\/product\/plosca-za-prikljucitev-laserja\/"},"modified":"2023-12-30T09:44:20","modified_gmt":"2023-12-30T09:44:20","slug":"plosca-za-prikljucitev-laserja","status":"publish","type":"product","link":"https:\/\/azurefilm.com\/sl\/izdelek\/plosca-za-prikljucitev-laserja\/","title":{"rendered":"Plo\u0161\u010da za priklju\u010ditev laserja"},"content":{"rendered":"<p><strong>Plo\u0161\u010da za priklju\u010ditev laserja<\/strong> zdru\u017eljiva s Creality Ender3 in Ender 3 PRO.<\/p>\n","protected":false},"excerpt":{"rendered":"<p><strong>Plo\u0161\u010da za priklju\u010ditev laserja<\/strong> zdru\u017eljiva s Creality Ender3 in Ender 3 PRO.<\/p>\n","protected":false},"featured_media":6831,"comment_status":"closed","ping_status":"closed","template":"","meta":{"_acf_changed":false},"product_brand":[],"product_cat":[781,760,761,759],"product_tag":[],"brand":[],"class_list":{"0":"post-15057","1":"product","2":"type-product","3":"status-publish","4":"has-post-thumbnail","6":"product_cat-maticne-plosce","7":"product_cat-rezervni-deli","8":"product_cat-vsi-rezervni-deli","9":"product_cat-znizano","11":"first","12":"outofstock","13":"sale","14":"taxable","15":"shipping-taxable","16":"purchasable","17":"product-type-simple"},"acf":[],"_links":{"self":[{"href":"https:\/\/azurefilm.com\/sl\/wp-json\/wp\/v2\/product\/15057","targetHints":{"allow":["GET"]}}],"collection":[{"href":"https:\/\/azurefilm.com\/sl\/wp-json\/wp\/v2\/product"}],"about":[{"href":"https:\/\/azurefilm.com\/sl\/wp-json\/wp\/v2\/types\/product"}],"replies":[{"embeddable":true,"href":"https:\/\/azurefilm.com\/sl\/wp-json\/wp\/v2\/comments?post=15057"}],"wp:featuredmedia":[{"embeddable":true,"href":"https:\/\/azurefilm.com\/sl\/wp-json\/wp\/v2\/media\/6831"}],"wp:attachment":[{"href":"https:\/\/azurefilm.com\/sl\/wp-json\/wp\/v2\/media?parent=15057"}],"wp:term":[{"taxonomy":"product_brand","embeddable":true,"href":"https:\/\/azurefilm.com\/sl\/wp-json\/wp\/v2\/product_brand?post=15057"},{"taxonomy":"product_cat","embeddable":true,"href":"https:\/\/azurefilm.com\/sl\/wp-json\/wp\/v2\/product_cat?post=15057"},{"taxonomy":"product_tag","embeddable":true,"href":"https:\/\/azurefilm.com\/sl\/wp-json\/wp\/v2\/product_tag?post=15057"},{"taxonomy":"brand","embeddable":true,"href":"https:\/\/azurefilm.com\/sl\/wp-json\/wp\/v2\/brand?post=15057"}],"curies":[{"name":"wp","href":"https:\/\/api.w.org\/{rel}","templated":true}]}}