
{"id":15074,"date":"2023-10-29T14:25:25","date_gmt":"2023-10-29T14:25:25","guid":{"rendered":"https:\/\/azurefilm.com\/product\/creality-ekscentricni-vijak-za-ekstruder\/"},"modified":"2025-12-28T16:27:54","modified_gmt":"2025-12-28T16:27:54","slug":"creality-ekscentricni-vijak-za-ekstruder","status":"publish","type":"product","link":"https:\/\/azurefilm.com\/sl\/izdelek\/creality-ekscentricni-vijak-za-ekstruder\/","title":{"rendered":"Creality ekscentri\u010dni vijak za ekstruder"},"content":{"rendered":"<h2><b>Klju\u010dne lastnosti:<\/b><\/h2>\n<ul>\n<li>Odpornost proti obrabi, vzdr\u017eljiv in dolgotrajen, vrhunska odpornost proti rji in odli\u010dna odpornost proti oksidaciji.<\/li>\n<li>Stabilna togost, lahek, nemagneten in odporen proti koroziji.<\/li>\n<li>Izdelan iz elasti\u010dnega nerjave\u010dega jekla, odpornega proti obrabi.<\/li>\n<li>Ekscentri\u010dni vijak ima izvrtino 5mm in ga je mogo\u010de nastaviti z 10mm klju\u010dem.<\/li>\n<li>Ekscentri\u010dni vijak ima zarezo na zunanji strani, ki vam omogo\u010da, da ves \u010das veste, kje se nahaja najmanj\u0161i del luknje CAM.<\/li>\n<\/ul>\n","protected":false},"excerpt":{"rendered":"<p><strong>Creality ekscentri\u010dni vijak za ekstruder<\/strong>z odpornostjo proti obrabi, rjavenju in oksidaciji.<\/p>\n","protected":false},"featured_media":6944,"comment_status":"closed","ping_status":"closed","template":"","meta":{"_acf_changed":false},"product_brand":[],"product_cat":[775,773,760,761,759],"product_tag":[],"brand":[],"class_list":{"0":"post-15074","1":"product","2":"type-product","3":"status-publish","4":"has-post-thumbnail","6":"product_cat-deli-ekstruderja","7":"product_cat-ekstruderji","8":"product_cat-rezervni-deli","9":"product_cat-vsi-rezervni-deli","10":"product_cat-znizano","12":"first","13":"instock","14":"sale","15":"taxable","16":"shipping-taxable","17":"purchasable","18":"product-type-simple"},"acf":[],"_links":{"self":[{"href":"https:\/\/azurefilm.com\/sl\/wp-json\/wp\/v2\/product\/15074","targetHints":{"allow":["GET"]}}],"collection":[{"href":"https:\/\/azurefilm.com\/sl\/wp-json\/wp\/v2\/product"}],"about":[{"href":"https:\/\/azurefilm.com\/sl\/wp-json\/wp\/v2\/types\/product"}],"replies":[{"embeddable":true,"href":"https:\/\/azurefilm.com\/sl\/wp-json\/wp\/v2\/comments?post=15074"}],"wp:featuredmedia":[{"embeddable":true,"href":"https:\/\/azurefilm.com\/sl\/wp-json\/wp\/v2\/media\/6944"}],"wp:attachment":[{"href":"https:\/\/azurefilm.com\/sl\/wp-json\/wp\/v2\/media?parent=15074"}],"wp:term":[{"taxonomy":"product_brand","embeddable":true,"href":"https:\/\/azurefilm.com\/sl\/wp-json\/wp\/v2\/product_brand?post=15074"},{"taxonomy":"product_cat","embeddable":true,"href":"https:\/\/azurefilm.com\/sl\/wp-json\/wp\/v2\/product_cat?post=15074"},{"taxonomy":"product_tag","embeddable":true,"href":"https:\/\/azurefilm.com\/sl\/wp-json\/wp\/v2\/product_tag?post=15074"},{"taxonomy":"brand","embeddable":true,"href":"https:\/\/azurefilm.com\/sl\/wp-json\/wp\/v2\/brand?post=15074"}],"curies":[{"name":"wp","href":"https:\/\/api.w.org\/{rel}","templated":true}]}}