
{"id":15075,"date":"2023-10-29T14:25:25","date_gmt":"2023-10-29T14:25:25","guid":{"rendered":"https:\/\/azurefilm.com\/product\/creality-aluminijasto-vodilo-za-ekstruder\/"},"modified":"2025-03-01T05:57:22","modified_gmt":"2025-03-01T05:57:22","slug":"creality-aluminijasto-vodilo-za-ekstruder","status":"publish","type":"product","link":"https:\/\/azurefilm.com\/sl\/izdelek\/creality-aluminijasto-vodilo-za-ekstruder\/","title":{"rendered":"Creality aluminijasto vodilo za ekstruder"},"content":{"rendered":"<h2><strong>Klju\u010dne lastnosti:<\/strong><\/h2>\n<ul>\n<li>Enostavno za namestitev. Namestite ga lahko v 20\u201330 minutah brez sprememb vdelane programske opreme in brez rezanja ali spajanja \u017eic.<\/li>\n<li>Velikost z ve\u010d luknjami: razli\u010dne standardne velikosti lukenj za jermene, vijake in druge dodatne mo\u017enosti.<\/li>\n<li>Trajno: Stabilnost, mo\u017enost popravljanja, uporabnost in fleksibilnost.<\/li>\n<li>Primerno za: za 3D tiskalnike Creality CR10, Ender-3<\/li>\n<li>Material: aluminijeva zlitina<\/li>\n<li>Barva: \u010drna<\/li>\n<li>Velikost: 10 x 6,5cm<\/li>\n<\/ul>\n","protected":false},"excerpt":{"rendered":"<p><strong>Creality aluminijasto vodilo za ekstruder<\/strong> je enostavno za namestitev in zdru\u017eljivo s 3D tiskalniki Creality CR10, Ender-3.<\/p>\n","protected":false},"featured_media":6949,"comment_status":"closed","ping_status":"closed","template":"","meta":{"_acf_changed":false},"product_brand":[],"product_cat":[775,773,763,760,761,759],"product_tag":[],"brand":[],"class_list":{"0":"post-15075","1":"product","2":"type-product","3":"status-publish","4":"has-post-thumbnail","6":"product_cat-deli-ekstruderja","7":"product_cat-ekstruderji","8":"product_cat-lezaji-in-vodila","9":"product_cat-rezervni-deli","10":"product_cat-vsi-rezervni-deli","11":"product_cat-znizano","12":"pa_compatible-with-creality-fdm-3d-printers","13":"pa_fits-printer-creality-cr-10","14":"pa_fits-printer-creality-ender-3","16":"first","17":"instock","18":"sale","19":"taxable","20":"shipping-taxable","21":"purchasable","22":"product-type-simple"},"acf":[],"_links":{"self":[{"href":"https:\/\/azurefilm.com\/sl\/wp-json\/wp\/v2\/product\/15075","targetHints":{"allow":["GET"]}}],"collection":[{"href":"https:\/\/azurefilm.com\/sl\/wp-json\/wp\/v2\/product"}],"about":[{"href":"https:\/\/azurefilm.com\/sl\/wp-json\/wp\/v2\/types\/product"}],"replies":[{"embeddable":true,"href":"https:\/\/azurefilm.com\/sl\/wp-json\/wp\/v2\/comments?post=15075"}],"wp:featuredmedia":[{"embeddable":true,"href":"https:\/\/azurefilm.com\/sl\/wp-json\/wp\/v2\/media\/6949"}],"wp:attachment":[{"href":"https:\/\/azurefilm.com\/sl\/wp-json\/wp\/v2\/media?parent=15075"}],"wp:term":[{"taxonomy":"product_brand","embeddable":true,"href":"https:\/\/azurefilm.com\/sl\/wp-json\/wp\/v2\/product_brand?post=15075"},{"taxonomy":"product_cat","embeddable":true,"href":"https:\/\/azurefilm.com\/sl\/wp-json\/wp\/v2\/product_cat?post=15075"},{"taxonomy":"product_tag","embeddable":true,"href":"https:\/\/azurefilm.com\/sl\/wp-json\/wp\/v2\/product_tag?post=15075"},{"taxonomy":"brand","embeddable":true,"href":"https:\/\/azurefilm.com\/sl\/wp-json\/wp\/v2\/brand?post=15075"}],"curies":[{"name":"wp","href":"https:\/\/api.w.org\/{rel}","templated":true}]}}