
{"id":15077,"date":"2023-10-29T14:25:25","date_gmt":"2023-10-29T14:25:25","guid":{"rendered":"https:\/\/azurefilm.com\/product\/creality-lezaj-625zz\/"},"modified":"2026-03-30T20:54:53","modified_gmt":"2026-03-30T20:54:53","slug":"creality-lezaj-625zz","status":"publish","type":"product","link":"https:\/\/azurefilm.com\/sl\/izdelek\/creality-lezaj-625zz\/","title":{"rendered":"Creality le\u017eaj 625ZZ"},"content":{"rendered":"<h2><strong>Klju\u010dne lastnosti:<\/strong><\/h2>\n<ul>\n<li>Mere: 23,89 x 10,23mm<\/li>\n<li>Cena za 1 kos, slika je simboli\u010dna<\/li>\n<li>Z majhnim trenjem in visoko mejno hitrostjo so krogli\u010dni le\u017eaji stro\u0161kovno u\u010dinkoviti in zahtevajo malo vzdr\u017eevanja<\/li>\n<li>Enostavna namestitev &amp; Zamenjava<\/li>\n<li>Z visoko natan\u010dnostjo<\/li>\n<li>Nizka raven hrupa<\/li>\n<li>Barva: \u010drna<\/li>\n<\/ul>\n","protected":false},"excerpt":{"rendered":"<p><strong>Creality le\u017eaj 625ZZ<\/strong>v dimenzijah 23.89 x 10.23mm za Creality 3D printerje.<\/p>\n","protected":false},"featured_media":6959,"comment_status":"closed","ping_status":"closed","template":"","meta":{"_acf_changed":false},"product_brand":[],"product_cat":[763,760,761,759],"product_tag":[],"brand":[],"class_list":{"0":"post-15077","1":"product","2":"type-product","3":"status-publish","4":"has-post-thumbnail","6":"product_cat-lezaji-in-vodila","7":"product_cat-rezervni-deli","8":"product_cat-vsi-rezervni-deli","9":"product_cat-znizano","11":"first","12":"instock","13":"sale","14":"taxable","15":"shipping-taxable","16":"purchasable","17":"product-type-simple"},"acf":[],"_links":{"self":[{"href":"https:\/\/azurefilm.com\/sl\/wp-json\/wp\/v2\/product\/15077","targetHints":{"allow":["GET"]}}],"collection":[{"href":"https:\/\/azurefilm.com\/sl\/wp-json\/wp\/v2\/product"}],"about":[{"href":"https:\/\/azurefilm.com\/sl\/wp-json\/wp\/v2\/types\/product"}],"replies":[{"embeddable":true,"href":"https:\/\/azurefilm.com\/sl\/wp-json\/wp\/v2\/comments?post=15077"}],"wp:featuredmedia":[{"embeddable":true,"href":"https:\/\/azurefilm.com\/sl\/wp-json\/wp\/v2\/media\/6959"}],"wp:attachment":[{"href":"https:\/\/azurefilm.com\/sl\/wp-json\/wp\/v2\/media?parent=15077"}],"wp:term":[{"taxonomy":"product_brand","embeddable":true,"href":"https:\/\/azurefilm.com\/sl\/wp-json\/wp\/v2\/product_brand?post=15077"},{"taxonomy":"product_cat","embeddable":true,"href":"https:\/\/azurefilm.com\/sl\/wp-json\/wp\/v2\/product_cat?post=15077"},{"taxonomy":"product_tag","embeddable":true,"href":"https:\/\/azurefilm.com\/sl\/wp-json\/wp\/v2\/product_tag?post=15077"},{"taxonomy":"brand","embeddable":true,"href":"https:\/\/azurefilm.com\/sl\/wp-json\/wp\/v2\/brand?post=15077"}],"curies":[{"name":"wp","href":"https:\/\/api.w.org\/{rel}","templated":true}]}}