
{"id":15078,"date":"2023-10-29T14:25:25","date_gmt":"2023-10-29T14:25:25","guid":{"rendered":"https:\/\/azurefilm.com\/product\/extruder-feeder-for-creality-ender-3-ender-3-pro-ender-5-cr20-pro-cr10-series\/"},"modified":"2026-03-15T16:13:29","modified_gmt":"2026-03-15T16:13:29","slug":"extruder-feeder-za-creality","status":"publish","type":"product","link":"https:\/\/azurefilm.com\/sl\/izdelek\/extruder-feeder-za-creality\/","title":{"rendered":"Ekstruder podajalnik za 3D tiskalnike Creality"},"content":{"rendered":"<h4>Ekstruder podajalnik za 3D tiskalnike Creality<\/h4>\n<h3><strong><span style=\"vertical-align: inherit;\">Klju\u010dne funkcije:<\/span><\/strong><\/h3>\n<ul>\n<li><strong><span style=\"vertical-align: inherit;\">Raz\u0161irjena zdru\u017eljivost:<\/span><\/strong><span style=\"vertical-align: inherit;\"> Zasnovan za prilagajanje razli\u010dnim modelom 3D tiskalnikov Creality, vklju\u010dno z Ender 3, Ender 3 Pro, Ender 5, CR20 Pro, CR10, CR10S, CR10 V2, CR10 S4 in CR10 S5.<\/span><\/li>\n<li><strong><span style=\"vertical-align: inherit;\">Visokokakovostna konstrukcija:<\/span><\/strong><span style=\"vertical-align: inherit;\"> V nasprotju s tradicionalnimi plasti\u010dnimi enotami ekstruder z dvema zobnikoma iz kovine in aluminija zagotavlja stabilnost in vzdr\u017eljivost.<\/span><\/li>\n<li><strong><span style=\"vertical-align: inherit;\">Potrebno je sestavljanje:<\/span><\/strong><span style=\"vertical-align: inherit;\"> Uporabniki so odgovorni za neodvisno sestavljanje napajalnika ekstruderja, kar zagotavlja mo\u017enost prilagajanja in globljega razumevanja sistema.<\/span><\/li>\n<li><strong><span style=\"vertical-align: inherit;\">Univerzalna uporaba:<\/span><\/strong><span style=\"vertical-align: inherit;\"> Idealen za razli\u010dne modele 3D-tiskalnikov Creality, ki ponuja priro\u010dno re\u0161itev za visoko zmogljivo tiskanje.<\/span><\/li>\n<li><strong><span style=\"vertical-align: inherit;\">Rubustnost in vzdr\u017eljivost:<\/span><\/strong><span style=\"vertical-align: inherit;\"> Konstrukcija iz kovine in aluminija zagotavlja dolgo \u017eivljenjsko dobo in ve\u010djo odpornost, kar prispeva k natan\u010dnemu in zanesljivemu 3D-tisku.<\/span><\/li>\n<li><strong><span style=\"vertical-align: inherit;\">Prilagodljivost in znanje:<\/span><\/strong><span style=\"vertical-align: inherit;\"> Mo\u017enost samostojnega sestavljanja daje uporabnikom mo\u017enost, da prilagodijo namestitev in pridobijo globlje razumevanje sistema.<\/span><\/li>\n<li><strong><span style=\"vertical-align: inherit;\">Enostavnost integracije:<\/span><\/strong><span style=\"vertical-align: inherit;\"> Skrbno zasnovan za enostavno namestitev, ki zagotavlja prakti\u010dno re\u0161itev tudi za manj izku\u0161ene uporabnike. <\/span><span style=\"font-size: 14.4px;\"><span style=\"vertical-align: inherit;\">Z izbiro tega napajalnika za ekstruder lahko navdu\u0161enci in napredni uporabniki izbolj\u0161ajo zmogljivost svojih 3D tiskalnikov Creality z visokokakovostno in prilagodljivo re\u0161itvijo.<\/span><\/span><\/li>\n<\/ul>\n<ul>\n<li><em><span style=\"vertical-align: inherit;\">Nadgradite svojo izku\u0161njo tiskanja:<\/span><\/em><span style=\"vertical-align: inherit;\"> U\u017eivajte v izbolj\u0161ani zmogljivosti tiskanja z izbiro tega napajalnika ekstruderja za va\u0161 3D-tiskalnik Creality.<\/span><\/li>\n<li><em><span style=\"vertical-align: inherit;\">Trajna kovinska konstrukcija:<\/span><\/em><span style=\"vertical-align: inherit;\"> Uporaba kovine in aluminija ne zagotavlja le stabilnosti, ampak tudi podalj\u0161ano \u017eivljenjsko dobo za zanesljivo in natan\u010dno 3D-tiskanje.<\/span><\/li>\n<li><em><span style=\"vertical-align: inherit;\">Izku\u0161nja sestavljanja po meri:<\/span><\/em><span style=\"vertical-align: inherit;\"> Prevzemite nadzor nad svojimi nastavitvami z zahtevanim sestavljanjem, ki ponuja osebni dotik in globlje razumevanje va\u0161ega tiskalni\u0161kega sistema.<\/span><\/li>\n<\/ul>\n","protected":false},"excerpt":{"rendered":"<h4>Ekstruder podajalnik za 3D tiskalnike Creality<\/h4>\n","protected":false},"featured_media":6972,"comment_status":"closed","ping_status":"closed","template":"","meta":{"_acf_changed":false},"product_brand":[],"product_cat":[773,812,760,761,759],"product_tag":[],"brand":[],"class_list":{"0":"post-15078","1":"product","2":"type-product","3":"status-publish","4":"has-post-thumbnail","6":"product_cat-ekstruderji","7":"product_cat-nadgradnje-ekstruderja","8":"product_cat-rezervni-deli","9":"product_cat-vsi-rezervni-deli","10":"product_cat-znizano","11":"pa_compatible-with-creality-fdm-3d-printers","12":"pa_fits-printer-creality-cr-10","13":"pa_fits-printer-creality-cr-30-printmill","14":"pa_fits-printer-creality-ender-3","16":"first","17":"instock","18":"sale","19":"taxable","20":"shipping-taxable","21":"purchasable","22":"product-type-simple"},"acf":[],"_links":{"self":[{"href":"https:\/\/azurefilm.com\/sl\/wp-json\/wp\/v2\/product\/15078","targetHints":{"allow":["GET"]}}],"collection":[{"href":"https:\/\/azurefilm.com\/sl\/wp-json\/wp\/v2\/product"}],"about":[{"href":"https:\/\/azurefilm.com\/sl\/wp-json\/wp\/v2\/types\/product"}],"replies":[{"embeddable":true,"href":"https:\/\/azurefilm.com\/sl\/wp-json\/wp\/v2\/comments?post=15078"}],"wp:featuredmedia":[{"embeddable":true,"href":"https:\/\/azurefilm.com\/sl\/wp-json\/wp\/v2\/media\/6972"}],"wp:attachment":[{"href":"https:\/\/azurefilm.com\/sl\/wp-json\/wp\/v2\/media?parent=15078"}],"wp:term":[{"taxonomy":"product_brand","embeddable":true,"href":"https:\/\/azurefilm.com\/sl\/wp-json\/wp\/v2\/product_brand?post=15078"},{"taxonomy":"product_cat","embeddable":true,"href":"https:\/\/azurefilm.com\/sl\/wp-json\/wp\/v2\/product_cat?post=15078"},{"taxonomy":"product_tag","embeddable":true,"href":"https:\/\/azurefilm.com\/sl\/wp-json\/wp\/v2\/product_tag?post=15078"},{"taxonomy":"brand","embeddable":true,"href":"https:\/\/azurefilm.com\/sl\/wp-json\/wp\/v2\/brand?post=15078"}],"curies":[{"name":"wp","href":"https:\/\/api.w.org\/{rel}","templated":true}]}}