
{"id":15085,"date":"2023-10-29T14:25:51","date_gmt":"2023-10-29T14:25:51","guid":{"rendered":"https:\/\/azurefilm.com\/product\/creality-hladilnik\/"},"modified":"2023-11-24T11:17:17","modified_gmt":"2023-11-24T11:17:17","slug":"creality-hladilnik","status":"publish","type":"product","link":"https:\/\/azurefilm.com\/sl\/izdelek\/creality-hladilnik\/","title":{"rendered":"Creality hladilnik"},"content":{"rendered":"<h4>Creality hladilnik<\/h4>\n<h3><strong>Klju\u010dne lastnosti:<\/strong><\/h3>\n<ul>\n<li><strong>Odpornost na visoke temperature do 300 \u00b0C:<\/strong> Creality hladilnik izstopa zaradi svoje sposobnosti obvladovanja izjemno visokih temperatur do 300 \u00b0C. To ga naredi idealnega za tiskanje z zahtevnimi filamenti, ki zahtevajo ekstremne pogoje.<\/li>\n<li><strong>Omejitev za uporabnike s materiali do 260 \u00b0C:<\/strong> Kljub visoki zmogljivosti pri visokih temperaturah, se Creality hladilnika ne priporo\u010da uporabnikom, ki tiskajo s standardnimi materiali, katerih temperature segajo do 260 \u00b0C, kot so PLA, PETG, ABS in ASA. V takih primerih se svetuje uporaba originalnega ekstruderskega sistema.<\/li>\n<li><strong>Priporo\u010dilo za osnovne materiale:<\/strong> Creality poudarja, da je za tiskanje z osnovnimi materiali priporo\u010dljiva uporaba originalnega ekstruderskega sistema. To zagotavlja optimalno zdru\u017eljivost in delovanje s standardnimi filamentnimi materiali.<\/li>\n<li><strong>Poudarek na posebnih visokotemperaturnih materialih:<\/strong> Creality hladilnik je zasnovan z namenom, da zadovolji potrebe tistih, ki se ukvarjajo s tiskanjem s posebnimi visokotemperaturnimi materiali, omogo\u010dajo\u010d izjemno natan\u010dnost in zanesljivost v zahtevnej\u0161ih aplikacijah.<\/li>\n<\/ul>\n","protected":false},"excerpt":{"rendered":"<p><strong>Creality hladilnik<\/strong> za vi\u0161je temperature od 300 \u00b0C.<\/p>\n","protected":false},"featured_media":7043,"comment_status":"closed","ping_status":"closed","template":"","meta":{"_acf_changed":false},"product_brand":[],"product_cat":[775,760,761,759],"product_tag":[],"brand":[],"class_list":{"0":"post-15085","1":"product","2":"type-product","3":"status-publish","4":"has-post-thumbnail","6":"product_cat-deli-ekstruderja","7":"product_cat-rezervni-deli","8":"product_cat-vsi-rezervni-deli","9":"product_cat-znizano","11":"first","12":"instock","13":"sale","14":"taxable","15":"shipping-taxable","16":"purchasable","17":"product-type-simple"},"acf":[],"_links":{"self":[{"href":"https:\/\/azurefilm.com\/sl\/wp-json\/wp\/v2\/product\/15085","targetHints":{"allow":["GET"]}}],"collection":[{"href":"https:\/\/azurefilm.com\/sl\/wp-json\/wp\/v2\/product"}],"about":[{"href":"https:\/\/azurefilm.com\/sl\/wp-json\/wp\/v2\/types\/product"}],"replies":[{"embeddable":true,"href":"https:\/\/azurefilm.com\/sl\/wp-json\/wp\/v2\/comments?post=15085"}],"wp:featuredmedia":[{"embeddable":true,"href":"https:\/\/azurefilm.com\/sl\/wp-json\/wp\/v2\/media\/7043"}],"wp:attachment":[{"href":"https:\/\/azurefilm.com\/sl\/wp-json\/wp\/v2\/media?parent=15085"}],"wp:term":[{"taxonomy":"product_brand","embeddable":true,"href":"https:\/\/azurefilm.com\/sl\/wp-json\/wp\/v2\/product_brand?post=15085"},{"taxonomy":"product_cat","embeddable":true,"href":"https:\/\/azurefilm.com\/sl\/wp-json\/wp\/v2\/product_cat?post=15085"},{"taxonomy":"product_tag","embeddable":true,"href":"https:\/\/azurefilm.com\/sl\/wp-json\/wp\/v2\/product_tag?post=15085"},{"taxonomy":"brand","embeddable":true,"href":"https:\/\/azurefilm.com\/sl\/wp-json\/wp\/v2\/brand?post=15085"}],"curies":[{"name":"wp","href":"https:\/\/api.w.org\/{rel}","templated":true}]}}