
{"id":15088,"date":"2023-10-29T14:25:51","date_gmt":"2023-10-29T14:25:51","guid":{"rendered":"https:\/\/azurefilm.com\/product\/igla-za-ciscenje-sobe\/"},"modified":"2026-03-24T09:30:14","modified_gmt":"2026-03-24T09:30:14","slug":"igla-za-ciscenje-sobe","status":"publish","type":"product","link":"https:\/\/azurefilm.com\/sl\/izdelek\/igla-za-ciscenje-sobe\/","title":{"rendered":"Igla za \u010di\u0161\u010denje \u0161obe"},"content":{"rendered":"<h2><strong>Klju\u010dne lastnosti:<\/strong><\/h2>\n<ul>\n<li><strong>Igla iz nerjave\u010dega jekla <\/strong>za \u010di\u0161\u010denje \u0161ob.<\/li>\n<li>Opremljena z ro\u010daji, tako da jo lahko med uporabo enostavno zasukate.<\/li>\n<li>Primerno za Duplicator, MakerBot, RepRap in druge 3D tiskalnike na trgu.<\/li>\n<li>Z iglo lahko dobro o\u010distite \u0161obo tiskalnika in izbolj\u0161ate u\u010dinek tiskanja.<\/li>\n<li>Izdelana je iz nerjave\u010dega jekla, zato je vzdr\u017eljiva, odporna proti rji in je ni lahko zlomiti.<\/li>\n<li>Izbirate lahko med tremi pogostimi velikostmi: 0,2mm, 0,3mm, 0,4mm.<\/li>\n<\/ul>\n","protected":false},"excerpt":{"rendered":"<p><strong>Igla za \u010di\u0161\u010denje \u0161obe<\/strong> v velikostih 0,2 mm, 0,3 mm, 0,4 mm.<\/p>\n","protected":false},"featured_media":7082,"comment_status":"closed","ping_status":"closed","template":"","meta":{"_acf_changed":false},"product_brand":[],"product_cat":[787,790,760,785,786,761,759],"product_tag":[],"brand":[],"class_list":{"0":"post-15088","1":"product","2":"type-product","3":"status-publish","4":"has-post-thumbnail","6":"product_cat-navadne-sobe","7":"product_cat-orodja","8":"product_cat-rezervni-deli","9":"product_cat-sobe","10":"product_cat-utrjene-sobe-odporne-proti-obrabi","11":"product_cat-vsi-rezervni-deli","12":"product_cat-znizano","14":"first","15":"instock","16":"sale","17":"taxable","18":"shipping-taxable","19":"purchasable","20":"product-type-variable"},"acf":[],"_links":{"self":[{"href":"https:\/\/azurefilm.com\/sl\/wp-json\/wp\/v2\/product\/15088","targetHints":{"allow":["GET"]}}],"collection":[{"href":"https:\/\/azurefilm.com\/sl\/wp-json\/wp\/v2\/product"}],"about":[{"href":"https:\/\/azurefilm.com\/sl\/wp-json\/wp\/v2\/types\/product"}],"replies":[{"embeddable":true,"href":"https:\/\/azurefilm.com\/sl\/wp-json\/wp\/v2\/comments?post=15088"}],"wp:featuredmedia":[{"embeddable":true,"href":"https:\/\/azurefilm.com\/sl\/wp-json\/wp\/v2\/media\/7082"}],"wp:attachment":[{"href":"https:\/\/azurefilm.com\/sl\/wp-json\/wp\/v2\/media?parent=15088"}],"wp:term":[{"taxonomy":"product_brand","embeddable":true,"href":"https:\/\/azurefilm.com\/sl\/wp-json\/wp\/v2\/product_brand?post=15088"},{"taxonomy":"product_cat","embeddable":true,"href":"https:\/\/azurefilm.com\/sl\/wp-json\/wp\/v2\/product_cat?post=15088"},{"taxonomy":"product_tag","embeddable":true,"href":"https:\/\/azurefilm.com\/sl\/wp-json\/wp\/v2\/product_tag?post=15088"},{"taxonomy":"brand","embeddable":true,"href":"https:\/\/azurefilm.com\/sl\/wp-json\/wp\/v2\/brand?post=15088"}],"curies":[{"name":"wp","href":"https:\/\/api.w.org\/{rel}","templated":true}]}}