
{"id":15094,"date":"2023-10-29T14:25:51","date_gmt":"2023-10-29T14:25:51","guid":{"rendered":"https:\/\/azurefilm.com\/product\/nema-17-koracni-motor-visoka-preciznost\/"},"modified":"2025-01-17T15:44:04","modified_gmt":"2025-01-17T15:44:04","slug":"nema-17-koracni-motor-visoka-preciznost","status":"publish","type":"product","link":"https:\/\/azurefilm.com\/sl\/izdelek\/nema-17-koracni-motor-visoka-preciznost\/","title":{"rendered":"Nema 17 kora\u010dni motor visoka preciznost"},"content":{"rendered":"<p><strong>Kora\u010dni motor Nema 17 visoke natan\u010dnosti<\/strong> z ohi\u0161jem 39 mm in nazivnim tokom 1,68 A, integriran s 48,3 mm planetnim menjalnikom s prestavnim razmerjem 20:1.<br \/>\nJe dobra re\u0161itev za aplikacije, ki imajo poseben prostor, vendar potrebujejo nizko hitrost in\/ali velik navor.<\/p>\n<h2><strong>Elektri\u010dne specifikacije:<\/strong><\/h2>\n<ul>\n<li>\u0160tevilka dela proizvajalca: 17HS15-1684S-HG20<\/li>\n<li>Vrsta motorja: bipolarni steper<\/li>\n<li>Kot koraka: 0,09 stopinj<\/li>\n<li>Dr\u017eni navor brez menjalnika: 39 Ncm (55oz.in)<\/li>\n<li>Nazivni tok\/faza: 1,68 A<\/li>\n<li>Fazni upor: 1,6 ohmov<\/li>\n<li>Napetost: 2,7 V<\/li>\n<li>Induktivnost: 3,2 mH \u00b1 20 % (1 KHz)<\/li>\n<\/ul>\n<h2><strong>Specifikacije menjalnika:<\/strong><\/h2>\n<ul>\n<li>Tip menjalnika: Planetarni<\/li>\n<li>Prestavno razmerje: 20 : 1<\/li>\n<li>U\u010dinkovitost: 90 %<\/li>\n<li>Povratni udar v prostem teku: &lt;=25 kotnih minut<\/li>\n<li>Najv. Dovoljeni navor: 15 Nm (2124oz.in)<\/li>\n<li>Dovoljeni trenutni navor: 25 Nm (3540oz.in)<\/li>\n<li>Najv. Radialna obremenitev: 150 N<\/li>\n<li>Temperatura okolja: -10 &#8211; 90 \u2103<\/li>\n<li>Razred izolacije: B<\/li>\n<li>Hrup: &lt;=50 dB<\/li>\n<li>\u017divljenjska doba: 20000 h<\/li>\n<\/ul>\n<h2><strong>Fizi\u010dne specifikacije:<\/strong><\/h2>\n<ul>\n<li>Velikost okvirja: 42 x 42 mm<\/li>\n<li>Dol\u017eina motorja: 39 mm<\/li>\n<li>Dol\u017eina menjalnika: 48,3 mm<\/li>\n<li>Premer gredi: \u03a68 mm<\/li>\n<li>Dol\u017eina gredi: 23,5 mm<\/li>\n<li>Dol\u017eina utora za klju\u010d: 14 mm<\/li>\n<li>\u0160tevilo potencialnih strank: 4<\/li>\n<li>Dol\u017eina kabla: 320 mm<\/li>\n<li>Te\u017ea: 880 g<\/li>\n<\/ul>\n<h2><strong>Povezava:<\/strong><\/h2>\n<table style=\"width: 300px;\" border=\"1\">\n<tbody>\n<tr>\n<td>A+<\/td>\n<td>A-<\/td>\n<td>B+<\/td>\n<td>B-<\/td>\n<\/tr>\n<tr>\n<td>\u010crna<\/td>\n<td>Zelena<\/td>\n<td>Rde\u010da<\/td>\n<td>Modra<\/td>\n<\/tr>\n<\/tbody>\n<\/table>\n","protected":false},"excerpt":{"rendered":"<p><strong>Nema 17 kora\u010dni motor visoka preciznost<\/strong> z 39mm ohi\u0161jem, 1.68A nazivnim tokom in 20:1 prestavnim razmerjem.<\/p>\n","protected":false},"featured_media":7156,"comment_status":"closed","ping_status":"closed","template":"","meta":{"_acf_changed":false},"product_brand":[],"product_cat":[784,782,760,761,759],"product_tag":[],"brand":[],"class_list":{"0":"post-15094","1":"product","2":"type-product","3":"status-publish","4":"has-post-thumbnail","6":"product_cat-koracni-motorji","7":"product_cat-motorji-in-gonilniki","8":"product_cat-rezervni-deli","9":"product_cat-vsi-rezervni-deli","10":"product_cat-znizano","12":"first","13":"instock","14":"sale","15":"taxable","16":"shipping-taxable","17":"purchasable","18":"product-type-simple"},"acf":[],"_links":{"self":[{"href":"https:\/\/azurefilm.com\/sl\/wp-json\/wp\/v2\/product\/15094","targetHints":{"allow":["GET"]}}],"collection":[{"href":"https:\/\/azurefilm.com\/sl\/wp-json\/wp\/v2\/product"}],"about":[{"href":"https:\/\/azurefilm.com\/sl\/wp-json\/wp\/v2\/types\/product"}],"replies":[{"embeddable":true,"href":"https:\/\/azurefilm.com\/sl\/wp-json\/wp\/v2\/comments?post=15094"}],"wp:featuredmedia":[{"embeddable":true,"href":"https:\/\/azurefilm.com\/sl\/wp-json\/wp\/v2\/media\/7156"}],"wp:attachment":[{"href":"https:\/\/azurefilm.com\/sl\/wp-json\/wp\/v2\/media?parent=15094"}],"wp:term":[{"taxonomy":"product_brand","embeddable":true,"href":"https:\/\/azurefilm.com\/sl\/wp-json\/wp\/v2\/product_brand?post=15094"},{"taxonomy":"product_cat","embeddable":true,"href":"https:\/\/azurefilm.com\/sl\/wp-json\/wp\/v2\/product_cat?post=15094"},{"taxonomy":"product_tag","embeddable":true,"href":"https:\/\/azurefilm.com\/sl\/wp-json\/wp\/v2\/product_tag?post=15094"},{"taxonomy":"brand","embeddable":true,"href":"https:\/\/azurefilm.com\/sl\/wp-json\/wp\/v2\/brand?post=15094"}],"curies":[{"name":"wp","href":"https:\/\/api.w.org\/{rel}","templated":true}]}}