
{"id":15098,"date":"2023-10-29T14:25:51","date_gmt":"2023-10-29T14:25:51","guid":{"rendered":"https:\/\/azurefilm.com\/product\/motorni-gonilnik-tb6560\/"},"modified":"2026-03-19T22:56:39","modified_gmt":"2026-03-19T22:56:39","slug":"motorni-gonilnik-tb6560","status":"publish","type":"product","link":"https:\/\/azurefilm.com\/sl\/izdelek\/motorni-gonilnik-tb6560\/","title":{"rendered":"Motorni gonilnik TB6560"},"content":{"rendered":"<h2><strong>Klju\u010dne lastnosti:<\/strong><\/h2>\n<ul>\n<li><strong>Motorni gonilnik TB6560 <\/strong>za 4257 kora\u010dni motor 3A max<\/li>\n<li>Delovna napetost DC 10V-35V. Priporo\u010dljivo je stikalno napajanje DC24V.<\/li>\n<li>Uporaba opti\u010dne sklopke za visoke hitrosti 6N137, ki zagotavlja visoko hitrost brez izgube koraka.<\/li>\n<li>Uporabite \u010dip TB6560AHQ, na voljo so izklop pri nizkem tlaku, parkiranje zaradi pregrevanja in za\u0161\u010ditno vezje pred previsokim tokom, ki zagotavlja optimalno delovanje.<\/li>\n<li>Nazivna najve\u010dja mo\u010d: \u00b1 3 A, vrh 3,5 A. Znotraj 42, 57 za dvofazni kora\u010dni motor 3A\/\u0161tirifazni\/\u0161tiri\u017eilni\/\u0161est\u017eilni kora\u010dni motor ni primeren za ve\u010d kot 3A kora\u010dni motor.<\/li>\n<li>Samodejna funkcija poltoka. Podrazdelitev: polni korak, polovi\u010dni korak, korak 1\/8, 1\/16 korak, do 16 segmentov.<\/li>\n<\/ul>\n","protected":false},"excerpt":{"rendered":"<p><strong>Motorni gonilnik TB6560<\/strong> z avtomatsko funkcijo polovi\u010dnega toka in hitrim opti\u010dnim spajanjem.<\/p>\n","protected":false},"featured_media":7176,"comment_status":"closed","ping_status":"closed","template":"","meta":{"_acf_changed":false},"product_brand":[],"product_cat":[782,783,760,761,759],"product_tag":[],"brand":[],"class_list":{"0":"post-15098","1":"product","2":"type-product","3":"status-publish","4":"has-post-thumbnail","6":"product_cat-motorji-in-gonilniki","7":"product_cat-motorni-gonilniki","8":"product_cat-rezervni-deli","9":"product_cat-vsi-rezervni-deli","10":"product_cat-znizano","12":"first","13":"instock","14":"sale","15":"taxable","16":"shipping-taxable","17":"purchasable","18":"product-type-simple"},"acf":[],"_links":{"self":[{"href":"https:\/\/azurefilm.com\/sl\/wp-json\/wp\/v2\/product\/15098","targetHints":{"allow":["GET"]}}],"collection":[{"href":"https:\/\/azurefilm.com\/sl\/wp-json\/wp\/v2\/product"}],"about":[{"href":"https:\/\/azurefilm.com\/sl\/wp-json\/wp\/v2\/types\/product"}],"replies":[{"embeddable":true,"href":"https:\/\/azurefilm.com\/sl\/wp-json\/wp\/v2\/comments?post=15098"}],"wp:featuredmedia":[{"embeddable":true,"href":"https:\/\/azurefilm.com\/sl\/wp-json\/wp\/v2\/media\/7176"}],"wp:attachment":[{"href":"https:\/\/azurefilm.com\/sl\/wp-json\/wp\/v2\/media?parent=15098"}],"wp:term":[{"taxonomy":"product_brand","embeddable":true,"href":"https:\/\/azurefilm.com\/sl\/wp-json\/wp\/v2\/product_brand?post=15098"},{"taxonomy":"product_cat","embeddable":true,"href":"https:\/\/azurefilm.com\/sl\/wp-json\/wp\/v2\/product_cat?post=15098"},{"taxonomy":"product_tag","embeddable":true,"href":"https:\/\/azurefilm.com\/sl\/wp-json\/wp\/v2\/product_tag?post=15098"},{"taxonomy":"brand","embeddable":true,"href":"https:\/\/azurefilm.com\/sl\/wp-json\/wp\/v2\/brand?post=15098"}],"curies":[{"name":"wp","href":"https:\/\/api.w.org\/{rel}","templated":true}]}}