
{"id":15100,"date":"2023-10-29T14:26:34","date_gmt":"2023-10-29T14:26:34","guid":{"rendered":"https:\/\/azurefilm.com\/product\/motorni-gonilnik-dm542\/"},"modified":"2026-03-19T22:56:39","modified_gmt":"2026-03-19T22:56:39","slug":"motorni-gonilnik-dm542","status":"publish","type":"product","link":"https:\/\/azurefilm.com\/sl\/izdelek\/motorni-gonilnik-dm542\/","title":{"rendered":"Motorni gonilnik DM542"},"content":{"rendered":"<h2><strong>Klju\u010dne lastnosti:<\/strong><\/h2>\n<ul>\n<li><strong>Motorni gonilnik DM542 <\/strong>za 57\/86 kora\u010dni motor 4,2 A max<\/li>\n<li>Integrirano s funkcijo samonastavljanja parametrov, ki lahko samodejno ustvari optimalne delovne parametre za razli\u010dne motorje.<\/li>\n<li>Lahko poganja 4-\u017eilni\/8-\u017eilni dvofazni kora\u010dni motor.<\/li>\n<li>Stabilno delovanje in nizek hrup pri srednje nizki hitrosti.<\/li>\n<li>Natan\u010den nadzor toka mo\u010dno zmanj\u0161a segrevanje motorja s prenapetostjo in za\u0161\u010dito pred prenapetostjo.<\/li>\n<li>Vhod signala opti\u010dne izolacije, mo\u010dna sposobnost prepre\u010devanja motenj.<\/li>\n<\/ul>\n","protected":false},"excerpt":{"rendered":"<p><strong>Motorni gonilnik DM542<\/strong> lahko samodejno ustvari optimalne obratovalne parametre za razli\u010dne motorje in poganja 4-vodilni \/ 8-vodilni dvofazni kora\u010dni motor.<\/p>\n","protected":false},"featured_media":7186,"comment_status":"closed","ping_status":"closed","template":"","meta":{"_acf_changed":false},"product_brand":[],"product_cat":[782,783,760,761,759],"product_tag":[],"brand":[],"class_list":{"0":"post-15100","1":"product","2":"type-product","3":"status-publish","4":"has-post-thumbnail","6":"product_cat-motorji-in-gonilniki","7":"product_cat-motorni-gonilniki","8":"product_cat-rezervni-deli","9":"product_cat-vsi-rezervni-deli","10":"product_cat-znizano","12":"first","13":"instock","14":"sale","15":"taxable","16":"shipping-taxable","17":"purchasable","18":"product-type-simple"},"acf":[],"_links":{"self":[{"href":"https:\/\/azurefilm.com\/sl\/wp-json\/wp\/v2\/product\/15100","targetHints":{"allow":["GET"]}}],"collection":[{"href":"https:\/\/azurefilm.com\/sl\/wp-json\/wp\/v2\/product"}],"about":[{"href":"https:\/\/azurefilm.com\/sl\/wp-json\/wp\/v2\/types\/product"}],"replies":[{"embeddable":true,"href":"https:\/\/azurefilm.com\/sl\/wp-json\/wp\/v2\/comments?post=15100"}],"wp:featuredmedia":[{"embeddable":true,"href":"https:\/\/azurefilm.com\/sl\/wp-json\/wp\/v2\/media\/7186"}],"wp:attachment":[{"href":"https:\/\/azurefilm.com\/sl\/wp-json\/wp\/v2\/media?parent=15100"}],"wp:term":[{"taxonomy":"product_brand","embeddable":true,"href":"https:\/\/azurefilm.com\/sl\/wp-json\/wp\/v2\/product_brand?post=15100"},{"taxonomy":"product_cat","embeddable":true,"href":"https:\/\/azurefilm.com\/sl\/wp-json\/wp\/v2\/product_cat?post=15100"},{"taxonomy":"product_tag","embeddable":true,"href":"https:\/\/azurefilm.com\/sl\/wp-json\/wp\/v2\/product_tag?post=15100"},{"taxonomy":"brand","embeddable":true,"href":"https:\/\/azurefilm.com\/sl\/wp-json\/wp\/v2\/brand?post=15100"}],"curies":[{"name":"wp","href":"https:\/\/api.w.org\/{rel}","templated":true}]}}