
{"id":15105,"date":"2023-10-29T14:26:34","date_gmt":"2023-10-29T14:26:34","guid":{"rendered":"https:\/\/azurefilm.com\/product\/grelec-40w-12v\/"},"modified":"2026-01-05T05:43:12","modified_gmt":"2026-01-05T05:43:12","slug":"grelec-40w-12v","status":"publish","type":"product","link":"https:\/\/azurefilm.com\/sl\/izdelek\/grelec-40w-12v\/","title":{"rendered":"Grelec 40W 12V Fi 6mm 15mm\/30mm"},"content":{"rendered":"<h4>Grelec 40W 12V Fi 6mm 15mm\/30mm<\/h4>\n<h3><strong><span style=\"vertical-align: inherit;\">Glavne zna\u010dilnosti:<\/span><\/strong><\/h3>\n<ul>\n<li><span style=\"vertical-align: inherit;\">Grelec 40W 12V Fi 6mm 15mm\/30mm je sestavljen iz cilindri\u010dne cevi iz nerjave\u010dega jekla in zato zagotavlja visoko za\u0161\u010dito pred korozijo.<\/span><\/li>\n<li><span style=\"vertical-align: inherit;\">Grelna \u017eica, znotraj katere je navito na kerami\u010dno jedro.<\/span><\/li>\n<li><span style=\"vertical-align: inherit;\">\u0160tevilo tuljav se spreminja glede na mo\u010d in zagotavlja odli\u010dno enakomerno porazdelitev toplote, kar bistveno podalj\u0161a \u017eivljenjsko dobo grelnika in prepre\u010duje oksidacijo grelne \u017eice tudi pri visokih temperaturah.<\/span><\/li>\n<\/ul>\n<h3><strong><span style=\"vertical-align: inherit;\">Tehni\u010dni podatki:<\/span><\/strong><\/h3>\n<ul>\n<li><strong><span style=\"vertical-align: inherit;\">Konstrukcija, odporna proti koroziji:<\/span><\/strong><span style=\"vertical-align: inherit;\"> Grelnik 40 W\/12 V je name\u0161\u010den v cilindri\u010dni cevi iz nerjave\u010dega jekla, ki zagotavlja visoko za\u0161\u010dito pred korozijo za ve\u010djo vzdr\u017eljivost v razli\u010dnih okoljih.<\/span><\/li>\n<li><strong><span style=\"vertical-align: inherit;\">U\u010dinkovita tehnologija ogrevanja:<\/span><\/strong><span style=\"vertical-align: inherit;\"> Grelna \u017eica, ovita okoli kerami\u010dnega jedra, zagotavlja optimalno porazdelitev toplote. \u0160tevilo tuljav se razlikuje glede na mo\u010d, kar spodbuja enakomerno toploto in podalj\u0161uje \u017eivljenjsko dobo grelnika.<\/span><\/li>\n<li><strong><span style=\"vertical-align: inherit;\">Prepre\u010devanje oksidacije:<\/span><\/strong><span style=\"vertical-align: inherit;\"> Tudi pri visokih temperaturah zasnova prepre\u010duje oksidacijo grelne \u017eice in ohranja celovitost grelnika med segrevanjem; dolgotrajna uporaba.<\/span><\/li>\n<li><strong><span style=\"vertical-align: inherit;\">Napetost in mo\u010d:<\/span><\/strong><span style=\"vertical-align: inherit;\"> Grelec, ki deluje na 12 V z nazivno mo\u010djo 40 W, ponuja zanesljivo in energetsko u\u010dinkovito delovanje za razli\u010dne aplikacije.Napetost in mo\u010d: a&gt;<\/span><\/li>\n<li><strong><span style=\"vertical-align: inherit;\">Material iz nerjave\u010dega jekla:<\/span><\/strong><span style=\"vertical-align: inherit;\"> Uporaba nerjave\u010dega jekla ne prispeva le k odpornosti proti koroziji, ampak tudi podalj\u0161a celotno \u017eivljenjsko dobo grelnega elementa.<\/span><\/li>\n<li><strong><span style=\"vertical-align: inherit;\">Prilagodljiva namestitev:<\/span><\/strong><span style=\"vertical-align: inherit;\"> Z velikodu\u0161no dol\u017eino kabla 1 m ponuja grelec prilagodljivost za namestitev v razli\u010dnih okoljih in se prilagaja razli\u010dnim prostorskim omejitvam.Prilagodljiva namestitev:&lt; \/span&gt; a&gt;<\/span><\/li>\n<li><strong><span style=\"vertical-align: inherit;\">Kompaktne mere:<\/span><\/strong><span style=\"vertical-align: inherit;\"> S premerom 6 mm in na voljo v dol\u017einah 15 mm ali 30 mm kompaktna zasnova grelnika zagotavlja prilagodljivost razli\u010dni opremi in prostorskim zahtevam.&lt; \/span&gt;<\/span><\/li>\n<li><strong><span style=\"vertical-align: inherit;\">Vsestranske uporabe:<\/span><\/strong><span style=\"vertical-align: inherit;\"> Primerno za industrijske procese, znanstvene aplikacije in vse potrebe po ogrevanju, ki zahtevajo natan\u010dnost in zanesljivost.<\/span><\/li>\n<li><span style=\"vertical-align: inherit;\">Grelnik 40 W\/12 V zdru\u017euje napredne materiale in premi\u0161ljeno zasnovo, da zagotovi ogrevalno re\u0161itev, ki se odlikuje po zmogljivosti, vzdr\u017eljivosti in vsestranskosti.<\/span><\/li>\n<\/ul>\n","protected":false},"excerpt":{"rendered":"<p>Grelec 40W 12V Fi 6mm 15mm\/30mm je sestavljen iz valjaste cevi iz nerjave\u010dega jekla in tako zagotavlja visoko stopnjo za\u0161\u010dite pred korozijo.<\/p>\n","protected":false},"featured_media":17625,"comment_status":"closed","ping_status":"closed","template":"","meta":{"_acf_changed":false},"product_brand":[],"product_cat":[775,773,760,761,759],"product_tag":[],"brand":[],"class_list":{"0":"post-15105","1":"product","2":"type-product","3":"status-publish","4":"has-post-thumbnail","6":"product_cat-deli-ekstruderja","7":"product_cat-ekstruderji","8":"product_cat-rezervni-deli","9":"product_cat-vsi-rezervni-deli","10":"product_cat-znizano","11":"pa_compatible-with-artillery-fdm-3d-printers","12":"pa_compatible-with-creality-fdm-3d-printers","13":"pa_fits-printer-cr-x","14":"pa_fits-printer-creality-cr-10","15":"pa_fits-printer-creality-cr-10-v2","17":"first","18":"instock","19":"sale","20":"taxable","21":"shipping-taxable","22":"purchasable","23":"product-type-variable"},"acf":[],"_links":{"self":[{"href":"https:\/\/azurefilm.com\/sl\/wp-json\/wp\/v2\/product\/15105","targetHints":{"allow":["GET"]}}],"collection":[{"href":"https:\/\/azurefilm.com\/sl\/wp-json\/wp\/v2\/product"}],"about":[{"href":"https:\/\/azurefilm.com\/sl\/wp-json\/wp\/v2\/types\/product"}],"replies":[{"embeddable":true,"href":"https:\/\/azurefilm.com\/sl\/wp-json\/wp\/v2\/comments?post=15105"}],"wp:featuredmedia":[{"embeddable":true,"href":"https:\/\/azurefilm.com\/sl\/wp-json\/wp\/v2\/media\/17625"}],"wp:attachment":[{"href":"https:\/\/azurefilm.com\/sl\/wp-json\/wp\/v2\/media?parent=15105"}],"wp:term":[{"taxonomy":"product_brand","embeddable":true,"href":"https:\/\/azurefilm.com\/sl\/wp-json\/wp\/v2\/product_brand?post=15105"},{"taxonomy":"product_cat","embeddable":true,"href":"https:\/\/azurefilm.com\/sl\/wp-json\/wp\/v2\/product_cat?post=15105"},{"taxonomy":"product_tag","embeddable":true,"href":"https:\/\/azurefilm.com\/sl\/wp-json\/wp\/v2\/product_tag?post=15105"},{"taxonomy":"brand","embeddable":true,"href":"https:\/\/azurefilm.com\/sl\/wp-json\/wp\/v2\/brand?post=15105"}],"curies":[{"name":"wp","href":"https:\/\/api.w.org\/{rel}","templated":true}]}}