
{"id":15107,"date":"2023-10-29T14:26:34","date_gmt":"2023-10-29T14:26:34","guid":{"rendered":"https:\/\/azurefilm.com\/product\/volcano-silikonski-pokrov\/"},"modified":"2025-06-27T19:13:18","modified_gmt":"2025-06-27T19:13:18","slug":"volcano-silikonski-pokrov","status":"publish","type":"product","link":"https:\/\/azurefilm.com\/sl\/izdelek\/volcano-silikonski-pokrov\/","title":{"rendered":"Volcano silikonski pokrov"},"content":{"rendered":"<h2><strong>Klju\u010dne lastnosti:<\/strong><\/h2>\n<ul>\n<li><strong>Silikonski pokrov Volcano<\/strong> za grelec in termistor<\/li>\n<li>Material: izdelan iz silikonskega materiala, odpornega na visoke temperature.<\/li>\n<li>Pomaga ohranjati izjemno stabilno temperaturo vro\u010dega konca.<\/li>\n<li>Lahko podalj\u0161a \u017eivljenjsko dobo grelnega bloka in termistorja, tako da ostane \u010distej\u0161i.<\/li>\n<li>Odpornost na visoke temperature: 280 \u2103.<\/li>\n<li>Barva: modra.<\/li>\n<\/ul>\n","protected":false},"excerpt":{"rendered":"<p><strong>Volcano silikonski pokrov<\/strong> za grelec in termistor iz silikonskega materiala z visoko temperaturno odpornostjo.<\/p>\n","protected":false},"featured_media":18149,"comment_status":"closed","ping_status":"closed","template":"","meta":{"_acf_changed":false},"product_brand":[],"product_cat":[788,760,761,759],"product_tag":[],"brand":[],"class_list":{"0":"post-15107","1":"product","2":"type-product","3":"status-publish","4":"has-post-thumbnail","6":"product_cat-drugi-predmeti","7":"product_cat-rezervni-deli","8":"product_cat-vsi-rezervni-deli","9":"product_cat-znizano","11":"first","12":"instock","13":"sale","14":"taxable","15":"shipping-taxable","16":"purchasable","17":"product-type-simple"},"acf":[],"_links":{"self":[{"href":"https:\/\/azurefilm.com\/sl\/wp-json\/wp\/v2\/product\/15107","targetHints":{"allow":["GET"]}}],"collection":[{"href":"https:\/\/azurefilm.com\/sl\/wp-json\/wp\/v2\/product"}],"about":[{"href":"https:\/\/azurefilm.com\/sl\/wp-json\/wp\/v2\/types\/product"}],"replies":[{"embeddable":true,"href":"https:\/\/azurefilm.com\/sl\/wp-json\/wp\/v2\/comments?post=15107"}],"wp:featuredmedia":[{"embeddable":true,"href":"https:\/\/azurefilm.com\/sl\/wp-json\/wp\/v2\/media\/18149"}],"wp:attachment":[{"href":"https:\/\/azurefilm.com\/sl\/wp-json\/wp\/v2\/media?parent=15107"}],"wp:term":[{"taxonomy":"product_brand","embeddable":true,"href":"https:\/\/azurefilm.com\/sl\/wp-json\/wp\/v2\/product_brand?post=15107"},{"taxonomy":"product_cat","embeddable":true,"href":"https:\/\/azurefilm.com\/sl\/wp-json\/wp\/v2\/product_cat?post=15107"},{"taxonomy":"product_tag","embeddable":true,"href":"https:\/\/azurefilm.com\/sl\/wp-json\/wp\/v2\/product_tag?post=15107"},{"taxonomy":"brand","embeddable":true,"href":"https:\/\/azurefilm.com\/sl\/wp-json\/wp\/v2\/brand?post=15107"}],"curies":[{"name":"wp","href":"https:\/\/api.w.org\/{rel}","templated":true}]}}