
{"id":15127,"date":"2023-10-29T14:26:59","date_gmt":"2023-10-29T14:26:59","guid":{"rendered":"https:\/\/azurefilm.com\/product\/krizni-izvijac\/"},"modified":"2023-10-29T17:03:04","modified_gmt":"2023-10-29T17:03:04","slug":"krizni-izvijac","status":"publish","type":"product","link":"https:\/\/azurefilm.com\/sl\/izdelek\/krizni-izvijac\/","title":{"rendered":"Kri\u017eni izvija\u010d"},"content":{"rendered":"<p><strong>Kri\u017eni izvija\u010d<\/strong> v dimenzijah 5x100mm.<\/p>\n","protected":false},"excerpt":{"rendered":"<p><strong>Kri\u017eni izvija\u010d<\/strong> v dimenzijah 5x100mm.<\/p>\n","protected":false},"featured_media":7393,"comment_status":"closed","ping_status":"closed","template":"","meta":{"_acf_changed":false},"product_brand":[],"product_cat":[790,760,761,759],"product_tag":[],"brand":[],"class_list":{"0":"post-15127","1":"product","2":"type-product","3":"status-publish","4":"has-post-thumbnail","6":"product_cat-orodja","7":"product_cat-rezervni-deli","8":"product_cat-vsi-rezervni-deli","9":"product_cat-znizano","11":"first","12":"instock","13":"sale","14":"taxable","15":"shipping-taxable","16":"purchasable","17":"product-type-simple"},"acf":[],"_links":{"self":[{"href":"https:\/\/azurefilm.com\/sl\/wp-json\/wp\/v2\/product\/15127","targetHints":{"allow":["GET"]}}],"collection":[{"href":"https:\/\/azurefilm.com\/sl\/wp-json\/wp\/v2\/product"}],"about":[{"href":"https:\/\/azurefilm.com\/sl\/wp-json\/wp\/v2\/types\/product"}],"replies":[{"embeddable":true,"href":"https:\/\/azurefilm.com\/sl\/wp-json\/wp\/v2\/comments?post=15127"}],"wp:featuredmedia":[{"embeddable":true,"href":"https:\/\/azurefilm.com\/sl\/wp-json\/wp\/v2\/media\/7393"}],"wp:attachment":[{"href":"https:\/\/azurefilm.com\/sl\/wp-json\/wp\/v2\/media?parent=15127"}],"wp:term":[{"taxonomy":"product_brand","embeddable":true,"href":"https:\/\/azurefilm.com\/sl\/wp-json\/wp\/v2\/product_brand?post=15127"},{"taxonomy":"product_cat","embeddable":true,"href":"https:\/\/azurefilm.com\/sl\/wp-json\/wp\/v2\/product_cat?post=15127"},{"taxonomy":"product_tag","embeddable":true,"href":"https:\/\/azurefilm.com\/sl\/wp-json\/wp\/v2\/product_tag?post=15127"},{"taxonomy":"brand","embeddable":true,"href":"https:\/\/azurefilm.com\/sl\/wp-json\/wp\/v2\/brand?post=15127"}],"curies":[{"name":"wp","href":"https:\/\/api.w.org\/{rel}","templated":true}]}}