
{"id":15132,"date":"2023-10-29T14:26:59","date_gmt":"2023-10-29T14:26:59","guid":{"rendered":"https:\/\/azurefilm.com\/product\/kroglicni-vodilni-lezaj\/"},"modified":"2025-12-25T18:27:15","modified_gmt":"2025-12-25T18:27:15","slug":"kroglicni-vodilni-lezaj","status":"publish","type":"product","link":"https:\/\/azurefilm.com\/sl\/izdelek\/kroglicni-vodilni-lezaj\/","title":{"rendered":"Krogli\u010dni vodilni le\u017eaj"},"content":{"rendered":"<h2><strong>Klju\u010dne lastnosti krogli\u010dnih le\u017eajev:<\/strong><\/h2>\n<ul>\n<li>Zunanji fi 12 mm x notranji fi 6 mm, dol\u017eina 19 mm<\/li>\n<li>Zunanji fi 12 mm x notranji fi 8 mm, dol\u017eina 19 mm<\/li>\n<\/ul>\n","protected":false},"excerpt":{"rendered":"<p><strong>Krogli\u010dni vodilni le\u017eaj<\/strong> v razli\u010dnih dimenzijah.<\/p>\n","protected":false},"featured_media":7426,"comment_status":"closed","ping_status":"closed","template":"","meta":{"_acf_changed":false},"product_brand":[],"product_cat":[763,760,761,759],"product_tag":[],"brand":[],"class_list":{"0":"post-15132","1":"product","2":"type-product","3":"status-publish","4":"has-post-thumbnail","6":"product_cat-lezaji-in-vodila","7":"product_cat-rezervni-deli","8":"product_cat-vsi-rezervni-deli","9":"product_cat-znizano","11":"first","12":"instock","13":"sale","14":"taxable","15":"shipping-taxable","16":"purchasable","17":"product-type-variable"},"acf":[],"_links":{"self":[{"href":"https:\/\/azurefilm.com\/sl\/wp-json\/wp\/v2\/product\/15132","targetHints":{"allow":["GET"]}}],"collection":[{"href":"https:\/\/azurefilm.com\/sl\/wp-json\/wp\/v2\/product"}],"about":[{"href":"https:\/\/azurefilm.com\/sl\/wp-json\/wp\/v2\/types\/product"}],"replies":[{"embeddable":true,"href":"https:\/\/azurefilm.com\/sl\/wp-json\/wp\/v2\/comments?post=15132"}],"wp:featuredmedia":[{"embeddable":true,"href":"https:\/\/azurefilm.com\/sl\/wp-json\/wp\/v2\/media\/7426"}],"wp:attachment":[{"href":"https:\/\/azurefilm.com\/sl\/wp-json\/wp\/v2\/media?parent=15132"}],"wp:term":[{"taxonomy":"product_brand","embeddable":true,"href":"https:\/\/azurefilm.com\/sl\/wp-json\/wp\/v2\/product_brand?post=15132"},{"taxonomy":"product_cat","embeddable":true,"href":"https:\/\/azurefilm.com\/sl\/wp-json\/wp\/v2\/product_cat?post=15132"},{"taxonomy":"product_tag","embeddable":true,"href":"https:\/\/azurefilm.com\/sl\/wp-json\/wp\/v2\/product_tag?post=15132"},{"taxonomy":"brand","embeddable":true,"href":"https:\/\/azurefilm.com\/sl\/wp-json\/wp\/v2\/brand?post=15132"}],"curies":[{"name":"wp","href":"https:\/\/api.w.org\/{rel}","templated":true}]}}