
{"id":15142,"date":"2023-10-29T14:27:26","date_gmt":"2023-10-29T14:27:26","guid":{"rendered":"https:\/\/azurefilm.com\/product\/komplet-izvijacev\/"},"modified":"2025-01-03T09:21:27","modified_gmt":"2025-01-03T09:21:27","slug":"komplet-izvijacev","status":"publish","type":"product","link":"https:\/\/azurefilm.com\/sl\/izdelek\/komplet-izvijacev\/","title":{"rendered":"Komplet izvija\u010dev"},"content":{"rendered":"<h2><strong>Klju\u010dne lastnosti:<\/strong><\/h2>\n<ul>\n<li><strong>\u0160iroka uporaba <\/strong><br \/>\nTa <strong>komplet orodij za \u0161estrobe izvija\u010de<\/strong> vsebuje skupaj 7 izvija\u010dev v razli\u010dnih velikostih H1,5\/H2,0\/H2,5\/0&#8243;+\/1&#8243;-\/4,0 BOX\/5,0 BOX, lahko so \u0161iroki uporablja se za popravilo ali sestavljanje avtomobilov na daljinsko vodenje, modelov letal itd., ki lahko povsem ustrezajo va\u0161im potrebam.<\/li>\n<li><strong>Namigi<\/strong><br \/>\nKot navdu\u0161enec nad modeli boste morda morali v\u010dasih razstaviti ali sestaviti svoje modele, potem vam bo ta komplet izvija\u010dev pri\u0161el prav.<\/li>\n<li><strong>Visoka kakovost<\/strong><br \/>\nNastavki za izvija\u010d so izdelani iz hitroreznega jekla s titanizirano povr\u0161ino, ro\u010daji za izvija\u010de so izdelani iz visokokakovostne aluminijeve zlitine in izdolbeni z natan\u010dnim CNC. Ta visokokakovosten material zagotavlja visoko zmogljivost.<\/li>\n<li><strong>Lahko oblikovan<\/strong><br \/>\nZasnova votlega ro\u010daja zmanj\u0161a te\u017eo in zagotavlja udobno uporabo.<\/li>\n<\/ul>\n","protected":false},"excerpt":{"rendered":"<p><strong>Komplet izvija\u010dev<\/strong> vsebuje 7 izvija\u010dev v razli\u010dnih velikostih.<\/p>\n","protected":false},"featured_media":7532,"comment_status":"closed","ping_status":"closed","template":"","meta":{"_acf_changed":false},"product_brand":[],"product_cat":[790,760,761,759],"product_tag":[],"brand":[],"class_list":{"0":"post-15142","1":"product","2":"type-product","3":"status-publish","4":"has-post-thumbnail","6":"product_cat-orodja","7":"product_cat-rezervni-deli","8":"product_cat-vsi-rezervni-deli","9":"product_cat-znizano","11":"first","12":"instock","13":"sale","14":"taxable","15":"shipping-taxable","16":"purchasable","17":"product-type-simple"},"acf":[],"_links":{"self":[{"href":"https:\/\/azurefilm.com\/sl\/wp-json\/wp\/v2\/product\/15142","targetHints":{"allow":["GET"]}}],"collection":[{"href":"https:\/\/azurefilm.com\/sl\/wp-json\/wp\/v2\/product"}],"about":[{"href":"https:\/\/azurefilm.com\/sl\/wp-json\/wp\/v2\/types\/product"}],"replies":[{"embeddable":true,"href":"https:\/\/azurefilm.com\/sl\/wp-json\/wp\/v2\/comments?post=15142"}],"wp:featuredmedia":[{"embeddable":true,"href":"https:\/\/azurefilm.com\/sl\/wp-json\/wp\/v2\/media\/7532"}],"wp:attachment":[{"href":"https:\/\/azurefilm.com\/sl\/wp-json\/wp\/v2\/media?parent=15142"}],"wp:term":[{"taxonomy":"product_brand","embeddable":true,"href":"https:\/\/azurefilm.com\/sl\/wp-json\/wp\/v2\/product_brand?post=15142"},{"taxonomy":"product_cat","embeddable":true,"href":"https:\/\/azurefilm.com\/sl\/wp-json\/wp\/v2\/product_cat?post=15142"},{"taxonomy":"product_tag","embeddable":true,"href":"https:\/\/azurefilm.com\/sl\/wp-json\/wp\/v2\/product_tag?post=15142"},{"taxonomy":"brand","embeddable":true,"href":"https:\/\/azurefilm.com\/sl\/wp-json\/wp\/v2\/brand?post=15142"}],"curies":[{"name":"wp","href":"https:\/\/api.w.org\/{rel}","templated":true}]}}