
{"id":15152,"date":"2023-10-29T14:27:26","date_gmt":"2023-10-29T14:27:26","guid":{"rendered":"https:\/\/azurefilm.com\/product\/termicna-pasta-gd900\/"},"modified":"2025-12-11T13:43:53","modified_gmt":"2025-12-11T13:43:53","slug":"termicna-pasta-gd900","status":"publish","type":"product","link":"https:\/\/azurefilm.com\/sl\/izdelek\/termicna-pasta-gd900\/","title":{"rendered":"Termi\u010dna pasta GD900"},"content":{"rendered":"<p><strong>Termi\u010dna pasta GD900<\/strong> za odvajanje toplote.<\/p>\n<h2><strong>Klju\u010dne lastnosti:<\/strong><\/h2>\n<ul>\n<li>Elektri\u010dno neprevodno<\/li>\n<li>Na osnovi silikona<\/li>\n<li>Toplotna prevodnost:&gt; 6,0 W \/ mK<\/li>\n<li>Gostota:&gt; 2,5<\/li>\n<li>Delovna temperatura: -50 ~ 240 \u00b0C<\/li>\n<li>Barva: siva<\/li>\n<li>Vrsta artikla: toplotno prevodna krema s silikonskim gelom<\/li>\n<li>Material: oksidirana kovina<\/li>\n<li>Uporaba: CPE\/GPU\/LED odvajanje toplote<\/li>\n<li>Primeren za uporabo na CPE\/GPE\/LED, odli\u010dna toplotno prevodna funkcija<\/li>\n<li>Uporablja se za povezavo grelne enote s toplotnim odvodom, da se dose\u017ee bolj\u0161i u\u010dinek odvajanja toplote<\/li>\n<\/ul>\n","protected":false},"excerpt":{"rendered":"<p><strong>Termi\u010dna pasta GD900<\/strong> za odvajanje toplote v sivi barvi.<\/p>\n","protected":false},"featured_media":7622,"comment_status":"closed","ping_status":"closed","template":"","meta":{"_acf_changed":false},"product_brand":[],"product_cat":[790,760,761,759],"product_tag":[],"brand":[],"class_list":{"0":"post-15152","1":"product","2":"type-product","3":"status-publish","4":"has-post-thumbnail","6":"product_cat-orodja","7":"product_cat-rezervni-deli","8":"product_cat-vsi-rezervni-deli","9":"product_cat-znizano","11":"first","12":"instock","13":"sale","14":"taxable","15":"shipping-taxable","16":"purchasable","17":"product-type-simple"},"acf":[],"_links":{"self":[{"href":"https:\/\/azurefilm.com\/sl\/wp-json\/wp\/v2\/product\/15152","targetHints":{"allow":["GET"]}}],"collection":[{"href":"https:\/\/azurefilm.com\/sl\/wp-json\/wp\/v2\/product"}],"about":[{"href":"https:\/\/azurefilm.com\/sl\/wp-json\/wp\/v2\/types\/product"}],"replies":[{"embeddable":true,"href":"https:\/\/azurefilm.com\/sl\/wp-json\/wp\/v2\/comments?post=15152"}],"wp:featuredmedia":[{"embeddable":true,"href":"https:\/\/azurefilm.com\/sl\/wp-json\/wp\/v2\/media\/7622"}],"wp:attachment":[{"href":"https:\/\/azurefilm.com\/sl\/wp-json\/wp\/v2\/media?parent=15152"}],"wp:term":[{"taxonomy":"product_brand","embeddable":true,"href":"https:\/\/azurefilm.com\/sl\/wp-json\/wp\/v2\/product_brand?post=15152"},{"taxonomy":"product_cat","embeddable":true,"href":"https:\/\/azurefilm.com\/sl\/wp-json\/wp\/v2\/product_cat?post=15152"},{"taxonomy":"product_tag","embeddable":true,"href":"https:\/\/azurefilm.com\/sl\/wp-json\/wp\/v2\/product_tag?post=15152"},{"taxonomy":"brand","embeddable":true,"href":"https:\/\/azurefilm.com\/sl\/wp-json\/wp\/v2\/brand?post=15152"}],"curies":[{"name":"wp","href":"https:\/\/api.w.org\/{rel}","templated":true}]}}