
{"id":15171,"date":"2023-10-29T14:27:57","date_gmt":"2023-10-29T14:27:57","guid":{"rendered":"https:\/\/azurefilm.com\/product\/gt2-dvojna-jermenica\/"},"modified":"2025-11-06T19:13:13","modified_gmt":"2025-11-06T19:13:13","slug":"gt2-dvojna-jermenica","status":"publish","type":"product","link":"https:\/\/azurefilm.com\/sl\/izdelek\/gt2-dvojna-jermenica\/","title":{"rendered":"GT2 dvojna jermenica"},"content":{"rendered":"<h2><strong>Klju\u010dne lastnosti:<\/strong><\/h2>\n<ul>\n<li>Zobna jermenica GT2 z 20 zobmi 5 mm,<\/li>\n<li>Zobna jermenica GT2 z 20 zobmi 8 mm.<\/li>\n<li>Izdelana iz visokokakovostnega aluminija,<\/li>\n<li>Visoka trdota,<\/li>\n<li>Vodoodporna in odporna proti rji, odporna proti koroziji in bolj vzdr\u017eljiva,<\/li>\n<li>Primerna za pas \u0161irine 5 mm ali 8 mm (imamo razli\u010dne mo\u017enosti),<\/li>\n<li>Zagotavlja bolj gladek prehod med pasom in zmanj\u0161uje tveganje zdrsa pasu,<\/li>\n<li>Sistem jermenice zobatega jermena GT2, posebej primeren za linearno gibanje in pozicioniranje, dobra zmogljivost za 3D-tiskalnike.<\/li>\n<\/ul>\n","protected":false},"excerpt":{"rendered":"<p><strong>GT2 dvojna jermenica<\/strong> izdelana iz visokokakovostnega aluminija, ki je odporen na vodo, rjo in korozijo.<\/p>\n","protected":false},"featured_media":7729,"comment_status":"closed","ping_status":"closed","template":"","meta":{"_acf_changed":false},"product_brand":[],"product_cat":[788,760,761,759],"product_tag":[],"brand":[],"class_list":{"0":"post-15171","1":"product","2":"type-product","3":"status-publish","4":"has-post-thumbnail","6":"product_cat-drugi-predmeti","7":"product_cat-rezervni-deli","8":"product_cat-vsi-rezervni-deli","9":"product_cat-znizano","11":"first","12":"instock","13":"sale","14":"taxable","15":"shipping-taxable","16":"purchasable","17":"product-type-variable"},"acf":[],"_links":{"self":[{"href":"https:\/\/azurefilm.com\/sl\/wp-json\/wp\/v2\/product\/15171","targetHints":{"allow":["GET"]}}],"collection":[{"href":"https:\/\/azurefilm.com\/sl\/wp-json\/wp\/v2\/product"}],"about":[{"href":"https:\/\/azurefilm.com\/sl\/wp-json\/wp\/v2\/types\/product"}],"replies":[{"embeddable":true,"href":"https:\/\/azurefilm.com\/sl\/wp-json\/wp\/v2\/comments?post=15171"}],"wp:featuredmedia":[{"embeddable":true,"href":"https:\/\/azurefilm.com\/sl\/wp-json\/wp\/v2\/media\/7729"}],"wp:attachment":[{"href":"https:\/\/azurefilm.com\/sl\/wp-json\/wp\/v2\/media?parent=15171"}],"wp:term":[{"taxonomy":"product_brand","embeddable":true,"href":"https:\/\/azurefilm.com\/sl\/wp-json\/wp\/v2\/product_brand?post=15171"},{"taxonomy":"product_cat","embeddable":true,"href":"https:\/\/azurefilm.com\/sl\/wp-json\/wp\/v2\/product_cat?post=15171"},{"taxonomy":"product_tag","embeddable":true,"href":"https:\/\/azurefilm.com\/sl\/wp-json\/wp\/v2\/product_tag?post=15171"},{"taxonomy":"brand","embeddable":true,"href":"https:\/\/azurefilm.com\/sl\/wp-json\/wp\/v2\/brand?post=15171"}],"curies":[{"name":"wp","href":"https:\/\/api.w.org\/{rel}","templated":true}]}}