
{"id":15173,"date":"2023-10-29T14:27:57","date_gmt":"2023-10-29T14:27:57","guid":{"rendered":"https:\/\/azurefilm.com\/product\/citalnik-sd-kartic\/"},"modified":"2026-03-30T20:54:53","modified_gmt":"2026-03-30T20:54:53","slug":"citalnik-sd-kartic","status":"publish","type":"product","link":"https:\/\/azurefilm.com\/sl\/izdelek\/citalnik-sd-kartic\/","title":{"rendered":"\u010citalnik SD kartic"},"content":{"rendered":"<h2><b>Klju\u010dne lastnosti:<\/b><\/h2>\n<ul>\n<li>Prenosni \u010ditalnik ve\u010d pomnilni\u0161kih kartic USB 2.0 4 v 1 za kartico SD TF T-Flash M2.<\/li>\n<li>Ta \u010ditalnik kartic z ve\u010d re\u017eami podpira M2 SD SDHC DV Micro SD Mini SD TF.<\/li>\n<li>Ozka velikost, enostaven za prena\u0161anje.<\/li>\n<li>Specifikacija USB Ver2.0 480Mbps.<\/li>\n<li>\u010crpanje energije neposredno iz vrat USB.<\/li>\n<li>Zunanje napajanje ni potrebno.<\/li>\n<li>Ta \u010ditalnik kartic Micro SD je zdru\u017eljiv z USB 2.0<\/li>\n<li>Sistem podpira: Windows 98 \/ 98SE \/ ME \/ 2000\/XP \/ Vista \/ WIN7\/ Mac OS X 9.0 in novej\u0161o razli\u010dico Linus2.4.<\/li>\n<\/ul>\n<h2><strong>Specifikacije:<\/strong><\/h2>\n<ul>\n<li>Barva: modra &amp; Bela<\/li>\n<li>Velikost predmeta: 57 x 21 x 12 mm<\/li>\n<li>Neto te\u017ea: 13 g<\/li>\n<li>Te\u017ea paketa: 22 g<\/li>\n<\/ul>\n<h2><strong>Vsebina embala\u017ee:<\/strong><\/h2>\n<ul>\n<li>1 x 4 v 1 modro-beli pomnilni\u0161ki \u010ditalnik ve\u010d kartic<\/li>\n<\/ul>\n","protected":false},"excerpt":{"rendered":"<p>Ta ve\u010dpredstavnostni<strong>\u010citalnik SD kartic<\/strong> podpira M2 SD SDHC DV Micro SD Mini SD TF.<\/p>\n","protected":false},"featured_media":7755,"comment_status":"closed","ping_status":"closed","template":"","meta":{"_acf_changed":false},"product_brand":[],"product_cat":[790,760,761,759],"product_tag":[],"brand":[],"class_list":{"0":"post-15173","1":"product","2":"type-product","3":"status-publish","4":"has-post-thumbnail","6":"product_cat-orodja","7":"product_cat-rezervni-deli","8":"product_cat-vsi-rezervni-deli","9":"product_cat-znizano","11":"first","12":"instock","13":"sale","14":"taxable","15":"shipping-taxable","16":"purchasable","17":"product-type-simple"},"acf":[],"_links":{"self":[{"href":"https:\/\/azurefilm.com\/sl\/wp-json\/wp\/v2\/product\/15173","targetHints":{"allow":["GET"]}}],"collection":[{"href":"https:\/\/azurefilm.com\/sl\/wp-json\/wp\/v2\/product"}],"about":[{"href":"https:\/\/azurefilm.com\/sl\/wp-json\/wp\/v2\/types\/product"}],"replies":[{"embeddable":true,"href":"https:\/\/azurefilm.com\/sl\/wp-json\/wp\/v2\/comments?post=15173"}],"wp:featuredmedia":[{"embeddable":true,"href":"https:\/\/azurefilm.com\/sl\/wp-json\/wp\/v2\/media\/7755"}],"wp:attachment":[{"href":"https:\/\/azurefilm.com\/sl\/wp-json\/wp\/v2\/media?parent=15173"}],"wp:term":[{"taxonomy":"product_brand","embeddable":true,"href":"https:\/\/azurefilm.com\/sl\/wp-json\/wp\/v2\/product_brand?post=15173"},{"taxonomy":"product_cat","embeddable":true,"href":"https:\/\/azurefilm.com\/sl\/wp-json\/wp\/v2\/product_cat?post=15173"},{"taxonomy":"product_tag","embeddable":true,"href":"https:\/\/azurefilm.com\/sl\/wp-json\/wp\/v2\/product_tag?post=15173"},{"taxonomy":"brand","embeddable":true,"href":"https:\/\/azurefilm.com\/sl\/wp-json\/wp\/v2\/brand?post=15173"}],"curies":[{"name":"wp","href":"https:\/\/api.w.org\/{rel}","templated":true}]}}