
{"id":15175,"date":"2023-10-29T14:27:57","date_gmt":"2023-10-29T14:27:57","guid":{"rendered":"https:\/\/azurefilm.com\/product\/soba-e3d-v5-v6-jeklo\/"},"modified":"2026-01-19T22:11:23","modified_gmt":"2026-01-19T22:11:23","slug":"soba-e3d-v5-v6-jeklo","status":"publish","type":"product","link":"https:\/\/azurefilm.com\/sl\/izdelek\/soba-e3d-v5-v6-jeklo\/","title":{"rendered":"\u0160oba E3D V5\/V6 JEKLO"},"content":{"rendered":"<h2><strong>Klju\u010dne lastnosti:<\/strong><\/h2>\n<ul>\n<li>Izdelajte dosledne natise z gladkim in sijo\u010dim videzom,<\/li>\n<li>\u0160oba 3D tiskalnika je izdelana iz visokokakovostnega materiala iz nerjave\u010dega jekla,<\/li>\n<li>Odporna proti rji in koroziji,<\/li>\n<li>\u010cvrsta in trpe\u017ena,<\/li>\n<li>Enostavna za namestitev,<\/li>\n<li>Zdru\u017eljiva z vsemi 1,75mm PLA ABS 3D tiskalniki,<\/li>\n<li>Po zamenjavi \u0161obe znova umerite razdaljo med \u0161obo in vgradno plo\u0161\u010do, da zagotovite kakovost tiskalnih delov.<\/li>\n<li>Cena velja za 1 kos.<\/li>\n<\/ul>\n","protected":false},"excerpt":{"rendered":"<p><strong>\u0160oba E3D V5\/V6 JEKLO<\/strong> z inputom za 1.75mm filament, ki lahko u\u010dinkovito prepre\u010duje pu\u0161\u010danje tiskalne glave in ustvarja konsistentne tiske z gladkim in sijo\u010dim sijajem.<\/p>\n","protected":false},"featured_media":7785,"comment_status":"closed","ping_status":"closed","template":"","meta":{"_acf_changed":false},"product_brand":[],"product_cat":[760,785,786,761,759],"product_tag":[],"brand":[],"class_list":{"0":"post-15175","1":"product","2":"type-product","3":"status-publish","4":"has-post-thumbnail","6":"product_cat-rezervni-deli","7":"product_cat-sobe","8":"product_cat-utrjene-sobe-odporne-proti-obrabi","9":"product_cat-vsi-rezervni-deli","10":"product_cat-znizano","11":"pa_nozzle-diameter-0-2mm","12":"pa_nozzle-diameter-0-3mm","13":"pa_nozzle-diameter-0-4mm","14":"pa_nozzle-diameter-0-6mm","16":"first","17":"instock","18":"sale","19":"taxable","20":"shipping-taxable","21":"purchasable","22":"product-type-variable"},"acf":[],"_links":{"self":[{"href":"https:\/\/azurefilm.com\/sl\/wp-json\/wp\/v2\/product\/15175","targetHints":{"allow":["GET"]}}],"collection":[{"href":"https:\/\/azurefilm.com\/sl\/wp-json\/wp\/v2\/product"}],"about":[{"href":"https:\/\/azurefilm.com\/sl\/wp-json\/wp\/v2\/types\/product"}],"replies":[{"embeddable":true,"href":"https:\/\/azurefilm.com\/sl\/wp-json\/wp\/v2\/comments?post=15175"}],"wp:featuredmedia":[{"embeddable":true,"href":"https:\/\/azurefilm.com\/sl\/wp-json\/wp\/v2\/media\/7785"}],"wp:attachment":[{"href":"https:\/\/azurefilm.com\/sl\/wp-json\/wp\/v2\/media?parent=15175"}],"wp:term":[{"taxonomy":"product_brand","embeddable":true,"href":"https:\/\/azurefilm.com\/sl\/wp-json\/wp\/v2\/product_brand?post=15175"},{"taxonomy":"product_cat","embeddable":true,"href":"https:\/\/azurefilm.com\/sl\/wp-json\/wp\/v2\/product_cat?post=15175"},{"taxonomy":"product_tag","embeddable":true,"href":"https:\/\/azurefilm.com\/sl\/wp-json\/wp\/v2\/product_tag?post=15175"},{"taxonomy":"brand","embeddable":true,"href":"https:\/\/azurefilm.com\/sl\/wp-json\/wp\/v2\/brand?post=15175"}],"curies":[{"name":"wp","href":"https:\/\/api.w.org\/{rel}","templated":true}]}}