
{"id":15183,"date":"2023-10-29T14:28:24","date_gmt":"2023-10-29T14:28:24","guid":{"rendered":"https:\/\/azurefilm.com\/product\/creality-soba-mk8-jeklo\/"},"modified":"2026-04-01T15:29:51","modified_gmt":"2026-04-01T15:29:51","slug":"creality-soba-mk8-jeklo","status":"publish","type":"product","link":"https:\/\/azurefilm.com\/sl\/izdelek\/creality-soba-mk8-jeklo\/","title":{"rendered":"Jeklena \u0161oba Creality MK8"},"content":{"rendered":"<h4><span style=\"vertical-align: inherit;\">Jeklena \u0161oba Creality MK8<\/span><\/h4>\n<h3><strong><span style=\"vertical-align: inherit;\">Klju\u010dne funkcije:<\/span><\/strong><\/h3>\n<ul>\n<li><span style=\"vertical-align: inherit;\">Kompatibilno za: Creality CR-10 V2, Creality CR-10S , Creality Ender 3 S1,<\/span><\/li>\n<li><span style=\"vertical-align: inherit;\">Vhodne \u0161obe ekstruderja 1,75 mm, 0,4 mm, 0,5 mm in 0,6 mm lahko u\u010dinkovito prepre\u010dijo pu\u0161\u010danje tiskalne glave,<\/span><\/li>\n<li><span style=\"vertical-align: inherit;\">Ustvarite skladne odtise z gladkim in sijo\u010dim lakom,<\/span><\/li>\n<li><span style=\"vertical-align: inherit;\">\u0160oba 3D tiskalnika je izdelana iz visokokakovostnega nerjave\u010dega jekla,<\/span><\/li>\n<li><span style=\"vertical-align: inherit;\">Odporen proti rji in koroziji,<\/span><\/li>\n<li><span style=\"vertical-align: inherit;\">Mo\u010dna in trpe\u017ena,<\/span><\/li>\n<li><span style=\"vertical-align: inherit;\">Enostaven za namestitev,<\/span><\/li>\n<li><span style=\"vertical-align: inherit;\">Po zamenjavi \u0161obe ponovno umerite razdaljo med \u0161obo in plo\u0161\u010do, da zagotovite kakovost natisnjenih delov.<\/span><\/li>\n<li><span style=\"vertical-align: inherit;\">Cena velja za 1 kos.<\/span><\/li>\n<\/ul>\n","protected":false},"excerpt":{"rendered":"<p><span style=\"vertical-align: inherit;\">Jeklena \u0161oba Creality MK8<\/span><span style=\"vertical-align: inherit;\">\u00a0<\/span>za 1.75mm filament, ki lahko u\u010dinkovito prepre\u010duje pu\u0161\u010danje tiskalne glave in ustvarja konsistentne tiske z gladkim in sijo\u010dim sijajem.<\/p>\n","protected":false},"featured_media":7833,"comment_status":"closed","ping_status":"closed","template":"","meta":{"_acf_changed":false},"product_brand":[],"product_cat":[760,785,786,761,759],"product_tag":[],"brand":[270],"class_list":{"0":"post-15183","1":"product","2":"type-product","3":"status-publish","4":"has-post-thumbnail","6":"product_cat-rezervni-deli","7":"product_cat-sobe","8":"product_cat-utrjene-sobe-odporne-proti-obrabi","9":"product_cat-vsi-rezervni-deli","10":"product_cat-znizano","11":"pa_fits-printer-creality-cr-10","12":"pa_fits-printer-creality-cr-10-v2","13":"pa_fits-printer-creality-ender-3","14":"pa_nozzle-diameter-0-4mm","15":"pa_nozzle-diameter-0-6mm","16":"brand-creality","18":"first","19":"instock","20":"sale","21":"taxable","22":"shipping-taxable","23":"purchasable","24":"product-type-variable"},"acf":[],"_links":{"self":[{"href":"https:\/\/azurefilm.com\/sl\/wp-json\/wp\/v2\/product\/15183","targetHints":{"allow":["GET"]}}],"collection":[{"href":"https:\/\/azurefilm.com\/sl\/wp-json\/wp\/v2\/product"}],"about":[{"href":"https:\/\/azurefilm.com\/sl\/wp-json\/wp\/v2\/types\/product"}],"replies":[{"embeddable":true,"href":"https:\/\/azurefilm.com\/sl\/wp-json\/wp\/v2\/comments?post=15183"}],"wp:featuredmedia":[{"embeddable":true,"href":"https:\/\/azurefilm.com\/sl\/wp-json\/wp\/v2\/media\/7833"}],"wp:attachment":[{"href":"https:\/\/azurefilm.com\/sl\/wp-json\/wp\/v2\/media?parent=15183"}],"wp:term":[{"taxonomy":"product_brand","embeddable":true,"href":"https:\/\/azurefilm.com\/sl\/wp-json\/wp\/v2\/product_brand?post=15183"},{"taxonomy":"product_cat","embeddable":true,"href":"https:\/\/azurefilm.com\/sl\/wp-json\/wp\/v2\/product_cat?post=15183"},{"taxonomy":"product_tag","embeddable":true,"href":"https:\/\/azurefilm.com\/sl\/wp-json\/wp\/v2\/product_tag?post=15183"},{"taxonomy":"brand","embeddable":true,"href":"https:\/\/azurefilm.com\/sl\/wp-json\/wp\/v2\/brand?post=15183"}],"curies":[{"name":"wp","href":"https:\/\/api.w.org\/{rel}","templated":true}]}}