
{"id":15191,"date":"2023-10-29T14:28:24","date_gmt":"2023-10-29T14:28:24","guid":{"rendered":"https:\/\/azurefilm.com\/product\/micro-swiss-metal-hot-end-komplet-za-flashforge\/"},"modified":"2023-11-07T15:06:32","modified_gmt":"2023-11-07T15:06:32","slug":"micro-swiss-metal-hot-end-komplet-za-flashforge","status":"publish","type":"product","link":"https:\/\/azurefilm.com\/sl\/izdelek\/micro-swiss-metal-hot-end-komplet-za-flashforge\/","title":{"rendered":"Micro Swiss metal hot-end komplet za Flashforge"},"content":{"rendered":"<h2><strong>Klju\u010dne lastnosti:<\/strong><\/h2>\n<p>To je popolnoma kovinski komplet za nadgradnjo hotenda za Flashforge Finder in Flashforge Guider 2S. Popolnoma kovinski vro\u010di konec vam bo omogo\u010dil tiskanje pri veliko vi\u0161ji temperaturi, kot je to mogo\u010de z originalnim, prevle\u010denim s PTFE. Druga prednost popolnoma kovinske zasnove hotenda je doslednej\u0161i nadzor talilne komore. Med po\u010dasno hitrostjo iztiskanja v PTFE podlo\u017eenem hotendu se prehodno obmo\u010dje iz trdne v staljeno plastiko nagiba k polzenju navzgor, kar ustvarja bolj nitaste odtise. Pri popolnoma kovinski zasnovi je prehodno obmo\u010dje vedno konstantno in se nahaja tik ob toplotnem prelomu. S hitro hitrostjo iztiskanja PTFE cev nima dovolj toplotne prevodnosti, da bi pravilno stopila vso plastiko, ki prihaja ven. Popolnoma kovinski hotend re\u0161uje to te\u017eavo, plastika je po vsej dol\u017eini obdana s toplotno prevodno \u0161obo.<\/p>\n<h2><strong>Primerno za naslednje 3D tiskalnike:<\/strong><\/h2>\n<ul>\n<li>FlashForge Finder<\/li>\n<li>FlashForge Inventor 2<\/li>\n<li>FlashForge Guider 2 (starej\u0161a razli\u010dica, brez kovinske plo\u0161\u010de nad grelnim blokom)<\/li>\n<li>FlashForge Guider 2S<\/li>\n<li>Dremel 3D40 Idea Builder<\/li>\n<\/ul>\n<h2><strong>Namestitev:<\/strong><\/h2>\n<p><iframe loading=\"lazy\" class=\"allowed-iframe\" src=\"https:\/\/www.youtube.com\/embed\/G04dj9DcJUI\" width=\"900\" height=\"500\"><\/iframe><\/p>\n","protected":false},"excerpt":{"rendered":"<p><strong>Micro Swiss metal hot-end komplet za Flashforge<\/strong> sestavljajo 1 medeninasta \u0161oba, odporna na obrabo, 1 toplotna cev in 2 zati\u010da.<\/p>\n","protected":false},"featured_media":7917,"comment_status":"closed","ping_status":"closed","template":"","meta":{"_acf_changed":false},"product_brand":[],"product_cat":[775,773,812,760,785,786,761,759],"product_tag":[],"brand":[],"class_list":{"0":"post-15191","1":"product","2":"type-product","3":"status-publish","4":"has-post-thumbnail","6":"product_cat-deli-ekstruderja","7":"product_cat-ekstruderji","8":"product_cat-nadgradnje-ekstruderja","9":"product_cat-rezervni-deli","10":"product_cat-sobe","11":"product_cat-utrjene-sobe-odporne-proti-obrabi","12":"product_cat-vsi-rezervni-deli","13":"product_cat-znizano","14":"pa_compatible-with-creality-fdm-3d-printers","15":"pa_fits-printer-flashforge-guider-2","16":"pa_fits-printer-flashforge-guider-2s","18":"first","19":"instock","20":"sale","21":"taxable","22":"shipping-taxable","23":"purchasable","24":"product-type-simple"},"acf":[],"_links":{"self":[{"href":"https:\/\/azurefilm.com\/sl\/wp-json\/wp\/v2\/product\/15191","targetHints":{"allow":["GET"]}}],"collection":[{"href":"https:\/\/azurefilm.com\/sl\/wp-json\/wp\/v2\/product"}],"about":[{"href":"https:\/\/azurefilm.com\/sl\/wp-json\/wp\/v2\/types\/product"}],"replies":[{"embeddable":true,"href":"https:\/\/azurefilm.com\/sl\/wp-json\/wp\/v2\/comments?post=15191"}],"wp:featuredmedia":[{"embeddable":true,"href":"https:\/\/azurefilm.com\/sl\/wp-json\/wp\/v2\/media\/7917"}],"wp:attachment":[{"href":"https:\/\/azurefilm.com\/sl\/wp-json\/wp\/v2\/media?parent=15191"}],"wp:term":[{"taxonomy":"product_brand","embeddable":true,"href":"https:\/\/azurefilm.com\/sl\/wp-json\/wp\/v2\/product_brand?post=15191"},{"taxonomy":"product_cat","embeddable":true,"href":"https:\/\/azurefilm.com\/sl\/wp-json\/wp\/v2\/product_cat?post=15191"},{"taxonomy":"product_tag","embeddable":true,"href":"https:\/\/azurefilm.com\/sl\/wp-json\/wp\/v2\/product_tag?post=15191"},{"taxonomy":"brand","embeddable":true,"href":"https:\/\/azurefilm.com\/sl\/wp-json\/wp\/v2\/brand?post=15191"}],"curies":[{"name":"wp","href":"https:\/\/api.w.org\/{rel}","templated":true}]}}