
{"id":15215,"date":"2023-10-29T14:28:49","date_gmt":"2023-10-29T14:28:49","guid":{"rendered":"https:\/\/azurefilm.com\/product\/3dlac-plus\/"},"modified":"2026-03-25T20:06:16","modified_gmt":"2026-03-25T20:06:16","slug":"3dlac-plus","status":"publish","type":"product","link":"https:\/\/azurefilm.com\/sl\/izdelek\/3dlac-plus\/","title":{"rendered":"3DLAC Plus"},"content":{"rendered":"<h2><strong>Klju\u010dne lastnosti:<\/strong><\/h2>\n<p>Dober oprijem odtisa na tiskalno podlago je nujen pri 3D tiskanju! \u010ce \u017eelite ohraniti va\u0161 tisk varen med tiskom in prepre\u010diti deformacije, uporabite 3Dlac 100ml. 3Dlac je novo aerosolno lepilo v spreju za 3D tiskalnike z ogrevano tiskalno posteljo, ki prepre\u010duje deformacijo velikih predmetov. Ko je postelja segreta nad 60 \u00b0C, sprej nudi mo\u010dno vez med prvo plastjo in gradbeno plo\u0161\u010do. Odtise je mogo\u010de preprosto odstraniti z vgradne plo\u0161\u010de, ker 3Dlac 100 ml postane neaktiven pod 60 \u00b0C. 3Dlac &#8211; fiksirno pr\u0161ilo zagotavlja mo\u010dno vez med plastiko in steklom, ki jo je po potrebi enostavno zlomiti. Sprej je popolnoma topen v vodi, zato je \u010di\u0161\u010denje vgradne plo\u0161\u010de enostaven postopek.<\/p>\n<h2><strong>Kako razli\u010dne temperature vplivajo na ravni oprijema:<\/strong><\/h2>\n<ul>\n<li>Pod 60 \u00b0C: brez oprijema, predmeti se lahko lo\u010dijo od plo\u0161\u010de.<\/li>\n<li>60 &#8211; 75 \u00b0C: srednji oprijem, za preproste geometrije.<\/li>\n<li>75 &#8211; 95\u00baC: visok oprijem, za zapletene geometrije in dolge odtise.<\/li>\n<li>Nad 95 \u00b0C: zelo visok oprijem, za zelo zapletene geometrije in zelo dolge odtise.<\/li>\n<\/ul>\n<h2><strong>Kako uporabljati 3DLAC:<\/strong><\/h2>\n<ul>\n<li>O\u010distite vgradno plo\u0161\u010do tiskalnika 3D<\/li>\n<li>Prepri\u010dajte se, da je temperatura tiskalne postelje pod 50 \u00b0C<\/li>\n<li>Razpr\u0161ite 3Dlac 100 ml na tiskalno posteljo (uporabite dobro prezra\u010den prostor)<\/li>\n<li>Najprej segrejte svojo tiskalno posteljo in nato tiskajte<\/li>\n<li>Po tiskanju po\u010dakajte, da se delovna plo\u0161\u010da ohladi<\/li>\n<li>Va\u0161 potiskani predmet se bo zlahka odlepil<\/li>\n<\/ul>\n<p><iframe loading=\"lazy\" class=\"allowed-iframe\" src=\"https:\/\/www.youtube.com\/embed\/vlxXfV3wGXM\" width=\"495\" height=\"390\"><\/iframe><\/p>\n","protected":false},"excerpt":{"rendered":"<p><strong>3DLAC Plus<\/strong>fiksirni sprej zagotavlja mo\u010dno vez med plastiko in steklom, ki jo je po potrebi enostavno prekiniti.<\/p>\n","protected":false},"featured_media":8161,"comment_status":"closed","ping_status":"closed","template":"","meta":{"_acf_changed":false},"product_brand":[],"product_cat":[760,764,761,759],"product_tag":[],"brand":[],"class_list":{"0":"post-15215","1":"product","2":"type-product","3":"status-publish","4":"has-post-thumbnail","6":"product_cat-rezervni-deli","7":"product_cat-sredstva-za-oprijem","8":"product_cat-vsi-rezervni-deli","9":"product_cat-znizano","10":"pa_compatible-with-artillery-fdm-3d-printers","11":"pa_compatible-with-bambulab-fdm-3d-printers","12":"pa_compatible-with-creality-fdm-3d-printers","13":"pa_compatible-with-flashforge-fdm-3d-printers","14":"pa_compatible-with-zortrax-fdm-3d-printers","15":"pa_fits-printer-bambu-lab-x1-carbon","16":"pa_fits-printer-creality-cr-10","17":"pa_fits-printer-creality-cr-10-smart","18":"pa_fits-printer-creality-cr-10-v2","19":"pa_fits-printer-creality-cr-10s-pro-v2","20":"pa_fits-printer-creality-cr-30-printmill","21":"pa_fits-printer-creality-cr-5-pro-h","22":"pa_fits-printer-creality-cr-6-max","23":"pa_fits-printer-creality-cr-6-se","24":"pa_fits-printer-creality-cr-m4","25":"pa_fits-printer-creality-ender-3","26":"pa_fits-printer-creality-ender-3-v2-neo","27":"pa_fits-printer-creality-k1","28":"pa_fits-printer-creality-k1-max","29":"pa_fits-printer-flashforge-adventurer-4","30":"pa_fits-printer-flashforge-creator-3","31":"pa_fits-printer-flashforge-creator-3-pro","32":"pa_fits-printer-flashforge-creator-4","33":"pa_fits-printer-flashforge-guider-2","34":"pa_fits-printer-flashforge-guider-2s","35":"pa_fits-printer-flashforge-guider-3","36":"pa_fits-printer-zortrax-m200","37":"pa_fits-printer-zortrax-m300","39":"first","40":"instock","41":"sale","42":"taxable","43":"shipping-taxable","44":"purchasable","45":"product-type-simple"},"acf":[],"_links":{"self":[{"href":"https:\/\/azurefilm.com\/sl\/wp-json\/wp\/v2\/product\/15215","targetHints":{"allow":["GET"]}}],"collection":[{"href":"https:\/\/azurefilm.com\/sl\/wp-json\/wp\/v2\/product"}],"about":[{"href":"https:\/\/azurefilm.com\/sl\/wp-json\/wp\/v2\/types\/product"}],"replies":[{"embeddable":true,"href":"https:\/\/azurefilm.com\/sl\/wp-json\/wp\/v2\/comments?post=15215"}],"wp:featuredmedia":[{"embeddable":true,"href":"https:\/\/azurefilm.com\/sl\/wp-json\/wp\/v2\/media\/8161"}],"wp:attachment":[{"href":"https:\/\/azurefilm.com\/sl\/wp-json\/wp\/v2\/media?parent=15215"}],"wp:term":[{"taxonomy":"product_brand","embeddable":true,"href":"https:\/\/azurefilm.com\/sl\/wp-json\/wp\/v2\/product_brand?post=15215"},{"taxonomy":"product_cat","embeddable":true,"href":"https:\/\/azurefilm.com\/sl\/wp-json\/wp\/v2\/product_cat?post=15215"},{"taxonomy":"product_tag","embeddable":true,"href":"https:\/\/azurefilm.com\/sl\/wp-json\/wp\/v2\/product_tag?post=15215"},{"taxonomy":"brand","embeddable":true,"href":"https:\/\/azurefilm.com\/sl\/wp-json\/wp\/v2\/brand?post=15215"}],"curies":[{"name":"wp","href":"https:\/\/api.w.org\/{rel}","templated":true}]}}