
{"id":15221,"date":"2023-10-29T14:29:24","date_gmt":"2023-10-29T14:29:24","guid":{"rendered":"https:\/\/azurefilm.com\/product\/vzmet-za-natezanje\/"},"modified":"2026-02-12T19:08:22","modified_gmt":"2026-02-12T19:08:22","slug":"vzmet-za-natezanje","status":"publish","type":"product","link":"https:\/\/azurefilm.com\/sl\/izdelek\/vzmet-za-natezanje\/","title":{"rendered":"Vzmet za natezanje"},"content":{"rendered":"<h2><strong>Klju\u010dne lastnosti:<\/strong><\/h2>\n<ul>\n<li>\u0160iroko se uporablja za popravila v trgovinah in na domu, orodja &amp; oprema, ro\u010dno orodje, avtomobili, nadomestni deli<\/li>\n<li>Izdelana iz jeklene \u017eice za trdnost in vzmet za pravo mero napetosti<\/li>\n<li>\u010crni oksidni premaz za dodatno za\u0161\u010dito pred \u0161kodljivo rjo in korozijo<\/li>\n<li>Popolnoma zasukani konci zanke za varno pritrditev<\/li>\n<li>1 kos<\/li>\n<li>Velikost: 36 mm x 6 mm<\/li>\n<\/ul>\n","protected":false},"excerpt":{"rendered":"<p><strong>Vzmet za natezanje<\/strong> se pogosto uporablja za popravila v trgovini in doma, orodja in opremo, ro\u010dno orodje, avtomobilske in nadomestne dele.<\/p>\n","protected":false},"featured_media":8251,"comment_status":"closed","ping_status":"closed","template":"","meta":{"_acf_changed":false},"product_brand":[],"product_cat":[790,760,761,759],"product_tag":[],"brand":[],"class_list":{"0":"post-15221","1":"product","2":"type-product","3":"status-publish","4":"has-post-thumbnail","6":"product_cat-orodja","7":"product_cat-rezervni-deli","8":"product_cat-vsi-rezervni-deli","9":"product_cat-znizano","11":"first","12":"instock","13":"sale","14":"taxable","15":"shipping-taxable","16":"purchasable","17":"product-type-simple"},"acf":[],"_links":{"self":[{"href":"https:\/\/azurefilm.com\/sl\/wp-json\/wp\/v2\/product\/15221","targetHints":{"allow":["GET"]}}],"collection":[{"href":"https:\/\/azurefilm.com\/sl\/wp-json\/wp\/v2\/product"}],"about":[{"href":"https:\/\/azurefilm.com\/sl\/wp-json\/wp\/v2\/types\/product"}],"replies":[{"embeddable":true,"href":"https:\/\/azurefilm.com\/sl\/wp-json\/wp\/v2\/comments?post=15221"}],"wp:featuredmedia":[{"embeddable":true,"href":"https:\/\/azurefilm.com\/sl\/wp-json\/wp\/v2\/media\/8251"}],"wp:attachment":[{"href":"https:\/\/azurefilm.com\/sl\/wp-json\/wp\/v2\/media?parent=15221"}],"wp:term":[{"taxonomy":"product_brand","embeddable":true,"href":"https:\/\/azurefilm.com\/sl\/wp-json\/wp\/v2\/product_brand?post=15221"},{"taxonomy":"product_cat","embeddable":true,"href":"https:\/\/azurefilm.com\/sl\/wp-json\/wp\/v2\/product_cat?post=15221"},{"taxonomy":"product_tag","embeddable":true,"href":"https:\/\/azurefilm.com\/sl\/wp-json\/wp\/v2\/product_tag?post=15221"},{"taxonomy":"brand","embeddable":true,"href":"https:\/\/azurefilm.com\/sl\/wp-json\/wp\/v2\/brand?post=15221"}],"curies":[{"name":"wp","href":"https:\/\/api.w.org\/{rel}","templated":true}]}}